{"id":986,"date":"2024-01-15T15:26:48","date_gmt":"2024-01-15T15:26:48","guid":{"rendered":"https:\/\/momajavea.testdcip.com\/?post_type=product&#038;p=986"},"modified":"2025-05-06T06:46:19","modified_gmt":"2025-05-06T06:46:19","slug":"lotion-p50-corps-250ml-biologique-recherche","status":"publish","type":"product","link":"https:\/\/momajavea.com\/en\/producto\/lotion-p50-corps-250ml-biologique-recherche\/","title":{"rendered":"Lotion P50 Corps 250ml- Biologique Recherche"},"content":{"rendered":"<p>Descripci\u00f3n<\/p>\n<p><strong>\u00bfQu\u00e9 es Lotion P50 Corps Biologique Recherche?<\/strong><\/p>\n<p>Lotion P50 Corps combina la concentraci\u00f3n de la f\u00f3rmula \u201cP50\u201d con una acci\u00f3n exfoliante intensa, adaptada al grosor espec\u00edfico de la epidermis corporal, as\u00ed como con principios activos tonificantes. Purifica la epidermis, sanea la piel reequilibr\u00e1ndola y preprar\u00e1ndola para recibir los tratamientos adaptados.<\/p>\n<p>Modo de uso<\/p>\n<p>Se utilizar\u00e1 sobre todo el cuerpo despu\u00e9s de la ducha, y una vez seco \u00e9ste, realizando suaves pulverizaciones sobre el mismo. Dejar secar unos segundos y a continuaci\u00f3n aplicar la crema habitual.<\/p>\n<p>La piel se conservar\u00e1 libre de impurezas, mas luminosa, el bronceado se mostrar\u00e1 mas uniforme y duradero, se evitar\u00e1 la acumulaci\u00f3n de melanina en ciertos lugares del cuerpo<\/p>\n<p>Composici\u00f3n<\/p>\n<p>Agentes purificantes y exfoliantes<\/p>\n<p>-Complejo de Poli-Alfa-Beta Hidroxi\u00e1cidos<br \/>\n-Extracto de Lim\u00f3n<br \/>\n-Extracto de Ortiga<\/p>\n<p>Agentes equilibrantes<\/p>\n<p>-Extracto de Bardana (equilibrante)<br \/>\n-Extracto de R\u00e1bano Blanco<\/p>\n<p>Agentes hidratantes<\/p>\n<p>-\u00c1cido L\u00e1ctico (AHA)<br \/>\n-Vitamina PP (Vitamina B3)<\/p>\n","protected":false},"excerpt":{"rendered":"<p>EXFOLIANTE \u2022 PURIFICANTE \u2022 TONIFICANTE<\/p>\n<p>Producto multifunci\u00f3n, esta loci\u00f3n est\u00e1 recomendada para todo tipo de pieles.<\/p>\n<p>Esta loci\u00f3n acompa\u00f1a a la piel en su proceso natural de eliminaci\u00f3n de las c\u00e9lulas muertas al tiempo que aporta activos regenerantes e hidratantes<\/p>\n","protected":false},"featured_media":987,"comment_status":"open","ping_status":"closed","template":"","meta":{"_joinchat":[]},"product_brand":[],"product_cat":[77,71,64,74,60],"product_tag":[],"class_list":{"0":"post-986","1":"product","2":"type-product","3":"status-publish","4":"has-post-thumbnail","6":"product_cat-biologique-recherche","7":"product_cat-corporal","8":"product_cat-exfoliantes","9":"product_cat-hidratantes","10":"product_cat-tonicos","12":"first","13":"outofstock","14":"shipping-taxable","15":"purchasable","16":"product-type-simple"},"_links":{"self":[{"href":"https:\/\/momajavea.com\/en\/wp-json\/wp\/v2\/product\/986","targetHints":{"allow":["GET"]}}],"collection":[{"href":"https:\/\/momajavea.com\/en\/wp-json\/wp\/v2\/product"}],"about":[{"href":"https:\/\/momajavea.com\/en\/wp-json\/wp\/v2\/types\/product"}],"replies":[{"embeddable":true,"href":"https:\/\/momajavea.com\/en\/wp-json\/wp\/v2\/comments?post=986"}],"wp:featuredmedia":[{"embeddable":true,"href":"https:\/\/momajavea.com\/en\/wp-json\/wp\/v2\/media\/987"}],"wp:attachment":[{"href":"https:\/\/momajavea.com\/en\/wp-json\/wp\/v2\/media?parent=986"}],"wp:term":[{"taxonomy":"product_brand","embeddable":true,"href":"https:\/\/momajavea.com\/en\/wp-json\/wp\/v2\/product_brand?post=986"},{"taxonomy":"product_cat","embeddable":true,"href":"https:\/\/momajavea.com\/en\/wp-json\/wp\/v2\/product_cat?post=986"},{"taxonomy":"product_tag","embeddable":true,"href":"https:\/\/momajavea.com\/en\/wp-json\/wp\/v2\/product_tag?post=986"}],"curies":[{"name":"wp","href":"https:\/\/api.w.org\/{rel}","templated":true}]}}