{"id":984,"date":"2024-01-15T15:26:45","date_gmt":"2024-01-15T15:26:45","guid":{"rendered":"https:\/\/momajavea.testdcip.com\/?post_type=product&#038;p=984"},"modified":"2024-09-05T15:36:52","modified_gmt":"2024-09-05T15:36:52","slug":"crema-liposculpt-ac-200ml-biologique-recherche","status":"publish","type":"product","link":"https:\/\/momajavea.com\/en\/producto\/crema-liposculpt-ac-200ml-biologique-recherche\/","title":{"rendered":"Crema Liposculpt AC 200ml &#8211; Biologique Recherche"},"content":{"rendered":"<p>Descripci\u00f3n<\/p>\n<p><strong>\u00bfQu\u00e9 es Liposculpt ACBiologique Recherche?<\/strong><\/p>\n<p>es un completo cuidado corporal que se adapta a todas las edades y en todas las etapas de la vida, siendo eficaz como preventivo y correctivo, en caso de adiposidad localizada o generalizada, retenci\u00f3n de l\u00edquidos y flacidez, asociada a los cambios hormonales (pubertad, embarazo, menopausia).<\/p>\n<p>Este producto es fundamental como agente de refuerzo durante la realizaci\u00f3n de dietas de adelgazamiento.<\/p>\n<p>Ideal en combinaci\u00f3n con el uso de anticonceptivos, terapia hormonal en la menopausia y tratamientos de fertilidad.<\/p>\n<p>Modo de uso<\/p>\n<p>Aplicar la crema ma\u00f1ana y noche sobre las zonas con sobrecargas adiposas y celulitis. A continuaci\u00f3n, potenciar con el\u00a0guante corporal\u00a0(punto fino) en sentido ascendente.<\/p>\n<p>Composici\u00f3n<\/p>\n<p>Agentes lipol\u00edticos<\/p>\n<p>-Alga Roja de Canad\u00e1 (Palmaria Palmata)<br \/>\n-Extracto de Alga Coralina<\/p>\n<p>Agentes drenantes<\/p>\n<p>-Cafe\u00edna Vectorizada<br \/>\n-Complejo de Achicoria y Levan<\/p>\n<p>Agentes reafirmantes<\/p>\n<p>-Extracto Planct\u00f3nico de las Bermudas<br \/>\n-Microalga del desierto de Sahel<\/p>\n","protected":false},"excerpt":{"rendered":"<p>Crema triple acci\u00f3n para un cuidado intensivo: Adelgazante, remodelante y tonificante, afina la silueta, logrando una aut\u00e9ntica lipoescultura sin cirug\u00eda.<\/p>\n<p>&nbsp;<\/p>\n<p>Especialmente recomendada para la reducci\u00f3n de volumen y remodelaci\u00f3n de la silueta.<\/p>\n<ul>\n<li>Reduce los dep\u00f3sitos de grasa localizada<\/li>\n<li>Elimina el aspecto acolchado de la celulitis<\/li>\n<li>Estimula el drenaje, elimina l\u00edquidos y toxinas retenidas<\/li>\n<li>Tonifica y reafirma los tejidos<\/li>\n<li>Afina la silueta<\/li>\n<\/ul>\n","protected":false},"featured_media":985,"comment_status":"open","ping_status":"closed","template":"","meta":{"_joinchat":[]},"product_brand":[],"product_cat":[77,71,74,72],"product_tag":[],"class_list":{"0":"post-984","1":"product","2":"type-product","3":"status-publish","4":"has-post-thumbnail","6":"product_cat-biologique-recherche","7":"product_cat-corporal","8":"product_cat-hidratantes","9":"product_cat-reductor","11":"first","12":"outofstock","13":"shipping-taxable","14":"purchasable","15":"product-type-simple"},"_links":{"self":[{"href":"https:\/\/momajavea.com\/en\/wp-json\/wp\/v2\/product\/984","targetHints":{"allow":["GET"]}}],"collection":[{"href":"https:\/\/momajavea.com\/en\/wp-json\/wp\/v2\/product"}],"about":[{"href":"https:\/\/momajavea.com\/en\/wp-json\/wp\/v2\/types\/product"}],"replies":[{"embeddable":true,"href":"https:\/\/momajavea.com\/en\/wp-json\/wp\/v2\/comments?post=984"}],"wp:featuredmedia":[{"embeddable":true,"href":"https:\/\/momajavea.com\/en\/wp-json\/wp\/v2\/media\/985"}],"wp:attachment":[{"href":"https:\/\/momajavea.com\/en\/wp-json\/wp\/v2\/media?parent=984"}],"wp:term":[{"taxonomy":"product_brand","embeddable":true,"href":"https:\/\/momajavea.com\/en\/wp-json\/wp\/v2\/product_brand?post=984"},{"taxonomy":"product_cat","embeddable":true,"href":"https:\/\/momajavea.com\/en\/wp-json\/wp\/v2\/product_cat?post=984"},{"taxonomy":"product_tag","embeddable":true,"href":"https:\/\/momajavea.com\/en\/wp-json\/wp\/v2\/product_tag?post=984"}],"curies":[{"name":"wp","href":"https:\/\/api.w.org\/{rel}","templated":true}]}}