{"id":980,"date":"2024-01-15T15:26:43","date_gmt":"2024-01-15T15:26:43","guid":{"rendered":"https:\/\/momajavea.testdcip.com\/?post_type=product&#038;p=980"},"modified":"2024-09-05T15:37:18","modified_gmt":"2024-09-05T15:37:18","slug":"creme-b-stria-200ml-biologique-recherche","status":"publish","type":"product","link":"https:\/\/momajavea.com\/en\/producto\/creme-b-stria-200ml-biologique-recherche\/","title":{"rendered":"Cr\u00e8me B-Stria 200ml &#8211; Biologique Recherche"},"content":{"rendered":"<p>Descripci\u00f3n<\/p>\n<p><strong>\u00bfQu\u00e9 es\u00a0Cr\u00e8me B-StriaBiologique Recherche?<\/strong><\/p>\n<p>F\u00f3rmula renovadora, recomendada para la eliminaci\u00f3n de las\u00a0estr\u00edas blancas, en todo tipo de pieles.<\/p>\n<ul>\n<li>Acelera el proceso de renovaci\u00f3n epid\u00e9rmica.<\/li>\n<li>Estimula la s\u00edntesis de la matriz d\u00e9rmica.<\/li>\n<li>Reduce el aspecto de las estr\u00edas blancas.<\/li>\n<li>Estimula la reparaci\u00f3n y la cicatrizaci\u00f3n epid\u00e9rmica.<\/li>\n<\/ul>\n<p>Modo de uso<\/p>\n<p>Aplicar ma\u00f1ana y noche en las zonas de tratamiento (pecho, vientre, cintura, caderas, muslos y gl\u00fateos). Masajear efectuando movimientos de alisado ascendentes.<\/p>\n<p>Composici\u00f3n<\/p>\n<p>Agente de reconstituci\u00f3n d\u00e9rmica<\/p>\n<p>-Bip\u00e9ptido Biomim\u00e9tico<\/p>\n<p>Agente activador de la s\u00edntesis de fibras d\u00e9rmicas<\/p>\n<p>-P\u00e9ptido Biotecnol\u00f3gico (derivado del factor de crecimiento del hepatocito)<\/p>\n<p>Agente reparador y reafirmante<\/p>\n<p>-Bip\u00e9ptido Biomim\u00e9tico<\/p>\n<p>Agentes de renovaci\u00f3n epid\u00e9rmica<\/p>\n<p>-\u00c1cido Salic\u00edlico<br \/>\n-Extracto de Cardo Mariano<\/p>\n","protected":false},"excerpt":{"rendered":"<p>&nbsp;<\/p>\n<p>REGENERANTE \u2022 REAFIRMANTE \u2022 TONIFICANTE<\/p>\n<p>Reduce la apariencia de las estr\u00edas blancas. Gracias a un c\u00f3ctel de principios activos tonificantes, acelera la renovaci\u00f3n cut\u00e1nea y estimula la s\u00edntesis y la reorganizaci\u00f3n de las fibras d\u00e9rmicas. Este tratamiento untuoso tonifica y reafirma las zonas distendidas.<\/p>\n","protected":false},"featured_media":981,"comment_status":"open","ping_status":"closed","template":"","meta":{"_joinchat":[]},"product_brand":[],"product_cat":[77],"product_tag":[],"class_list":{"0":"post-980","1":"product","2":"type-product","3":"status-publish","4":"has-post-thumbnail","6":"product_cat-biologique-recherche","8":"first","9":"outofstock","10":"shipping-taxable","11":"purchasable","12":"product-type-simple"},"_links":{"self":[{"href":"https:\/\/momajavea.com\/en\/wp-json\/wp\/v2\/product\/980","targetHints":{"allow":["GET"]}}],"collection":[{"href":"https:\/\/momajavea.com\/en\/wp-json\/wp\/v2\/product"}],"about":[{"href":"https:\/\/momajavea.com\/en\/wp-json\/wp\/v2\/types\/product"}],"replies":[{"embeddable":true,"href":"https:\/\/momajavea.com\/en\/wp-json\/wp\/v2\/comments?post=980"}],"wp:featuredmedia":[{"embeddable":true,"href":"https:\/\/momajavea.com\/en\/wp-json\/wp\/v2\/media\/981"}],"wp:attachment":[{"href":"https:\/\/momajavea.com\/en\/wp-json\/wp\/v2\/media?parent=980"}],"wp:term":[{"taxonomy":"product_brand","embeddable":true,"href":"https:\/\/momajavea.com\/en\/wp-json\/wp\/v2\/product_brand?post=980"},{"taxonomy":"product_cat","embeddable":true,"href":"https:\/\/momajavea.com\/en\/wp-json\/wp\/v2\/product_cat?post=980"},{"taxonomy":"product_tag","embeddable":true,"href":"https:\/\/momajavea.com\/en\/wp-json\/wp\/v2\/product_tag?post=980"}],"curies":[{"name":"wp","href":"https:\/\/api.w.org\/{rel}","templated":true}]}}