{"id":978,"date":"2024-01-15T15:26:43","date_gmt":"2024-01-15T15:26:43","guid":{"rendered":"https:\/\/momajavea.testdcip.com\/?post_type=product&#038;p=978"},"modified":"2025-05-26T15:41:45","modified_gmt":"2025-05-26T15:41:45","slug":"aceite-corporal-preventivo-anti-estrias-150ml-alqvimia","status":"publish","type":"product","link":"https:\/\/momajavea.com\/en\/producto\/aceite-corporal-preventivo-anti-estrias-150ml-alqvimia\/","title":{"rendered":"Aceite Corporal Preventivo Anti-Estr\u00edas 150ml Alqvimia"},"content":{"rendered":"<p>Descripci\u00f3n<\/p>\n<p>El Aceite Corporal Anti-Estr\u00edas tiene unos efectos sublimes para las zonas desvitalizadas y deshidratadas del cuerpo, dejando la piel tersa, suave y nutrida. Recobraras la firmeza de la piel y combatir\u00e1s las estr\u00edas.<\/p>\n<p>El Aceite Corporal Preventivo Anti-Estr\u00edas est\u00e1 elaborado a base de las m\u00e1s puras materias primas de origen natural. El Aceite de Almendras proporciona elasticidad a la piel, el Aceite de Avellanas reafirma e hidrata los tejidos y completan la f\u00f3rmula los Aceites de Rosa Mosqueta y Germen de Trigo cuyas propiedades regeneradoras y nutritivas, antioxidantes y antiarrugas, respectivamente, favorecen la recuperaci\u00f3n y el mantenimiento de las funciones cut\u00e1neas.<\/p>\n<p>El Aceite Corporal Preventivo Anti-Estr\u00edas puede usarse durante todo el embarazo para aportar la hidrataci\u00f3n que se pierde por los cambios hormonales que se producen en esos meses y prevenir la aparici\u00f3n de estr\u00edas. Tambi\u00e9n recomendamos el uso del Aceite Corporal Preventivo Anti-Estr\u00edas para la hidrataci\u00f3n de pieles secas y agrietadas.<\/p>\n<p>Modo de uso<\/p>\n<p>Aplicar el Aceite Corporal Preventivo Anti-Estr\u00edas con un suave masaje ascendente por todo el cuerpo, e incidiendo especialmente con movimientos circulares en las zonas de inter\u00e9s, con la piel limpia y ligeramente humedecida despu\u00e9s del ba\u00f1o o ducha.<\/p>\n<p>Conservar en lugar fresco y seco protegido de la luz directa.Posibles cambios de color y olor son normales debido a los componentes naturales del producto y no afectan en absoluto a su calidad.<\/p>\n","protected":false},"excerpt":{"rendered":"<p>El Aceite Antiestr\u00edas previene la aparici\u00f3n y desarrollo de estr\u00edas durante el embarazo, post-parto, dietas o adolescencia.<\/p>\n","protected":false},"featured_media":979,"comment_status":"open","ping_status":"closed","template":"","meta":{"_joinchat":[]},"product_brand":[],"product_cat":[57,70,71,74],"product_tag":[],"class_list":{"0":"post-978","1":"product","2":"type-product","3":"status-publish","4":"has-post-thumbnail","6":"product_cat-aceites","7":"product_cat-alqvimia","8":"product_cat-corporal","9":"product_cat-hidratantes","11":"first","12":"instock","13":"shipping-taxable","14":"purchasable","15":"product-type-simple"},"_links":{"self":[{"href":"https:\/\/momajavea.com\/en\/wp-json\/wp\/v2\/product\/978","targetHints":{"allow":["GET"]}}],"collection":[{"href":"https:\/\/momajavea.com\/en\/wp-json\/wp\/v2\/product"}],"about":[{"href":"https:\/\/momajavea.com\/en\/wp-json\/wp\/v2\/types\/product"}],"replies":[{"embeddable":true,"href":"https:\/\/momajavea.com\/en\/wp-json\/wp\/v2\/comments?post=978"}],"wp:featuredmedia":[{"embeddable":true,"href":"https:\/\/momajavea.com\/en\/wp-json\/wp\/v2\/media\/979"}],"wp:attachment":[{"href":"https:\/\/momajavea.com\/en\/wp-json\/wp\/v2\/media?parent=978"}],"wp:term":[{"taxonomy":"product_brand","embeddable":true,"href":"https:\/\/momajavea.com\/en\/wp-json\/wp\/v2\/product_brand?post=978"},{"taxonomy":"product_cat","embeddable":true,"href":"https:\/\/momajavea.com\/en\/wp-json\/wp\/v2\/product_cat?post=978"},{"taxonomy":"product_tag","embeddable":true,"href":"https:\/\/momajavea.com\/en\/wp-json\/wp\/v2\/product_tag?post=978"}],"curies":[{"name":"wp","href":"https:\/\/api.w.org\/{rel}","templated":true}]}}