{"id":976,"date":"2024-01-15T15:26:42","date_gmt":"2024-01-15T15:26:42","guid":{"rendered":"https:\/\/momajavea.testdcip.com\/?post_type=product&#038;p=976"},"modified":"2024-08-16T14:31:52","modified_gmt":"2024-08-16T14:31:52","slug":"aceite-corporal-anticelulitico-150ml-alqvimia","status":"publish","type":"product","link":"https:\/\/momajavea.com\/en\/producto\/aceite-corporal-anticelulitico-150ml-alqvimia\/","title":{"rendered":"Aceite Corporal Anticelul\u00edtico 150ml &#8211; Alqvimia"},"content":{"rendered":"<p>Descripci\u00f3n<\/p>\n<p>El Aceite Corporal Anticelul\u00edtico est\u00e1 elaborado a partir de las m\u00e1s puras materias primas de origen natural. Su funci\u00f3n es prevenir y reducir el aspecto de piel de naranja en las zonas con exceso de adiposidad localizada. Es ideal para muslos, caderas y gl\u00fateos.<\/p>\n<p>El Aceite Corporal Anticelul\u00edtico tiene como base el Aceite de Almendras, que proporciona elasticidad y tersura a la piel con una acci\u00f3n altamente hidratante. Completa la f\u00f3rmula una sinergia de Aceites Esenciales a base de Lim\u00f3n, Enebro, Cipr\u00e9s y Romero que act\u00faan dispersando las acumulaciones de grasas y fluidos con un efecto lipol\u00edtico en la zona de aplicaci\u00f3n.<br \/>\nGracias a su untuosa textura nutre en profundidad, aumentando a la vez, la suavidad y belleza de la piel.<\/p>\n<p>Modo de uso<\/p>\n<p>Aplicar por las noches, con un masaje en\u00e9rgico con movimientos circulares ascendentes en la zona que se desee combatir la celulitis.<br \/>\nRecomendamos preparar la piel de la siguiente forma: 1. tomar una ducha con el Gel de Ba\u00f1o y Ducha Body Sculptor, 2. Friccionar la piel previamente con uno de nuestros t\u00f3nicos corporales Alcohol de Romero o Agua Reina de Hungr\u00eda para favorecer la completa absorci\u00f3n del producto.<\/p>\n<p>Para un tratamiento perfecto recomendamos utilizar la emulsi\u00f3n Body Elixir Anticelul\u00edtico por la ma\u00f1ana y el Aceite Corporal Anticelul\u00edtico por la noche.<\/p>\n","protected":false},"excerpt":{"rendered":"<p>El Aceite corporal que previene y reduce el aspecto de piel de naranja.<\/p>\n","protected":false},"featured_media":977,"comment_status":"open","ping_status":"closed","template":"","meta":{"_joinchat":[]},"product_brand":[],"product_cat":[57,70,71,74],"product_tag":[],"class_list":{"0":"post-976","1":"product","2":"type-product","3":"status-publish","4":"has-post-thumbnail","6":"product_cat-aceites","7":"product_cat-alqvimia","8":"product_cat-corporal","9":"product_cat-hidratantes","11":"first","12":"instock","13":"shipping-taxable","14":"purchasable","15":"product-type-simple"},"_links":{"self":[{"href":"https:\/\/momajavea.com\/en\/wp-json\/wp\/v2\/product\/976","targetHints":{"allow":["GET"]}}],"collection":[{"href":"https:\/\/momajavea.com\/en\/wp-json\/wp\/v2\/product"}],"about":[{"href":"https:\/\/momajavea.com\/en\/wp-json\/wp\/v2\/types\/product"}],"replies":[{"embeddable":true,"href":"https:\/\/momajavea.com\/en\/wp-json\/wp\/v2\/comments?post=976"}],"wp:featuredmedia":[{"embeddable":true,"href":"https:\/\/momajavea.com\/en\/wp-json\/wp\/v2\/media\/977"}],"wp:attachment":[{"href":"https:\/\/momajavea.com\/en\/wp-json\/wp\/v2\/media?parent=976"}],"wp:term":[{"taxonomy":"product_brand","embeddable":true,"href":"https:\/\/momajavea.com\/en\/wp-json\/wp\/v2\/product_brand?post=976"},{"taxonomy":"product_cat","embeddable":true,"href":"https:\/\/momajavea.com\/en\/wp-json\/wp\/v2\/product_cat?post=976"},{"taxonomy":"product_tag","embeddable":true,"href":"https:\/\/momajavea.com\/en\/wp-json\/wp\/v2\/product_tag?post=976"}],"curies":[{"name":"wp","href":"https:\/\/api.w.org\/{rel}","templated":true}]}}