{"id":974,"date":"2024-01-15T15:26:42","date_gmt":"2024-01-15T15:26:42","guid":{"rendered":"https:\/\/momajavea.testdcip.com\/?post_type=product&#038;p=974"},"modified":"2024-08-16T14:32:33","modified_gmt":"2024-08-16T14:32:33","slug":"aceite-corporal-body-sculptor-150ml-alqvimia","status":"publish","type":"product","link":"https:\/\/momajavea.com\/en\/producto\/aceite-corporal-body-sculptor-150ml-alqvimia\/","title":{"rendered":"Aceite Corporal Body Sculptor 150ml &#8211; Alqvimia"},"content":{"rendered":"<p>Descripci\u00f3n <\/p>\n<p>Body Sculptor es el Aceite corporal que moldea el cuerpo, esculpe la silueta de forma natural y eficaz y proporciona un efecto reafirmante y tensor. Indicado para personas que quieren reducir grasa en zonas localizadas y modelar la silueta. Body<\/p>\n<p>Sculptor es tambi\u00e9n un complemento perfecto del tratamiento reductor de Alqvimia, con una funci\u00f3n reductora del volumen general. Los Aceites Vegetales de Almendras, Avellanas y Germen de Trigo que contiene el Aceite Corporal Body Sculptor son hidratantes, reafirmantes y con un gran poder antioxidante.<\/p>\n<p>\u2022 Reducci\u00f3n de hasta 2,9 cm en la zona del abdomen<br \/>\n\u2022 Reducci\u00f3n de hasta 2,4 cm en muslos<\/p>\n<p> Modo de uso <\/p>\n<p>El Aceite Corporal Body Sculptor se puede utilizar tanto por la ma\u00f1ana como por la noche despu\u00e9s del ba\u00f1o o la ducha con la piel ligeramente humedecida. Recomendamos preparar la piel de la siguiente forma:<br \/>\n1. Tomar una ducha con el Gel de Ba\u00f1o y Ducha Body Sculptor.<br \/>\n2. Friccionar la piel con uno de nuestros t\u00f3nicos corporales Alcohol de Romero o Agua Reina de Hungr\u00eda para favorecer la completa absorci\u00f3n del producto.<br \/>\n3. Aplicar el Aceite Corporal Body Sculptor mediante un masaje ascendente con movimientos circulares.<\/p>\n","protected":false},"excerpt":{"rendered":"<p>Ayuda a moldear tu silueta eliminando la grasa localizada de forma natural y eficaz con una acci\u00f3n liporeductora y reestructurante.<\/p>\n","protected":false},"featured_media":975,"comment_status":"open","ping_status":"closed","template":"","meta":{"_joinchat":[]},"product_brand":[],"product_cat":[57,70,74],"product_tag":[],"class_list":{"0":"post-974","1":"product","2":"type-product","3":"status-publish","4":"has-post-thumbnail","6":"product_cat-aceites","7":"product_cat-alqvimia","8":"product_cat-hidratantes","10":"first","11":"instock","12":"shipping-taxable","13":"purchasable","14":"product-type-simple"},"_links":{"self":[{"href":"https:\/\/momajavea.com\/en\/wp-json\/wp\/v2\/product\/974","targetHints":{"allow":["GET"]}}],"collection":[{"href":"https:\/\/momajavea.com\/en\/wp-json\/wp\/v2\/product"}],"about":[{"href":"https:\/\/momajavea.com\/en\/wp-json\/wp\/v2\/types\/product"}],"replies":[{"embeddable":true,"href":"https:\/\/momajavea.com\/en\/wp-json\/wp\/v2\/comments?post=974"}],"wp:featuredmedia":[{"embeddable":true,"href":"https:\/\/momajavea.com\/en\/wp-json\/wp\/v2\/media\/975"}],"wp:attachment":[{"href":"https:\/\/momajavea.com\/en\/wp-json\/wp\/v2\/media?parent=974"}],"wp:term":[{"taxonomy":"product_brand","embeddable":true,"href":"https:\/\/momajavea.com\/en\/wp-json\/wp\/v2\/product_brand?post=974"},{"taxonomy":"product_cat","embeddable":true,"href":"https:\/\/momajavea.com\/en\/wp-json\/wp\/v2\/product_cat?post=974"},{"taxonomy":"product_tag","embeddable":true,"href":"https:\/\/momajavea.com\/en\/wp-json\/wp\/v2\/product_tag?post=974"}],"curies":[{"name":"wp","href":"https:\/\/api.w.org\/{rel}","templated":true}]}}