{"id":972,"date":"2024-01-15T15:26:41","date_gmt":"2024-01-15T15:26:41","guid":{"rendered":"https:\/\/momajavea.testdcip.com\/?post_type=product&#038;p=972"},"modified":"2024-01-15T18:05:49","modified_gmt":"2024-01-15T18:05:49","slug":"aceite-corporal-anti-stress-150ml-alqvimia","status":"publish","type":"product","link":"https:\/\/momajavea.com\/en\/producto\/aceite-corporal-anti-stress-150ml-alqvimia\/","title":{"rendered":"Aceite Corporal Anti-Stress 150ml- Alqvimia"},"content":{"rendered":"<p>Descripci\u00f3n <\/p>\n<p>Alqvimia une los Aceites Vegetales m\u00e1s nobles y de la m\u00e1s alta calidad con la eficacia de los Aceites Esenciales m\u00e1s puros y presenta el Aceite Corporal Anti-Stress. Un aceite corporal de agradable fragancia que proporciona una sensaci\u00f3n inmediata de bienestar general.<\/p>\n<p>Como principios activos destaca una sinergia de aceites esenciales de Naranja, Lim\u00f3n, Petitgrain, Pomelo, Mejorana y Lavand\u00edn con un embriagador aroma natural que favorece la sensaci\u00f3n de relajaci\u00f3n y bienestar general. Recomendado especialmente cuando la causa del estr\u00e9s es la fatiga f\u00edsica y mental.<\/p>\n<p> Modo de uso <\/p>\n<p>El el Aceite Corporal Anti-Stress se debe aplicar con suave masaje ascendente por todo el cuerpo, con la piel limpia y ligeramente humedecida despu\u00e9s del ba\u00f1o o ducha. Recomendamos friccionar la piel previamente con uno de nuestros t\u00f3nicos corporales Alcohol de Romero o Agua Reina de Hungr\u00eda para favorecer la completa absorci\u00f3n del producto.<\/p>\n","protected":false},"excerpt":{"rendered":"<p>Aceite corporal anti-stress con propiedades relajantes y desestresantes. Tras un per\u00edodo intenso de actividad y tensi\u00f3n, el cuerpo necesita relajarse y descansar. Para eso hemos creado una potente sinergia entre los aceites vegetales m\u00e1s nobles y de la m\u00e1s alta calidad con la eficacia de los aceites esenciales m\u00e1s puros.<\/p>\n","protected":false},"featured_media":973,"comment_status":"open","ping_status":"closed","template":"","meta":{"_joinchat":[]},"product_brand":[],"product_cat":[57,70,71,74],"product_tag":[],"class_list":{"0":"post-972","1":"product","2":"type-product","3":"status-publish","4":"has-post-thumbnail","6":"product_cat-aceites","7":"product_cat-alqvimia","8":"product_cat-corporal","9":"product_cat-hidratantes","11":"first","12":"instock","13":"shipping-taxable","14":"purchasable","15":"product-type-simple"},"_links":{"self":[{"href":"https:\/\/momajavea.com\/en\/wp-json\/wp\/v2\/product\/972","targetHints":{"allow":["GET"]}}],"collection":[{"href":"https:\/\/momajavea.com\/en\/wp-json\/wp\/v2\/product"}],"about":[{"href":"https:\/\/momajavea.com\/en\/wp-json\/wp\/v2\/types\/product"}],"replies":[{"embeddable":true,"href":"https:\/\/momajavea.com\/en\/wp-json\/wp\/v2\/comments?post=972"}],"wp:featuredmedia":[{"embeddable":true,"href":"https:\/\/momajavea.com\/en\/wp-json\/wp\/v2\/media\/973"}],"wp:attachment":[{"href":"https:\/\/momajavea.com\/en\/wp-json\/wp\/v2\/media?parent=972"}],"wp:term":[{"taxonomy":"product_brand","embeddable":true,"href":"https:\/\/momajavea.com\/en\/wp-json\/wp\/v2\/product_brand?post=972"},{"taxonomy":"product_cat","embeddable":true,"href":"https:\/\/momajavea.com\/en\/wp-json\/wp\/v2\/product_cat?post=972"},{"taxonomy":"product_tag","embeddable":true,"href":"https:\/\/momajavea.com\/en\/wp-json\/wp\/v2\/product_tag?post=972"}],"curies":[{"name":"wp","href":"https:\/\/api.w.org\/{rel}","templated":true}]}}