{"id":970,"date":"2024-01-15T15:26:41","date_gmt":"2024-01-15T15:26:41","guid":{"rendered":"https:\/\/momajavea.testdcip.com\/?post_type=product&#038;p=970"},"modified":"2024-08-16T14:33:00","modified_gmt":"2024-08-16T14:33:00","slug":"aceite-corporal-reina-de-egipto-150-ml-alqvimia","status":"publish","type":"product","link":"https:\/\/momajavea.com\/en\/producto\/aceite-corporal-reina-de-egipto-150-ml-alqvimia\/","title":{"rendered":"Aceite Corporal Reina de Egipto 150 ml- Alqvimia"},"content":{"rendered":"<p>Descripci\u00f3n <\/p>\n<p>AInspirado en las unciones de belleza de las antiguas reinas de Egipto, este ex\u00f3tico aceite, a base de los b\u00e1lsamos de incienso y mirra con un gran poder embellecedor, mantiene la piel joven y radiante aportando una intensa sensaci\u00f3n de feminidad y encanto. Su exquisito perfume, gracias a las propiedades de la aromaterapia, aporta en ti una penetrante sensaci\u00f3n de seguridad, aumentando la autoestima y transport\u00e1ndote m\u00e1s all\u00e1 de los sentidos.<\/p>\n<p> Modo de uso <\/p>\n<p>Aplicar en suave masaje por todo el cuerpo despu\u00e9s del ba\u00f1o\/ducha. Friccionar la piel previamente con Alcohol de Romero o Agua Reina de Hungr\u00eda.<\/p>\n","protected":false},"excerpt":{"rendered":"<p>El Aceite Corporal Reina de Egipto nutre, reafirma y perfuma tu piel con una dulce y ex\u00f3tica fragancia, aportando autoestima.<\/p>\n","protected":false},"featured_media":971,"comment_status":"open","ping_status":"closed","template":"","meta":{"_joinchat":[]},"product_brand":[],"product_cat":[57,70,71,74],"product_tag":[],"class_list":{"0":"post-970","1":"product","2":"type-product","3":"status-publish","4":"has-post-thumbnail","6":"product_cat-aceites","7":"product_cat-alqvimia","8":"product_cat-corporal","9":"product_cat-hidratantes","11":"first","12":"instock","13":"shipping-taxable","14":"purchasable","15":"product-type-simple"},"_links":{"self":[{"href":"https:\/\/momajavea.com\/en\/wp-json\/wp\/v2\/product\/970","targetHints":{"allow":["GET"]}}],"collection":[{"href":"https:\/\/momajavea.com\/en\/wp-json\/wp\/v2\/product"}],"about":[{"href":"https:\/\/momajavea.com\/en\/wp-json\/wp\/v2\/types\/product"}],"replies":[{"embeddable":true,"href":"https:\/\/momajavea.com\/en\/wp-json\/wp\/v2\/comments?post=970"}],"wp:featuredmedia":[{"embeddable":true,"href":"https:\/\/momajavea.com\/en\/wp-json\/wp\/v2\/media\/971"}],"wp:attachment":[{"href":"https:\/\/momajavea.com\/en\/wp-json\/wp\/v2\/media?parent=970"}],"wp:term":[{"taxonomy":"product_brand","embeddable":true,"href":"https:\/\/momajavea.com\/en\/wp-json\/wp\/v2\/product_brand?post=970"},{"taxonomy":"product_cat","embeddable":true,"href":"https:\/\/momajavea.com\/en\/wp-json\/wp\/v2\/product_cat?post=970"},{"taxonomy":"product_tag","embeddable":true,"href":"https:\/\/momajavea.com\/en\/wp-json\/wp\/v2\/product_tag?post=970"}],"curies":[{"name":"wp","href":"https:\/\/api.w.org\/{rel}","templated":true}]}}