{"id":968,"date":"2024-01-15T15:26:40","date_gmt":"2024-01-15T15:26:40","guid":{"rendered":"https:\/\/momajavea.testdcip.com\/?post_type=product&#038;p=968"},"modified":"2024-08-16T14:36:22","modified_gmt":"2024-08-16T14:36:22","slug":"aceite-corporal-reductor-150ml-alqvimia","status":"publish","type":"product","link":"https:\/\/momajavea.com\/en\/producto\/aceite-corporal-reductor-150ml-alqvimia\/","title":{"rendered":"Aceite Corporal Reductor 150ml- Alqvimia"},"content":{"rendered":"<p>Descripci\u00f3n <\/p>\n<p>La retenci\u00f3n de l\u00edquidos es una de las mayores causas de aumento del volumen de la silueta. En la sabia combinaci\u00f3n de los activos del Aceite corporal Reductor se encuentra la soluci\u00f3n a esa acumulaci\u00f3n que sienten muchas mujeres.<br \/>\nEl Aceite Corporal Reductor tiene como base el Aceite de Almendras, que proporciona elasticidad y tersura a los tejidos con una acci\u00f3n altamente hidratante a nivel epid\u00e9rmico. Completa la f\u00f3rmula una sinergia de Aceites Esenciales a base de Lim\u00f3n, Enebro, Cipr\u00e9s, Geranio, Cedro y Menta cuyas propiedades reductoras y lipol\u00edticas se potencian en el producto.<br \/>\nEl Aceite Corporal Reductor es el tratamiento adecuado para quienes quieren perder volumen en el conjunto de su silueta. Trabaja en conjunto con la gama Body Sculptor por su acci\u00f3n depurativa.<\/p>\n<p> Modo de uso <\/p>\n<p>Aplicar en suave masaje por todo el cuerpo despu\u00e9s del ba\u00f1o\/ducha.&nbsp;<\/p>\n","protected":false},"excerpt":{"rendered":"<p>&nbsp;<\/p>\n<p>Reduce volumen con el Aceite Corporal Reductor. Elimina toxinas y tonifica tu cuerpo gracias a su efecto drenante.<\/p>\n","protected":false},"featured_media":969,"comment_status":"open","ping_status":"closed","template":"","meta":{"_joinchat":[]},"product_brand":[],"product_cat":[57,70,71,74],"product_tag":[],"class_list":{"0":"post-968","1":"product","2":"type-product","3":"status-publish","4":"has-post-thumbnail","6":"product_cat-aceites","7":"product_cat-alqvimia","8":"product_cat-corporal","9":"product_cat-hidratantes","11":"first","12":"instock","13":"shipping-taxable","14":"purchasable","15":"product-type-simple"},"_links":{"self":[{"href":"https:\/\/momajavea.com\/en\/wp-json\/wp\/v2\/product\/968","targetHints":{"allow":["GET"]}}],"collection":[{"href":"https:\/\/momajavea.com\/en\/wp-json\/wp\/v2\/product"}],"about":[{"href":"https:\/\/momajavea.com\/en\/wp-json\/wp\/v2\/types\/product"}],"replies":[{"embeddable":true,"href":"https:\/\/momajavea.com\/en\/wp-json\/wp\/v2\/comments?post=968"}],"wp:featuredmedia":[{"embeddable":true,"href":"https:\/\/momajavea.com\/en\/wp-json\/wp\/v2\/media\/969"}],"wp:attachment":[{"href":"https:\/\/momajavea.com\/en\/wp-json\/wp\/v2\/media?parent=968"}],"wp:term":[{"taxonomy":"product_brand","embeddable":true,"href":"https:\/\/momajavea.com\/en\/wp-json\/wp\/v2\/product_brand?post=968"},{"taxonomy":"product_cat","embeddable":true,"href":"https:\/\/momajavea.com\/en\/wp-json\/wp\/v2\/product_cat?post=968"},{"taxonomy":"product_tag","embeddable":true,"href":"https:\/\/momajavea.com\/en\/wp-json\/wp\/v2\/product_tag?post=968"}],"curies":[{"name":"wp","href":"https:\/\/api.w.org\/{rel}","templated":true}]}}