{"id":966,"date":"2024-01-15T15:26:40","date_gmt":"2024-01-15T15:26:40","guid":{"rendered":"https:\/\/momajavea.testdcip.com\/?post_type=product&#038;p=966"},"modified":"2025-01-13T09:48:24","modified_gmt":"2025-01-13T09:48:24","slug":"serum-facial-regenerador-contorno-de-ojos-15-ml-alqvimia","status":"publish","type":"product","link":"https:\/\/momajavea.com\/en\/producto\/serum-facial-regenerador-contorno-de-ojos-15-ml-alqvimia\/","title":{"rendered":"S\u00e9rum Facial Regenerador Contorno de Ojos 15 ml- Alqvimia"},"content":{"rendered":"<p>Descripci\u00f3n <\/p>\n<p>La delicada zona del contorno ocular requiere de un cuidado especial. El S\u00e9rum Regenerador Contorno de Ojos, gracias a los Aceites Esenciales que lo componen como el de Lim\u00f3n, Naranja, Palo de Rosa, Incienso, Mirra y Patchouli, aporta hidrataci\u00f3n, adem\u00e1s de proteger y regenerar tu piel. Esta acci\u00f3n se complementa con los Aceites Vegetales de Germen de Trigo, Hip\u00e9rico, Almendras y Rosa Mosqueta que aportan propiedades antioxidantes y nutritivas.<\/p>\n<p>El S\u00e9rum Regenerador de Noche Contorno de ojos Eye Contour favorece la regeneraci\u00f3n, la hidrataci\u00f3n y la recuperaci\u00f3n de la elasticidad en la zona del contorno ocular, reduciendo las bolsas y las ojeras. Minimiza las patas de gallo, los signos del paso del tiempo y otras imperfecciones cut\u00e1neas.<\/p>\n<p> Modo de uso <\/p>\n<p>Aplicar la cantidad necesaria del producto con la ayuda del gotero en la palma de la mano, atemperarlo friccionando con ambas manos para favorecer su penetraci\u00f3n y aplicar cada noche sobre las zonas a tratar, con la piel limpia y tonificada, con un suave masaje en el rostro, cuello y escote. Completar el tratamiento por la ma\u00f1ana con la Crema Hidratante de D\u00eda Contorno de Ojos EYE CONTOUR y con la crema ESSENTIALLY BEAUTIFUL m\u00e1s adecuada seg\u00fan tu tipo de piel.<\/p>\n","protected":false},"excerpt":{"rendered":"<p>El S\u00e9rum facial regenerador contorno de ojos favorece la regeneraci\u00f3n, la hidrataci\u00f3n y la recuperaci\u00f3n de la elasticidad de la zona del contorno ocular. Combate el envejecimiento prematuro, reduciendo las patas de gallo y las l\u00edneas de expresi\u00f3n<\/p>\n","protected":false},"featured_media":967,"comment_status":"open","ping_status":"closed","template":"","meta":{"_joinchat":[]},"product_brand":[],"product_cat":[57,70,59,56],"product_tag":[],"class_list":{"0":"post-966","1":"product","2":"type-product","3":"status-publish","4":"has-post-thumbnail","6":"product_cat-aceites","7":"product_cat-alqvimia","8":"product_cat-facial","9":"product_cat-serums","11":"first","12":"instock","13":"shipping-taxable","14":"purchasable","15":"product-type-simple"},"_links":{"self":[{"href":"https:\/\/momajavea.com\/en\/wp-json\/wp\/v2\/product\/966","targetHints":{"allow":["GET"]}}],"collection":[{"href":"https:\/\/momajavea.com\/en\/wp-json\/wp\/v2\/product"}],"about":[{"href":"https:\/\/momajavea.com\/en\/wp-json\/wp\/v2\/types\/product"}],"replies":[{"embeddable":true,"href":"https:\/\/momajavea.com\/en\/wp-json\/wp\/v2\/comments?post=966"}],"wp:featuredmedia":[{"embeddable":true,"href":"https:\/\/momajavea.com\/en\/wp-json\/wp\/v2\/media\/967"}],"wp:attachment":[{"href":"https:\/\/momajavea.com\/en\/wp-json\/wp\/v2\/media?parent=966"}],"wp:term":[{"taxonomy":"product_brand","embeddable":true,"href":"https:\/\/momajavea.com\/en\/wp-json\/wp\/v2\/product_brand?post=966"},{"taxonomy":"product_cat","embeddable":true,"href":"https:\/\/momajavea.com\/en\/wp-json\/wp\/v2\/product_cat?post=966"},{"taxonomy":"product_tag","embeddable":true,"href":"https:\/\/momajavea.com\/en\/wp-json\/wp\/v2\/product_tag?post=966"}],"curies":[{"name":"wp","href":"https:\/\/api.w.org\/{rel}","templated":true}]}}