{"id":964,"date":"2024-01-15T15:26:39","date_gmt":"2024-01-15T15:26:39","guid":{"rendered":"https:\/\/momajavea.testdcip.com\/?post_type=product&#038;p=964"},"modified":"2024-01-15T16:32:29","modified_gmt":"2024-01-15T16:32:29","slug":"emulsion-limpiadora-ylang-ylang-100-ml-alqvimia","status":"publish","type":"product","link":"https:\/\/momajavea.com\/en\/producto\/emulsion-limpiadora-ylang-ylang-100-ml-alqvimia\/","title":{"rendered":"Emulsi\u00f3n Limpiadora Ylang-Ylang 100 ml &#8211; Alqvimia"},"content":{"rendered":"<p>Descripci\u00f3n <\/p>\n<p>Desde los confines asi\u00e1ticos tropicales hemos rescatado el Ylang-Ylang, o la \u201cFlor de Flores\u201d, para crear esta suave emulsi\u00f3n limpiadora, cuyo intenso y caracter\u00edstico perfume nos traslada a los antiguos para\u00edsos de Java, Sumatra o las Islas Comoras. En la antig\u00fcedad, las mujeres de estas tierras utilizaban estas delicadas flores de sedosos tonos amarillentos, combinadas con aceite de coco como ung\u00fcento secreto de belleza.<br \/>\nLa formulaci\u00f3n de esta emulsi\u00f3n limpiadora para todo tipo de pieles, ha sido elaborada a base de ingredientes de origen natural y vegetal de extrema suavidad y pureza como por ejemplo diversos Aceites Esenciales (Ylang-Ylang, Lim\u00f3n, Naranja, Palo de Rosa y Palma Rosa), que junto al aceite vegetal de Almendra, la miel y los extractos de Saponaria y Pr\u00f3polis proporcionan la limpieza, nutrici\u00f3n e hidrataci\u00f3n id\u00f3nea para tu cutis.<\/p>\n<p> Modo de uso <\/p>\n<p>Aplicar, ma\u00f1ana y noche, una peque\u00f1a cantidad sobre la palma de la mano. Emulsionar mediante movimientos circulares sobre el rostro, cuello y escote. Retirar con un disco de algod\u00f3n h\u00famedo o directamente con abundante agua tibia. A continuaci\u00f3n, tonifica tu piel&nbsp; y protege&nbsp;con la crema que se ajuste a tus necesidades.<\/p>\n","protected":false},"excerpt":{"rendered":"<p>La Emulsi\u00f3n Limpiadora de Ylang-Ylang, ideal para cualquier tipo de piel, limpia y desmaquilla tu cutis dej\u00e1ndolo suave y flexible.<\/p>\n","protected":false},"featured_media":965,"comment_status":"open","ping_status":"closed","template":"","meta":{"_joinchat":[]},"product_brand":[],"product_cat":[57,70,59,54,56],"product_tag":[],"class_list":{"0":"post-964","1":"product","2":"type-product","3":"status-publish","4":"has-post-thumbnail","6":"product_cat-aceites","7":"product_cat-alqvimia","8":"product_cat-facial","9":"product_cat-limpiador","10":"product_cat-serums","12":"first","13":"instock","14":"shipping-taxable","15":"purchasable","16":"product-type-simple"},"_links":{"self":[{"href":"https:\/\/momajavea.com\/en\/wp-json\/wp\/v2\/product\/964","targetHints":{"allow":["GET"]}}],"collection":[{"href":"https:\/\/momajavea.com\/en\/wp-json\/wp\/v2\/product"}],"about":[{"href":"https:\/\/momajavea.com\/en\/wp-json\/wp\/v2\/types\/product"}],"replies":[{"embeddable":true,"href":"https:\/\/momajavea.com\/en\/wp-json\/wp\/v2\/comments?post=964"}],"wp:featuredmedia":[{"embeddable":true,"href":"https:\/\/momajavea.com\/en\/wp-json\/wp\/v2\/media\/965"}],"wp:attachment":[{"href":"https:\/\/momajavea.com\/en\/wp-json\/wp\/v2\/media?parent=964"}],"wp:term":[{"taxonomy":"product_brand","embeddable":true,"href":"https:\/\/momajavea.com\/en\/wp-json\/wp\/v2\/product_brand?post=964"},{"taxonomy":"product_cat","embeddable":true,"href":"https:\/\/momajavea.com\/en\/wp-json\/wp\/v2\/product_cat?post=964"},{"taxonomy":"product_tag","embeddable":true,"href":"https:\/\/momajavea.com\/en\/wp-json\/wp\/v2\/product_tag?post=964"}],"curies":[{"name":"wp","href":"https:\/\/api.w.org\/{rel}","templated":true}]}}