{"id":962,"date":"2024-01-15T15:26:39","date_gmt":"2024-01-15T15:26:39","guid":{"rendered":"https:\/\/momajavea.testdcip.com\/?post_type=product&#038;p=962"},"modified":"2025-01-13T09:48:31","modified_gmt":"2025-01-13T09:48:31","slug":"formula-304-sublime-youth-24k-elixir-30ml-sofia-bertrand","status":"publish","type":"product","link":"https:\/\/momajavea.com\/en\/producto\/formula-304-sublime-youth-24k-elixir-30ml-sofia-bertrand\/","title":{"rendered":"Formula 304 Sublime Youth 24K Elixir 30ml &#8211; Sofia Bertrand"},"content":{"rendered":"<p>Descripci\u00f3n <\/p>\n<p>Sus principios activos y su delicada textura le permiten penetrar r\u00e1pidamente en la piel, estimulando las c\u00e9lulas, favoreciendo la producci\u00f3n de col\u00e1geno y reparando la dermis, un tratamiento antioxidante que transforma y restaura la piel seca y da\u00f1ada, nutriendo y rejuveneciendo a la vez que reduce y previene la aparici\u00f3n de l\u00edneas de expresi\u00f3n y arrugas.<\/p>\n<p>El poder acumulativo de este elixir es ideal para las pieles m\u00e1s exigentes que buscan una potente respuesta con los principios activos m\u00e1s valiosos como el oro, mejorando la elasticidad de la piel, retrasando el declive natural de la producci\u00f3n de col\u00e1geno y estimulando la renovaci\u00f3n celular.<\/p>\n<p> Modo de uso <\/p>\n<p>Aplicar ma\u00f1ana y noche sobre la piel limpia en rostro, cuello y escote, su penetraci\u00f3n es inmediata y la sensaci\u00f3n de trabajar los principios activos se prolonga m\u00e1s de 5 minutos debido a la potencia del producto.<\/p>\n","protected":false},"excerpt":{"rendered":"<p>El elixir es s\u00faper antioxidante y las grandes cualidades de las part\u00edculas de oro 24k en suspensi\u00f3n consiguen ayudar a la piel a resistir al envejecimiento. Penetra r\u00e1pidamente en la piel y activa las c\u00e9lulas. Sus p\u00e9ptidos patentado promueven la producci\u00f3n de col\u00e1geno y la reparaci\u00f3n de la dermis, consiguiendo un tratamiento antiedad global, antioxidante, un reconstituyente intenso y una luminosidad en la piel.<\/p>\n","protected":false},"featured_media":963,"comment_status":"open","ping_status":"closed","template":"","meta":{"_joinchat":[]},"product_brand":[],"product_cat":[63,59,74,56,66],"product_tag":[],"class_list":{"0":"post-962","1":"product","2":"type-product","3":"status-publish","4":"has-post-thumbnail","6":"product_cat-contorno-de-ojos-y-labios","7":"product_cat-facial","8":"product_cat-hidratantes","9":"product_cat-serums","10":"product_cat-sofia-bertrand","12":"first","13":"instock","14":"shipping-taxable","15":"purchasable","16":"product-type-simple"},"_links":{"self":[{"href":"https:\/\/momajavea.com\/en\/wp-json\/wp\/v2\/product\/962","targetHints":{"allow":["GET"]}}],"collection":[{"href":"https:\/\/momajavea.com\/en\/wp-json\/wp\/v2\/product"}],"about":[{"href":"https:\/\/momajavea.com\/en\/wp-json\/wp\/v2\/types\/product"}],"replies":[{"embeddable":true,"href":"https:\/\/momajavea.com\/en\/wp-json\/wp\/v2\/comments?post=962"}],"wp:featuredmedia":[{"embeddable":true,"href":"https:\/\/momajavea.com\/en\/wp-json\/wp\/v2\/media\/963"}],"wp:attachment":[{"href":"https:\/\/momajavea.com\/en\/wp-json\/wp\/v2\/media?parent=962"}],"wp:term":[{"taxonomy":"product_brand","embeddable":true,"href":"https:\/\/momajavea.com\/en\/wp-json\/wp\/v2\/product_brand?post=962"},{"taxonomy":"product_cat","embeddable":true,"href":"https:\/\/momajavea.com\/en\/wp-json\/wp\/v2\/product_cat?post=962"},{"taxonomy":"product_tag","embeddable":true,"href":"https:\/\/momajavea.com\/en\/wp-json\/wp\/v2\/product_tag?post=962"}],"curies":[{"name":"wp","href":"https:\/\/api.w.org\/{rel}","templated":true}]}}