{"id":961,"date":"2024-01-15T15:26:38","date_gmt":"2024-01-15T15:26:38","guid":{"rendered":"https:\/\/momajavea.testdcip.com\/?post_type=product&#038;p=961"},"modified":"2024-08-16T14:41:47","modified_gmt":"2024-08-16T14:41:47","slug":"sublime-gold-coffer-duo-24k-sofia-bertrand","status":"publish","type":"product","link":"https:\/\/momajavea.com\/en\/producto\/sublime-gold-coffer-duo-24k-sofia-bertrand\/","title":{"rendered":"Sublime Gold Coffer Duo 24k  &#8211; Sofia Bertrand"},"content":{"rendered":"<p>Descripci\u00f3n<\/p>\n<p>La <strong>combinaci\u00f3n perfecta<\/strong>, laminas de oro de 24k que se funden con el poder de la \u00faltima revoluci\u00f3n en cosm\u00e9tica molecular<\/p>\n<p><strong>Mascarilla de ORO 24K:<\/strong><\/p>\n<ul>\n<li>Un verdadero lujo para nuestra piel que proporciona un efecto lifting y resplandor inmediato, mejorando la elasticidad, textura, el tono de la piel y la mejora inmediata del poro que se cierra al instante y se mantiene durante varios d\u00edas.<\/li>\n<li>El elixir 304 es s\u00faper antioxidante y las grandes cualidades de las part\u00edculas de oro 24k en suspensi\u00f3n consiguen ayudar a la piel a resistir al envejecimiento.<\/li>\n<\/ul>\n<p><strong>Penetra r\u00e1pidamente en la piel y activa las c\u00e9lulas.<\/strong><\/p>\n<ul>\n<li>El p\u00e9ptido patentado promueve la producci\u00f3n de col\u00e1geno y la reparaci\u00f3n de la dermis, consiguiendo un tratamiento antiedad global, antioxidante, un reconstituyente intenso y una luminosidad en la piel que permanece durante todo el d\u00eda.<\/li>\n<li>Regenera y revitaliza.Cierra el poro y aporta luminosidad.Potente antiedad.<\/li>\n<\/ul>\n<p><strong>LAMINAS DE ORO 24K:<\/strong><\/p>\n<ul>\n<li>El oro es un metal precioso con propiedades muy beneficiosas para la piel, ejerce un gran efecto antioxidante, activa y estimula la renovaci\u00f3n celular, favorece la nutrici\u00f3n y la resistencia, aumenta las defensas y aporta luminosidad y vitalidad a la piel.<\/li>\n<li><strong>Compuesto Tetrap\u00e9ptidos Patentados \u2122 :<\/strong>\u00a0Dise\u00f1ado para tratar la flacidez y la falta de firmeza caracter\u00edsticas de la piel madura.<\/li>\n<li>Inhibe la actividad de la elastasa, que aumenta debido al envejecimiento y el estr\u00e9s ambiental, y estimula la s\u00edntesis de col\u00e1geno I, que se ralentiza con el paso de los a\u00f1os.<\/li>\n<\/ul>\n<p>Modo de uso<\/p>\n<p>PASO 1: DESMAQUILLAJE<\/p>\n<p>Preparamos la piel desmaquillando a fondo, luego tonificamos la piel.<\/p>\n<p>PASO 2: APLICACI\u00d3N DE ELIXIR<\/p>\n<p>Aplicar cinco (5) gotas de la f\u00f3rmula 303 HYALURONIC RADIANT ELIXIR por todo el rostro y el escote.<\/p>\n<p>PASO 3: APLICACI\u00d3N DE HOJAS DE ORO<\/p>\n<p>Debido a su singularidad, el pan de oro no debe tocarse con los dedos, sino aplicarse directamente en la zona con la ayuda del papel que lo acompa\u00f1a.<\/p>\n<p>Usaremos una hoja para cada p\u00f3mulo y otra para el escote.\u00a0Dejar actuar durante 15 minutos.<\/p>\n<p>PASO 4: EMULSIONAR<\/p>\n<p>Las l\u00e1minas de Oro no se retiran, debemos pulverizar o humedecer las yemas de los dedos con nuestro t\u00f3nico habitual, masajeando cada parte del rostro y escote, la mascarilla es absorbida en su totalidad por la piel.<\/p>\n<p>Formato<\/p>\n<p>\u200eCrema 50 ml + Escamas 24K\u200e<\/p>\n","protected":false},"excerpt":{"rendered":"<p>Un tratamiento excepcional que trata los principales signos del envejecimiento de la piel devolviendo inmediatamente la luminosidad y cerrando los poros.\u00a0Sus principios activos altamente concentrados en sinergia con el Oro de 24k de grado cosm\u00e9tico ofrecen una soluci\u00f3n altamente eficaz para la piel del rostro, cuello y escote, con especial atenci\u00f3n a la delicada zona del contorno de ojos.<\/p>\n","protected":false},"featured_media":1015,"comment_status":"open","ping_status":"closed","template":"","meta":{"_joinchat":[]},"product_brand":[],"product_cat":[63,59,74,56,66],"product_tag":[],"class_list":{"0":"post-961","1":"product","2":"type-product","3":"status-publish","4":"has-post-thumbnail","6":"product_cat-contorno-de-ojos-y-labios","7":"product_cat-facial","8":"product_cat-hidratantes","9":"product_cat-serums","10":"product_cat-sofia-bertrand","12":"first","13":"instock","14":"shipping-taxable","15":"purchasable","16":"product-type-simple"},"_links":{"self":[{"href":"https:\/\/momajavea.com\/en\/wp-json\/wp\/v2\/product\/961","targetHints":{"allow":["GET"]}}],"collection":[{"href":"https:\/\/momajavea.com\/en\/wp-json\/wp\/v2\/product"}],"about":[{"href":"https:\/\/momajavea.com\/en\/wp-json\/wp\/v2\/types\/product"}],"replies":[{"embeddable":true,"href":"https:\/\/momajavea.com\/en\/wp-json\/wp\/v2\/comments?post=961"}],"wp:featuredmedia":[{"embeddable":true,"href":"https:\/\/momajavea.com\/en\/wp-json\/wp\/v2\/media\/1015"}],"wp:attachment":[{"href":"https:\/\/momajavea.com\/en\/wp-json\/wp\/v2\/media?parent=961"}],"wp:term":[{"taxonomy":"product_brand","embeddable":true,"href":"https:\/\/momajavea.com\/en\/wp-json\/wp\/v2\/product_brand?post=961"},{"taxonomy":"product_cat","embeddable":true,"href":"https:\/\/momajavea.com\/en\/wp-json\/wp\/v2\/product_cat?post=961"},{"taxonomy":"product_tag","embeddable":true,"href":"https:\/\/momajavea.com\/en\/wp-json\/wp\/v2\/product_tag?post=961"}],"curies":[{"name":"wp","href":"https:\/\/api.w.org\/{rel}","templated":true}]}}