{"id":959,"date":"2024-01-15T15:26:37","date_gmt":"2024-01-15T15:26:37","guid":{"rendered":"https:\/\/momajavea.testdcip.com\/?post_type=product&#038;p=959"},"modified":"2024-08-16T14:44:38","modified_gmt":"2024-08-16T14:44:38","slug":"503-crema-de-biocolageno-sofia-bertran","status":"publish","type":"product","link":"https:\/\/momajavea.com\/en\/producto\/503-crema-de-biocolageno-sofia-bertran\/","title":{"rendered":"503 Crema de Biocol\u00e1geno &#8211; Sofia Bertran"},"content":{"rendered":"<p>Descripci\u00f3n <\/p>\n<p>La tez aparece hidratada, delicadamente nutrida, tersa y suave.&nbsp;El extracto de verdolaga, fuente vegetal de \u00e1cidos grasos omega-3 y rico en vitaminas y minerales, act\u00faa como un potente antioxidante y el complejo de \u00e1cido hialur\u00f3nico, amino\u00e1cidos esenciales y alanto\u00edna proporciona hidrataci\u00f3n a la piel, tratando eficazmente los signos del envejecimiento y la piel delicada.<\/p>\n<p> Modo de uso <\/p>\n<p>Aplicar por la ma\u00f1ana y\/o por la noche sobre la piel en el rostro, el cuello y el escote dando un suave masaje.<\/p>\n<p> Formato <\/p>\n<p>50ml<\/p>\n","protected":false},"excerpt":{"rendered":"<p>Crema antiedad hidronutritiva, ideada para pieles normales y secas, la crema 503 se funde deliciosamente sobre la piel para una hidrataci\u00f3n intensa y un confort de larga duraci\u00f3n.Est\u00e1 probado que la innovadora tecnolog\u00eda de sus activos refuerzan doblemente la potencia restauradora del col\u00e1geno natural de la piel. La tez se muestra hidratada, delicadamente nutrida, tersa y suave.<\/p>\n","protected":false},"featured_media":960,"comment_status":"open","ping_status":"closed","template":"","meta":{"_joinchat":[]},"product_brand":[],"product_cat":[58,59,74,66],"product_tag":[],"class_list":{"0":"post-959","1":"product","2":"type-product","3":"status-publish","4":"has-post-thumbnail","6":"product_cat-antiaging","7":"product_cat-facial","8":"product_cat-hidratantes","9":"product_cat-sofia-bertrand","11":"first","12":"instock","13":"shipping-taxable","14":"purchasable","15":"product-type-simple"},"_links":{"self":[{"href":"https:\/\/momajavea.com\/en\/wp-json\/wp\/v2\/product\/959","targetHints":{"allow":["GET"]}}],"collection":[{"href":"https:\/\/momajavea.com\/en\/wp-json\/wp\/v2\/product"}],"about":[{"href":"https:\/\/momajavea.com\/en\/wp-json\/wp\/v2\/types\/product"}],"replies":[{"embeddable":true,"href":"https:\/\/momajavea.com\/en\/wp-json\/wp\/v2\/comments?post=959"}],"wp:featuredmedia":[{"embeddable":true,"href":"https:\/\/momajavea.com\/en\/wp-json\/wp\/v2\/media\/960"}],"wp:attachment":[{"href":"https:\/\/momajavea.com\/en\/wp-json\/wp\/v2\/media?parent=959"}],"wp:term":[{"taxonomy":"product_brand","embeddable":true,"href":"https:\/\/momajavea.com\/en\/wp-json\/wp\/v2\/product_brand?post=959"},{"taxonomy":"product_cat","embeddable":true,"href":"https:\/\/momajavea.com\/en\/wp-json\/wp\/v2\/product_cat?post=959"},{"taxonomy":"product_tag","embeddable":true,"href":"https:\/\/momajavea.com\/en\/wp-json\/wp\/v2\/product_tag?post=959"}],"curies":[{"name":"wp","href":"https:\/\/api.w.org\/{rel}","templated":true}]}}