{"id":957,"date":"2024-01-15T15:26:37","date_gmt":"2024-01-15T15:26:37","guid":{"rendered":"https:\/\/momajavea.testdcip.com\/?post_type=product&#038;p=957"},"modified":"2024-08-16T14:44:18","modified_gmt":"2024-08-16T14:44:18","slug":"cc-vitamin-complex-natura-bisse","status":"publish","type":"product","link":"https:\/\/momajavea.com\/en\/producto\/cc-vitamin-complex-natura-bisse\/","title":{"rendered":"C+C Vitamin Complex- Natura Biss\u00e9"},"content":{"rendered":"<p>Descripci\u00f3n <\/p>\n<p>El estr\u00e9s, la contaminaci\u00f3n y la radiaci\u00f3n solar pueden apagar la piel y, lamentablemente, acelerar su proceso de envejecimiento. A veces necesitamos m\u00e1s que hidrataci\u00f3n, necesitamos verdadera protecci\u00f3n antioxidante. C+C Vitamin Complex es un s\u00e9rum altamente concentrado que incluye una potente dosis de vitamina C para crear una aut\u00e9ntica barrera de defensa contra los radicales libres y proporcionar una sorprendente acci\u00f3n antiedad.<\/p>\n<p>Los resultados: luminosidad, firmeza, elasticidad y energ\u00eda pura.<\/p>\n<p>Beneficios:<br \/>\n\u2022 Poderosa f\u00f3rmula antienvejecimiento.<br \/>\n\u2022 Restaura la firmeza y la luminosidad.<br \/>\n\u2022 Alto poder antioxidante.<\/p>\n<p> Modo de uso <\/p>\n<p>PASO 1:&nbsp; Apl\u00edcalo a diario sobre la piel limpia.<\/p>\n<p>PASO 2: Extiende una peque\u00f1a cantidad y masajea suavemente sobre rostro, cuello y escote hasta su total absorci\u00f3n.<\/p>\n<p> Formato <\/p>\n<p>30ml<\/p>\n<p> Beneficios <\/p>\n<p>\u2022 Poderosa f\u00f3rmula antienvejecimiento.<br \/>\n\u2022 Restaura la firmeza y la luminosidad.<br \/>\n\u2022 Alto poder antioxidante.<\/p>\n","protected":false},"excerpt":{"rendered":"<p><strong>S\u00e9rum Reafirmante<\/strong>&nbsp;con<strong>&nbsp;Vitamina C<\/strong>&nbsp;de<strong>&nbsp;Natura Biss\u00e9<\/strong>&nbsp;es&nbsp;una poderosa f\u00f3rmula antienvejecimiento y antioxidante con una potente dosis de&nbsp;<strong>vitamina C<\/strong>&nbsp;y amino\u00e1cidos de&nbsp;<strong>Col\u00e1geno<\/strong>&nbsp;para restaurar&nbsp;<strong>la Firmeza, elasticidad y luminosidad de la pie<\/strong><\/p>\n","protected":false},"featured_media":958,"comment_status":"open","ping_status":"closed","template":"","meta":{"_joinchat":[]},"product_brand":[],"product_cat":[59,74,75,56],"product_tag":[],"class_list":{"0":"post-957","1":"product","2":"type-product","3":"status-publish","4":"has-post-thumbnail","6":"product_cat-facial","7":"product_cat-hidratantes","8":"product_cat-natura-bisse","9":"product_cat-serums","11":"first","12":"instock","13":"shipping-taxable","14":"purchasable","15":"product-type-simple"},"_links":{"self":[{"href":"https:\/\/momajavea.com\/en\/wp-json\/wp\/v2\/product\/957","targetHints":{"allow":["GET"]}}],"collection":[{"href":"https:\/\/momajavea.com\/en\/wp-json\/wp\/v2\/product"}],"about":[{"href":"https:\/\/momajavea.com\/en\/wp-json\/wp\/v2\/types\/product"}],"replies":[{"embeddable":true,"href":"https:\/\/momajavea.com\/en\/wp-json\/wp\/v2\/comments?post=957"}],"wp:featuredmedia":[{"embeddable":true,"href":"https:\/\/momajavea.com\/en\/wp-json\/wp\/v2\/media\/958"}],"wp:attachment":[{"href":"https:\/\/momajavea.com\/en\/wp-json\/wp\/v2\/media?parent=957"}],"wp:term":[{"taxonomy":"product_brand","embeddable":true,"href":"https:\/\/momajavea.com\/en\/wp-json\/wp\/v2\/product_brand?post=957"},{"taxonomy":"product_cat","embeddable":true,"href":"https:\/\/momajavea.com\/en\/wp-json\/wp\/v2\/product_cat?post=957"},{"taxonomy":"product_tag","embeddable":true,"href":"https:\/\/momajavea.com\/en\/wp-json\/wp\/v2\/product_tag?post=957"}],"curies":[{"name":"wp","href":"https:\/\/api.w.org\/{rel}","templated":true}]}}