{"id":953,"date":"2024-01-15T15:26:36","date_gmt":"2024-01-15T15:26:36","guid":{"rendered":"https:\/\/momajavea.testdcip.com\/?post_type=product&#038;p=953"},"modified":"2024-08-16T14:45:48","modified_gmt":"2024-08-16T14:45:48","slug":"cc-vitamin-micellar-cleansing-natura-bisse","status":"publish","type":"product","link":"https:\/\/momajavea.com\/en\/producto\/cc-vitamin-micellar-cleansing-natura-bisse\/","title":{"rendered":"C+C Vitamin Micellar Cleansing &#8211; Natura Biss\u00e9"},"content":{"rendered":"<p>Descripci\u00f3n <\/p>\n<p>Limpia tu piel en profundidad, retira el maquillaje y elimina las impurezas en un solo gesto con esta agua micelar de irresistible fragancia c\u00edtrica. Un refrescante producto que despierta la piel y revela un cutis perfectamente hidratado y confortable. Eficaz tanto para el rostro como para ojos y labios, su suave f\u00f3rmula es respetuosa con la barrera cut\u00e1nea y perfecta para todo tipo de pieles.<\/p>\n<p>\u00bfLista para inundar tu piel de vitalidad?<\/p>\n<p> Modo de uso <\/p>\n<p>&nbsp;<\/p>\n<p>PASO 1:&nbsp;Usa esta agua micelar por la ma\u00f1ana para despertar y estimular la piel y por la noche para limpiar y desmaquillar.<\/p>\n<p>PASO 2: H\u00famedo un algod\u00f3n con producto, utilizando uno distinto para rostro y ojos.&nbsp;<\/p>\n<p>PASO 3: Mant\u00e9n el algod\u00f3n sobre el p\u00e1rpado cerrado durante unos segundos y desliza suavemente hacia abajo.<\/p>\n<p>PASO 4: En el rostro desliza el algod\u00f3n suavemente hasta que no quede residuo&nbsp;<\/p>\n<p> Formato <\/p>\n<p>200ml<\/p>\n","protected":false},"excerpt":{"rendered":"<p>Desmaquillante y limpiador revitalizante.&nbsp;Piel limpia, suave y llena de energ\u00eda<\/p>\n","protected":false},"featured_media":954,"comment_status":"open","ping_status":"closed","template":"","meta":{"_joinchat":[]},"product_brand":[],"product_cat":[59,54,75],"product_tag":[],"class_list":{"0":"post-953","1":"product","2":"type-product","3":"status-publish","4":"has-post-thumbnail","6":"product_cat-facial","7":"product_cat-limpiador","8":"product_cat-natura-bisse","10":"first","11":"instock","12":"shipping-taxable","13":"purchasable","14":"product-type-simple"},"_links":{"self":[{"href":"https:\/\/momajavea.com\/en\/wp-json\/wp\/v2\/product\/953","targetHints":{"allow":["GET"]}}],"collection":[{"href":"https:\/\/momajavea.com\/en\/wp-json\/wp\/v2\/product"}],"about":[{"href":"https:\/\/momajavea.com\/en\/wp-json\/wp\/v2\/types\/product"}],"replies":[{"embeddable":true,"href":"https:\/\/momajavea.com\/en\/wp-json\/wp\/v2\/comments?post=953"}],"wp:featuredmedia":[{"embeddable":true,"href":"https:\/\/momajavea.com\/en\/wp-json\/wp\/v2\/media\/954"}],"wp:attachment":[{"href":"https:\/\/momajavea.com\/en\/wp-json\/wp\/v2\/media?parent=953"}],"wp:term":[{"taxonomy":"product_brand","embeddable":true,"href":"https:\/\/momajavea.com\/en\/wp-json\/wp\/v2\/product_brand?post=953"},{"taxonomy":"product_cat","embeddable":true,"href":"https:\/\/momajavea.com\/en\/wp-json\/wp\/v2\/product_cat?post=953"},{"taxonomy":"product_tag","embeddable":true,"href":"https:\/\/momajavea.com\/en\/wp-json\/wp\/v2\/product_tag?post=953"}],"curies":[{"name":"wp","href":"https:\/\/api.w.org\/{rel}","templated":true}]}}