{"id":951,"date":"2024-01-15T15:26:35","date_gmt":"2024-01-15T15:26:35","guid":{"rendered":"https:\/\/momajavea.testdcip.com\/?post_type=product&#038;p=951"},"modified":"2024-08-16T14:46:09","modified_gmt":"2024-08-16T14:46:09","slug":"cc-vitamin-splash-tonico-natura-bisse","status":"publish","type":"product","link":"https:\/\/momajavea.com\/en\/producto\/cc-vitamin-splash-tonico-natura-bisse\/","title":{"rendered":"C+C Vitamin Splash T\u00f3nico &#8211; Natura Biss\u00e9"},"content":{"rendered":"<p>Descripci\u00f3n <\/p>\n<p>Las fragancias c\u00edtricas y mediterr\u00e1neas como el romero, la menta y las flores de rosa y lavanda provocan un potente efecto de aromaterapia, una dulce brisa de verano que suavemente acaricia y refresca rostro y cuerpo.<\/p>\n<p>Beneficios:<br \/>\n\u2022 Hidrataci\u00f3n inmediata.<br \/>\n\u2022 Energ\u00eda y vitalidad para la piel.<br \/>\n\u2022 Potente efecto tonificante.<\/p>\n<p> Modo de uso <\/p>\n<p>&nbsp;<\/p>\n<p>PASO 1:&nbsp;Pulver\u00edzalo sobre rostro y cuerpo.<\/p>\n<p>PASO 2: \u00dasalo cuando necesites refrescar tu piel.&nbsp;<\/p>\n<p> Formato <\/p>\n<p>200ml<\/p>\n","protected":false},"excerpt":{"rendered":"<p>Loci\u00f3n c\u00edtrica revitalizante.<\/p>\n<p>Imag\u00ednate comenzar el d\u00eda con una vibrante infusi\u00f3n de vitamina C que ilumine tu piel, la estimule y la llene de energ\u00eda. Gracias a su exquisita bruma, este spray revitalizante con vitaminas despierta tus sentidos al instante.<\/p>\n","protected":false},"featured_media":952,"comment_status":"open","ping_status":"closed","template":"","meta":{"_joinchat":[]},"product_brand":[],"product_cat":[59,74,75,60],"product_tag":[],"class_list":{"0":"post-951","1":"product","2":"type-product","3":"status-publish","4":"has-post-thumbnail","6":"product_cat-facial","7":"product_cat-hidratantes","8":"product_cat-natura-bisse","9":"product_cat-tonicos","11":"first","12":"instock","13":"shipping-taxable","14":"purchasable","15":"product-type-simple"},"_links":{"self":[{"href":"https:\/\/momajavea.com\/en\/wp-json\/wp\/v2\/product\/951","targetHints":{"allow":["GET"]}}],"collection":[{"href":"https:\/\/momajavea.com\/en\/wp-json\/wp\/v2\/product"}],"about":[{"href":"https:\/\/momajavea.com\/en\/wp-json\/wp\/v2\/types\/product"}],"replies":[{"embeddable":true,"href":"https:\/\/momajavea.com\/en\/wp-json\/wp\/v2\/comments?post=951"}],"wp:featuredmedia":[{"embeddable":true,"href":"https:\/\/momajavea.com\/en\/wp-json\/wp\/v2\/media\/952"}],"wp:attachment":[{"href":"https:\/\/momajavea.com\/en\/wp-json\/wp\/v2\/media?parent=951"}],"wp:term":[{"taxonomy":"product_brand","embeddable":true,"href":"https:\/\/momajavea.com\/en\/wp-json\/wp\/v2\/product_brand?post=951"},{"taxonomy":"product_cat","embeddable":true,"href":"https:\/\/momajavea.com\/en\/wp-json\/wp\/v2\/product_cat?post=951"},{"taxonomy":"product_tag","embeddable":true,"href":"https:\/\/momajavea.com\/en\/wp-json\/wp\/v2\/product_tag?post=951"}],"curies":[{"name":"wp","href":"https:\/\/api.w.org\/{rel}","templated":true}]}}