{"id":949,"date":"2024-01-15T15:26:35","date_gmt":"2024-01-15T15:26:35","guid":{"rendered":"https:\/\/momajavea.testdcip.com\/?post_type=product&#038;p=949"},"modified":"2024-08-16T14:46:26","modified_gmt":"2024-08-16T14:46:26","slug":"cc-vitamin-scrub-natura-bisse","status":"publish","type":"product","link":"https:\/\/momajavea.com\/en\/producto\/cc-vitamin-scrub-natura-bisse\/","title":{"rendered":"C+C Vitamin  Scrub  &#8211; Natura Biss\u00e9"},"content":{"rendered":"<p>Descripci\u00f3n <\/p>\n<p>Este exfoliante c\u00edtrico microgranulado act\u00faa con suavidad, renovando y aclarando la epidermis y eliminando impurezas. Tambi\u00e9n minimiza los poros a la vez que hidrata, calma y protege la barrera lip\u00eddica. El resultado: una piel transformada, llena de vida.<\/p>\n<p>Beneficios:<br \/>\n\u2022 Exfoliaci\u00f3n suave, eficaz y no abrasiva.<br \/>\n\u2022 Restaura el brillo y la luminosidad.<br \/>\n\u2022 Elimina las impurezas y las c\u00e9lulas muertas que asfixian la piel.<\/p>\n<p> Modo de uso <\/p>\n<p>&nbsp;<\/p>\n<p>PASO 1:&nbsp;Extiende una capa uniforme sobre la piel limpia.<\/p>\n<p>PASO 2: Masajea suavemente con los dedos o con un cepillo facial y realiza suaves movimientos circulares. Aclara con agua tibia.<\/p>\n<p> Formato <\/p>\n<p>100ml<\/p>\n","protected":false},"excerpt":{"rendered":"<p>Exfoliante c\u00edtrico microgranulado para rostro y cuerpo.<\/p>\n<p>La exfoliaci\u00f3n es una parte importante del ritual de belleza. Purifica y le proporciona un brillo natural y saludable a la piel. Con C+C Vitamin Scrub sentir\u00e1s que tu piel renace.<\/p>\n","protected":false},"featured_media":950,"comment_status":"open","ping_status":"closed","template":"","meta":{"_joinchat":[]},"product_brand":[],"product_cat":[64,59,75],"product_tag":[],"class_list":{"0":"post-949","1":"product","2":"type-product","3":"status-publish","4":"has-post-thumbnail","6":"product_cat-exfoliantes","7":"product_cat-facial","8":"product_cat-natura-bisse","10":"first","11":"instock","12":"shipping-taxable","13":"purchasable","14":"product-type-simple"},"_links":{"self":[{"href":"https:\/\/momajavea.com\/en\/wp-json\/wp\/v2\/product\/949","targetHints":{"allow":["GET"]}}],"collection":[{"href":"https:\/\/momajavea.com\/en\/wp-json\/wp\/v2\/product"}],"about":[{"href":"https:\/\/momajavea.com\/en\/wp-json\/wp\/v2\/types\/product"}],"replies":[{"embeddable":true,"href":"https:\/\/momajavea.com\/en\/wp-json\/wp\/v2\/comments?post=949"}],"wp:featuredmedia":[{"embeddable":true,"href":"https:\/\/momajavea.com\/en\/wp-json\/wp\/v2\/media\/950"}],"wp:attachment":[{"href":"https:\/\/momajavea.com\/en\/wp-json\/wp\/v2\/media?parent=949"}],"wp:term":[{"taxonomy":"product_brand","embeddable":true,"href":"https:\/\/momajavea.com\/en\/wp-json\/wp\/v2\/product_brand?post=949"},{"taxonomy":"product_cat","embeddable":true,"href":"https:\/\/momajavea.com\/en\/wp-json\/wp\/v2\/product_cat?post=949"},{"taxonomy":"product_tag","embeddable":true,"href":"https:\/\/momajavea.com\/en\/wp-json\/wp\/v2\/product_tag?post=949"}],"curies":[{"name":"wp","href":"https:\/\/api.w.org\/{rel}","templated":true}]}}