{"id":948,"date":"2024-01-15T15:26:34","date_gmt":"2024-01-15T15:26:34","guid":{"rendered":"https:\/\/momajavea.testdcip.com\/?post_type=product&#038;p=948"},"modified":"2024-08-16T14:58:56","modified_gmt":"2024-08-16T14:58:56","slug":"inhibit-retinol-eye-lift-natura-bisse","status":"publish","type":"product","link":"https:\/\/momajavea.com\/en\/producto\/inhibit-retinol-eye-lift-natura-bisse\/","title":{"rendered":"Inhibit Retinol Eye Lift &#8211; Natura Biss\u00e9"},"content":{"rendered":"<p>Descripci\u00f3n<\/p>\n<p>Incluye diferentes formas de retinol para mantener los beneficios de este activo sin las contraindicaciones de algunos retinoides. Contribuye a minimizar el aspecto de signos de fatiga alrededor de los ojos.<\/p>\n<ul>\n<li><span style=\"background-color: transparent; font-family: var(--wix-font-stack,'HelveticaNeueW01-55Roma','HelveticaNeueW02-55Roma','HelveticaNeueW10-55Roma',sans-serif);\">Inhibe, rellena, tensa e ilumina: minimiza todos los signos de la edad del contorno de ojos.<\/span><\/li>\n<li>Ayuda a relajar la apariencia de l\u00edneas y arrugas.<\/li>\n<li>Aporta un efecto lifting para un p\u00e1rpado superior de aspecto m\u00e1s elevado.<\/li>\n<li>Combate la falta de firmeza y proporciona un efecto tensor.<\/li>\n<li>Contribuye a minimizar el aspecto de bolsas y ojeras.<\/li>\n<li>Dermatol\u00f3gicamente y oftalmol\u00f3gicamente testado.<\/li>\n<\/ul>\n<p>Modo de uso<\/p>\n<p><strong>Por la noche:<\/strong><\/p>\n<p>PASO 1:\u00a0Aplicar despu\u00e9s del s\u00e9rum facial que usemos normalmente.<\/p>\n<p>PASO 2: Aplicar una peque\u00f1a cantidad de producto en 4 puntos. Desde el lagrimal hasta el rabillo del ojo.<\/p>\n<p>PASO3:\u00a0Distribuir el producto por todo el contorno de ojos inferior con un masaje suave para mejorar los signos de flacidez.<\/p>\n<p>Formato<\/p>\n<p>15ml con aplicador de cer\u00e1mica.<\/p>\n","protected":false},"excerpt":{"rendered":"<p>Fluido antiarrugas para contorno de ojos.Tratamiento de noche intensivo que ayuda a relajar las contracciones faciales causantes de las l\u00edneas de expresi\u00f3n. Formulado con un avanzado p\u00e9ptido y retinol, contribuye a minimizar la apariencia de las arrugas y aporta un notable efecto lifting en el p\u00e1rpado superior.<\/p>\n","protected":false},"featured_media":1018,"comment_status":"open","ping_status":"closed","template":"","meta":{"_joinchat":[]},"product_brand":[],"product_cat":[58,63,59,75,56],"product_tag":[],"class_list":{"0":"post-948","1":"product","2":"type-product","3":"status-publish","4":"has-post-thumbnail","6":"product_cat-antiaging","7":"product_cat-contorno-de-ojos-y-labios","8":"product_cat-facial","9":"product_cat-natura-bisse","10":"product_cat-serums","12":"first","13":"instock","14":"shipping-taxable","15":"purchasable","16":"product-type-simple"},"_links":{"self":[{"href":"https:\/\/momajavea.com\/en\/wp-json\/wp\/v2\/product\/948","targetHints":{"allow":["GET"]}}],"collection":[{"href":"https:\/\/momajavea.com\/en\/wp-json\/wp\/v2\/product"}],"about":[{"href":"https:\/\/momajavea.com\/en\/wp-json\/wp\/v2\/types\/product"}],"replies":[{"embeddable":true,"href":"https:\/\/momajavea.com\/en\/wp-json\/wp\/v2\/comments?post=948"}],"wp:featuredmedia":[{"embeddable":true,"href":"https:\/\/momajavea.com\/en\/wp-json\/wp\/v2\/media\/1018"}],"wp:attachment":[{"href":"https:\/\/momajavea.com\/en\/wp-json\/wp\/v2\/media?parent=948"}],"wp:term":[{"taxonomy":"product_brand","embeddable":true,"href":"https:\/\/momajavea.com\/en\/wp-json\/wp\/v2\/product_brand?post=948"},{"taxonomy":"product_cat","embeddable":true,"href":"https:\/\/momajavea.com\/en\/wp-json\/wp\/v2\/product_cat?post=948"},{"taxonomy":"product_tag","embeddable":true,"href":"https:\/\/momajavea.com\/en\/wp-json\/wp\/v2\/product_tag?post=948"}],"curies":[{"name":"wp","href":"https:\/\/api.w.org\/{rel}","templated":true}]}}