{"id":944,"date":"2024-01-15T15:26:33","date_gmt":"2024-01-15T15:26:33","guid":{"rendered":"https:\/\/momajavea.testdcip.com\/?post_type=product&#038;p=944"},"modified":"2024-11-25T16:52:57","modified_gmt":"2024-11-25T16:52:57","slug":"deep-pore-pure-dmk","status":"publish","type":"product","link":"https:\/\/momajavea.com\/en\/producto\/deep-pore-pure-dmk\/","title":{"rendered":"Deep Pore Pure &#8211; DMK"},"content":{"rendered":"<p>Descripci\u00f3n <\/p>\n<p>Deep Pore Pure est\u00e1 dise\u00f1ado para dejar la piel con una sensaci\u00f3n de limpieza, suavidad y flexibilidad en lugar de sequedad y tirantez, a diferencia de otros limpiadores.<\/p>\n<p> Modo de uso <\/p>\n<p>&nbsp;<\/p>\n<p>D\u00eda y noche, una perla del producto en un bowl mezclado con agua. Aplicar realizando un peque\u00f1o masajemasajeando con las yemas de los dedos humedecidas evitando los ojos. Enjuague bien con agua.<\/p>\n<p> Formato <\/p>\n<p>180ml<\/p>\n<p> Ingredientes principales: <\/p>\n<ul>\n<li>Pantenol<\/li>\n<li>Alanto\u00edna<\/li>\n<li>Aceite de limon<\/li>\n<li>Corteza de roble blanco<\/li>\n<li>Yuca<\/li>\n<li>\u00c1loe<\/li>\n<\/ul>\n","protected":false},"excerpt":{"rendered":"<p>Un limpiador suave para pieles normales, grasas o congestionadas, Deep Pore funciona para eliminar las impurezas incrustadas de la piel.<\/p>\n","protected":false},"featured_media":945,"comment_status":"open","ping_status":"closed","template":"","meta":{"_joinchat":[]},"product_brand":[],"product_cat":[73,59,54,62],"product_tag":[],"class_list":{"0":"post-944","1":"product","2":"type-product","3":"status-publish","4":"has-post-thumbnail","6":"product_cat-dmk","7":"product_cat-facial","8":"product_cat-limpiador","9":"product_cat-limpiadores","11":"first","12":"outofstock","13":"shipping-taxable","14":"purchasable","15":"product-type-simple"},"_links":{"self":[{"href":"https:\/\/momajavea.com\/en\/wp-json\/wp\/v2\/product\/944","targetHints":{"allow":["GET"]}}],"collection":[{"href":"https:\/\/momajavea.com\/en\/wp-json\/wp\/v2\/product"}],"about":[{"href":"https:\/\/momajavea.com\/en\/wp-json\/wp\/v2\/types\/product"}],"replies":[{"embeddable":true,"href":"https:\/\/momajavea.com\/en\/wp-json\/wp\/v2\/comments?post=944"}],"wp:featuredmedia":[{"embeddable":true,"href":"https:\/\/momajavea.com\/en\/wp-json\/wp\/v2\/media\/945"}],"wp:attachment":[{"href":"https:\/\/momajavea.com\/en\/wp-json\/wp\/v2\/media?parent=944"}],"wp:term":[{"taxonomy":"product_brand","embeddable":true,"href":"https:\/\/momajavea.com\/en\/wp-json\/wp\/v2\/product_brand?post=944"},{"taxonomy":"product_cat","embeddable":true,"href":"https:\/\/momajavea.com\/en\/wp-json\/wp\/v2\/product_cat?post=944"},{"taxonomy":"product_tag","embeddable":true,"href":"https:\/\/momajavea.com\/en\/wp-json\/wp\/v2\/product_tag?post=944"}],"curies":[{"name":"wp","href":"https:\/\/api.w.org\/{rel}","templated":true}]}}