{"id":940,"date":"2024-01-15T15:26:31","date_gmt":"2024-01-15T15:26:31","guid":{"rendered":"https:\/\/momajavea.testdcip.com\/?post_type=product&#038;p=940"},"modified":"2024-11-25T16:53:42","modified_gmt":"2024-11-25T16:53:42","slug":"seba-e-dmk","status":"publish","type":"product","link":"https:\/\/momajavea.com\/en\/producto\/seba-e-dmk\/","title":{"rendered":"Seba-E &#8211; DMK"},"content":{"rendered":"<p>Descripci\u00f3n <\/p>\n<p>Formulado para emular el manto \u00e1cido y restaurar la funci\u00f3n de barrera natural de la piel.&nbsp;Esto ayuda a prevenir la deshidrataci\u00f3n de la piel que puede causar aspereza, descamaci\u00f3n, piel reactiva roja, l\u00edneas finas, arrugas y p\u00e9rdida de vitalidad y elasticidad en la piel.&nbsp;Hecho de una fina mezcla de aceites herbales y vitamina E<\/p>\n<p> Modo de uso <\/p>\n<p>Despu\u00e9s de limpiar la piel, aplique de dos a cuatro gotas de aceite Seba-E con Herb &amp; Mineral spray y aplique suavemente en la piel.<\/p>\n<p> Formato <\/p>\n<p>30ml<\/p>\n<p> Ingredientes principales: <\/p>\n<ul>\n<li>Vitamina E (Tocoferal)<\/li>\n<li>Aceite de soja<\/li>\n<li>Aceite de Avena (Aceite de Avena Sativa)<\/li>\n<li>Aceite de flor de magnolia (aceite de flor de Michelia Alba)<\/li>\n<li>Aceite de rosa (aceite de flor de rosa damascena)<\/li>\n<\/ul>\n","protected":false},"excerpt":{"rendered":"<p>Para ayudar a reducir la sequedad y rellenar la piel, la f\u00f3rmula de Seba-E est\u00e1 dise\u00f1ada para imitar los l\u00edpidos y aceites naturales id\u00e9nticos de la piel para promover la reparaci\u00f3n de la barrera.&nbsp;Esto ayuda a restablecer la hidrataci\u00f3n y revitalizar la piel.<\/p>\n","protected":false},"featured_media":941,"comment_status":"open","ping_status":"closed","template":"","meta":{"_joinchat":[]},"product_brand":[],"product_cat":[58,73,59,74,56],"product_tag":[],"class_list":{"0":"post-940","1":"product","2":"type-product","3":"status-publish","4":"has-post-thumbnail","6":"product_cat-antiaging","7":"product_cat-dmk","8":"product_cat-facial","9":"product_cat-hidratantes","10":"product_cat-serums","12":"first","13":"outofstock","14":"shipping-taxable","15":"purchasable","16":"product-type-simple"},"_links":{"self":[{"href":"https:\/\/momajavea.com\/en\/wp-json\/wp\/v2\/product\/940","targetHints":{"allow":["GET"]}}],"collection":[{"href":"https:\/\/momajavea.com\/en\/wp-json\/wp\/v2\/product"}],"about":[{"href":"https:\/\/momajavea.com\/en\/wp-json\/wp\/v2\/types\/product"}],"replies":[{"embeddable":true,"href":"https:\/\/momajavea.com\/en\/wp-json\/wp\/v2\/comments?post=940"}],"wp:featuredmedia":[{"embeddable":true,"href":"https:\/\/momajavea.com\/en\/wp-json\/wp\/v2\/media\/941"}],"wp:attachment":[{"href":"https:\/\/momajavea.com\/en\/wp-json\/wp\/v2\/media?parent=940"}],"wp:term":[{"taxonomy":"product_brand","embeddable":true,"href":"https:\/\/momajavea.com\/en\/wp-json\/wp\/v2\/product_brand?post=940"},{"taxonomy":"product_cat","embeddable":true,"href":"https:\/\/momajavea.com\/en\/wp-json\/wp\/v2\/product_cat?post=940"},{"taxonomy":"product_tag","embeddable":true,"href":"https:\/\/momajavea.com\/en\/wp-json\/wp\/v2\/product_tag?post=940"}],"curies":[{"name":"wp","href":"https:\/\/api.w.org\/{rel}","templated":true}]}}