{"id":938,"date":"2024-01-15T15:26:31","date_gmt":"2024-01-15T15:26:31","guid":{"rendered":"https:\/\/momajavea.testdcip.com\/?post_type=product&#038;p=938"},"modified":"2024-11-25T16:53:34","modified_gmt":"2024-11-25T16:53:34","slug":"herbal-pigment-dmk","status":"publish","type":"product","link":"https:\/\/momajavea.com\/en\/producto\/herbal-pigment-dmk\/","title":{"rendered":"Herbal Pigment &#8211; DMK"},"content":{"rendered":"<p>Descripci\u00f3n <\/p>\n<p><span><span><span><span><span><span><span><span><span><span><span><span><span><span><span><span><span><span><span><span><span><span><span><span>El aceite Herbal Pigment es un aceite hidratante que ayuda a iluminar, suavizar y fortalecer la piel, al mismo tiempo que protege contra la deshidrataci\u00f3n.&nbsp;<\/span><\/span><\/span><\/span><\/span><\/span><\/span><\/span><\/span><\/span><\/span><\/span><\/span><\/span><\/span><\/span><\/span><\/span><\/span><\/span><\/span><\/span><\/span><\/span><\/p>\n<p><span><span><span><span><span><span><span><span><span><span><span><span><span><span><span><span><span><span><span><span><span><span><span><span>Cuando se combina con Herbal &amp; Mineral spray&nbsp;imita la barrera natural de la piel para reparar las pieles reactivas y fr\u00e1giles.&nbsp;Es ideal para pieles m\u00e1s oscuras, pieles propensas a pigmentaci\u00f3n.<\/span><\/span><\/span><\/span><\/span><\/span><\/span><\/span><\/span><\/span><\/span><\/span><\/span><\/span><\/span><\/span><\/span><\/span><\/span><\/span><\/span><\/span><\/span><\/span><\/p>\n<p> Modo de uso <\/p>\n<p>Aplique de dos a cuatro gotas mezclado con Herb &amp; Mineral Spray y aplique ligeramente en la piel, debajo de los ojos y en el cuello o las \u00e1reas problem\u00e1ticas.&nbsp;<\/p>\n<p>Para cicatrices queloides, aplique dos o tres veces al d\u00eda sin el Spray<\/p>\n<p> Formato <\/p>\n<p>30ml<\/p>\n<p> Ingredientes principales: <\/p>\n<ul>\n<li>Vitamina C (\u00c1cido Asc\u00f3rbico)<\/li>\n<li>Aceite de H\u00edgado de Bacalao (Gadi Lecur)<\/li>\n<li>aceite de limon<\/li>\n<li>Aceite de soja<\/li>\n<li>Aceite de Avena (Aceite de Avena Sativa)<\/li>\n<li>Aceite de rosa (aceite de flor de rosa damascena)<\/li>\n<li>Todo el sistema conservante natural<\/li>\n<\/ul>\n","protected":false},"excerpt":{"rendered":"<p>El aceite Herbal Pigment&nbsp;nutre,&nbsp;suaviza, ilumina y descama la piel seca y descolorida, mientras fortalece y reemplaza los l\u00edpidos vitales.<\/p>\n","protected":false},"featured_media":939,"comment_status":"open","ping_status":"closed","template":"","meta":{"_joinchat":[]},"product_brand":[],"product_cat":[58,73,59,74,56],"product_tag":[],"class_list":{"0":"post-938","1":"product","2":"type-product","3":"status-publish","4":"has-post-thumbnail","6":"product_cat-antiaging","7":"product_cat-dmk","8":"product_cat-facial","9":"product_cat-hidratantes","10":"product_cat-serums","12":"first","13":"outofstock","14":"shipping-taxable","15":"purchasable","16":"product-type-simple"},"_links":{"self":[{"href":"https:\/\/momajavea.com\/en\/wp-json\/wp\/v2\/product\/938","targetHints":{"allow":["GET"]}}],"collection":[{"href":"https:\/\/momajavea.com\/en\/wp-json\/wp\/v2\/product"}],"about":[{"href":"https:\/\/momajavea.com\/en\/wp-json\/wp\/v2\/types\/product"}],"replies":[{"embeddable":true,"href":"https:\/\/momajavea.com\/en\/wp-json\/wp\/v2\/comments?post=938"}],"wp:featuredmedia":[{"embeddable":true,"href":"https:\/\/momajavea.com\/en\/wp-json\/wp\/v2\/media\/939"}],"wp:attachment":[{"href":"https:\/\/momajavea.com\/en\/wp-json\/wp\/v2\/media?parent=938"}],"wp:term":[{"taxonomy":"product_brand","embeddable":true,"href":"https:\/\/momajavea.com\/en\/wp-json\/wp\/v2\/product_brand?post=938"},{"taxonomy":"product_cat","embeddable":true,"href":"https:\/\/momajavea.com\/en\/wp-json\/wp\/v2\/product_cat?post=938"},{"taxonomy":"product_tag","embeddable":true,"href":"https:\/\/momajavea.com\/en\/wp-json\/wp\/v2\/product_tag?post=938"}],"curies":[{"name":"wp","href":"https:\/\/api.w.org\/{rel}","templated":true}]}}