{"id":936,"date":"2024-01-15T15:26:30","date_gmt":"2024-01-15T15:26:30","guid":{"rendered":"https:\/\/momajavea.testdcip.com\/?post_type=product&#038;p=936"},"modified":"2024-11-25T16:53:54","modified_gmt":"2024-11-25T16:53:54","slug":"acu-masque-dmk","status":"publish","type":"product","link":"https:\/\/momajavea.com\/en\/producto\/acu-masque-dmk\/","title":{"rendered":"Acu Masque &#8211; DMK"},"content":{"rendered":"<p>Descripci\u00f3n <\/p>\n<div>\n<p><span><span><span><span><span><span><span><span><span><span><span><span><span><span><span><span><span><span><span><span><span><span><span><span><span><span><span><span>\u00a1Un h\u00e9roe!&nbsp;Acu Masque es para todas las afecciones de la piel, incluida la piel roja e inflamada, el acn\u00e9 y la congesti\u00f3n, as\u00ed como para la piel sensible que necesita una limpieza profunda.&nbsp;<\/span><\/span><\/span><\/span><\/span><\/span><\/span><\/span><\/span><\/span><\/span><\/span><\/span><\/span><\/span><\/span><\/span><\/span><\/span><\/span><\/span><\/span><\/span><\/span><\/span><\/span><\/span><\/span><\/p>\n<p><span><span><span><span><span><span><span><span><span><span><span><span><span><span><span><span><span><span><span><span><span><span><span><span><span><span><span><span>Acu Masque ayuda a combatir las toxinas mientras ayuda a limpiar y calmar la piel.&nbsp;La mascarilla utiliza bentonita que absorbe las toxinas, eliminando las impurezas y la congesti\u00f3n sin resecar ni despegar la piel.&nbsp;<\/span><\/span><\/span><\/span><\/span><\/span><\/span><\/span><\/span><\/span><\/span><\/span><\/span><\/span><\/span><\/span><\/span><\/span><\/span><\/span><\/span><\/span><\/span><\/span><\/span><\/span><\/span><\/span><\/p>\n<p><span><span><span><span><span><span><span><span><span><span><span><span><span><span><span><span><span><span><span><span><span><span><span><span><span><span><span><span>Dise\u00f1ada con azufre &#8216;mineral de belleza&#8217; de la naturaleza, esta m\u00e1scara vers\u00e1til ayuda a mantener una tez clara y juvenil y a controlar el acn\u00e9.<\/span><\/span><\/span><\/span><\/span><\/span><\/span><\/span><\/span><\/span><\/span><\/span><\/span><\/span><\/span><\/span><\/span><\/span><\/span><\/span><\/span><\/span><\/span><\/span><\/span><\/span><\/span><\/span><\/p>\n<p>&nbsp;<\/p>\n<\/div>\n<p> Modo de uso <\/p>\n<p>Limpiar la piel y aplicar mascarilla.&nbsp;Despu\u00e9s de 20 minutos retirar con agua tibia y aplicar Pore reduction.<\/p>\n<p>Alternativamente, para una exfoliaci\u00f3n profunda, aplique despu\u00e9s de Micro Peel.<\/p>\n<p> Formato <\/p>\n<p>60ml<\/p>\n<p> Ingredientes principales: <\/p>\n<ul>\n<li>Azufre<\/li>\n<li>Caol\u00edn<\/li>\n<li>Aceite de hoja de eucalipto globulus<\/li>\n<li>\u00d3xido de zinc<\/li>\n<li>Di\u00f3xido de titanio<\/li>\n<\/ul>\n","protected":false},"excerpt":{"rendered":"<p>Ideal para pieles congestionadas y propensas a acn\u00e9.&nbsp;&nbsp;Acu Masque es una mascarilla casera vers\u00e1til que funciona para la piel grasa, opaca o roja inflamada.<\/p>\n","protected":false},"featured_media":937,"comment_status":"open","ping_status":"closed","template":"","meta":{"_joinchat":[]},"product_brand":[],"product_cat":[69,73,59,55],"product_tag":[],"class_list":{"0":"post-936","1":"product","2":"type-product","3":"status-publish","4":"has-post-thumbnail","6":"product_cat-acne","7":"product_cat-dmk","8":"product_cat-facial","9":"product_cat-mascarillas","11":"first","12":"outofstock","13":"shipping-taxable","14":"purchasable","15":"product-type-simple"},"_links":{"self":[{"href":"https:\/\/momajavea.com\/en\/wp-json\/wp\/v2\/product\/936","targetHints":{"allow":["GET"]}}],"collection":[{"href":"https:\/\/momajavea.com\/en\/wp-json\/wp\/v2\/product"}],"about":[{"href":"https:\/\/momajavea.com\/en\/wp-json\/wp\/v2\/types\/product"}],"replies":[{"embeddable":true,"href":"https:\/\/momajavea.com\/en\/wp-json\/wp\/v2\/comments?post=936"}],"wp:featuredmedia":[{"embeddable":true,"href":"https:\/\/momajavea.com\/en\/wp-json\/wp\/v2\/media\/937"}],"wp:attachment":[{"href":"https:\/\/momajavea.com\/en\/wp-json\/wp\/v2\/media?parent=936"}],"wp:term":[{"taxonomy":"product_brand","embeddable":true,"href":"https:\/\/momajavea.com\/en\/wp-json\/wp\/v2\/product_brand?post=936"},{"taxonomy":"product_cat","embeddable":true,"href":"https:\/\/momajavea.com\/en\/wp-json\/wp\/v2\/product_cat?post=936"},{"taxonomy":"product_tag","embeddable":true,"href":"https:\/\/momajavea.com\/en\/wp-json\/wp\/v2\/product_tag?post=936"}],"curies":[{"name":"wp","href":"https:\/\/api.w.org\/{rel}","templated":true}]}}