{"id":932,"date":"2024-01-15T15:26:29","date_gmt":"2024-01-15T15:26:29","guid":{"rendered":"https:\/\/momajavea.testdcip.com\/?post_type=product&#038;p=932"},"modified":"2024-11-25T16:53:59","modified_gmt":"2024-11-25T16:53:59","slug":"beta-gel-serum-dmk","status":"publish","type":"product","link":"https:\/\/momajavea.com\/en\/producto\/beta-gel-serum-dmk\/","title":{"rendered":"Beta Gel Serum-  DMK"},"content":{"rendered":"<p>Descripci\u00f3n <\/p>\n<div>\n<div>\n<p><span><span><span><span><span><span><span><span><span><span><span><span><span><span><span><span><span><span><span><span><span><span><span><span><span><span><span><span><span><span><span><span><span><span>&nbsp;La formulaci\u00f3n contiene beta-glucano para mejorar la capacidad de la piel para reducir el enrojecimiento y la inflamaci\u00f3n, reparar las c\u00e9lulas da\u00f1adas y estimular los factores de crecimiento.&nbsp;Perfecto para el acn\u00e9, la congesti\u00f3n, la ros\u00e1cea, el envejecimiento, el da\u00f1o solar y la piel reactiva con enrojecimiento.&nbsp;El producto en la receta de la piel de todos.<\/span><\/span><\/span><\/span><\/span><\/span><\/span><\/span><\/span><\/span><\/span><\/span><\/span><\/span><\/span><\/span><\/span><\/span><\/span><\/span><\/span><\/span><\/span><\/span><\/span><\/span><\/span><\/span><\/span><\/span><\/span><\/span><\/span><\/span><\/p>\n<p>&nbsp;<\/p>\n<\/div>\n<\/div>\n<p> Modo de uso <\/p>\n<p>&nbsp;<\/p>\n<p>D\u00eda y noche, aplicar una gota en la palma de la mano y aplicar con un peque\u00f1o masaje<\/p>\n<p> Formato <\/p>\n<p>30ml<\/p>\n<p> Ingredientes principales: <\/p>\n<ul>\n<li>Beta glucano<\/li>\n<li>Oligop\u00e9ptido de palmitoilo (Pal-GHK)<\/li>\n<li>Vitamina E (Tocoferal)<\/li>\n<li>Palmitoil tetrap\u00e9ptido-7<\/li>\n<li>Vitamina C (fosfato de ascorbilo y magnesio)<\/li>\n<li>Aceite de c\u00e1rtamo (Carthamus tinctorius)<\/li>\n<\/ul>\n","protected":false},"excerpt":{"rendered":"<p>Una f\u00f3rmula exclusiva de DMK, Beta Gel es un poderoso suero estimulante del sistema inmunol\u00f3gico dise\u00f1ado para tratar todas las afecciones de la piel.&nbsp;Dise\u00f1ada para pieles reactivas e&nbsp;irritadas.<\/p>\n","protected":false},"featured_media":933,"comment_status":"open","ping_status":"closed","template":"","meta":{"_joinchat":[]},"product_brand":[],"product_cat":[58,73,59,74,56],"product_tag":[],"class_list":{"0":"post-932","1":"product","2":"type-product","3":"status-publish","4":"has-post-thumbnail","6":"product_cat-antiaging","7":"product_cat-dmk","8":"product_cat-facial","9":"product_cat-hidratantes","10":"product_cat-serums","12":"first","13":"outofstock","14":"shipping-taxable","15":"purchasable","16":"product-type-simple"},"_links":{"self":[{"href":"https:\/\/momajavea.com\/en\/wp-json\/wp\/v2\/product\/932","targetHints":{"allow":["GET"]}}],"collection":[{"href":"https:\/\/momajavea.com\/en\/wp-json\/wp\/v2\/product"}],"about":[{"href":"https:\/\/momajavea.com\/en\/wp-json\/wp\/v2\/types\/product"}],"replies":[{"embeddable":true,"href":"https:\/\/momajavea.com\/en\/wp-json\/wp\/v2\/comments?post=932"}],"wp:featuredmedia":[{"embeddable":true,"href":"https:\/\/momajavea.com\/en\/wp-json\/wp\/v2\/media\/933"}],"wp:attachment":[{"href":"https:\/\/momajavea.com\/en\/wp-json\/wp\/v2\/media?parent=932"}],"wp:term":[{"taxonomy":"product_brand","embeddable":true,"href":"https:\/\/momajavea.com\/en\/wp-json\/wp\/v2\/product_brand?post=932"},{"taxonomy":"product_cat","embeddable":true,"href":"https:\/\/momajavea.com\/en\/wp-json\/wp\/v2\/product_cat?post=932"},{"taxonomy":"product_tag","embeddable":true,"href":"https:\/\/momajavea.com\/en\/wp-json\/wp\/v2\/product_tag?post=932"}],"curies":[{"name":"wp","href":"https:\/\/api.w.org\/{rel}","templated":true}]}}