{"id":930,"date":"2024-01-15T15:26:28","date_gmt":"2024-01-15T15:26:28","guid":{"rendered":"https:\/\/momajavea.testdcip.com\/?post_type=product&#038;p=930"},"modified":"2024-11-25T16:54:08","modified_gmt":"2024-11-25T16:54:08","slug":"betagen-cream-dmk","status":"publish","type":"product","link":"https:\/\/momajavea.com\/en\/producto\/betagen-cream-dmk\/","title":{"rendered":"BetaGen Cream-  DMK"},"content":{"rendered":"<p>Descripci\u00f3n <\/p>\n<div>\n<p><span><span><span><span><span><span><span><span><span><span><span><span><span><span><span><span><span><span><span><span><span><span><span><span><span><span><span><span><span><span><span><span><span><span>Contiene el poderoso beta-glucano, funciona para desencadenar la regeneraci\u00f3n de las c\u00e9lulas da\u00f1adas, el col\u00e1geno y ayuda a mejorar la respuesta inmunitaria para combatir los radicales libres.&nbsp;Betagen tambi\u00e9n est\u00e1 formulado con ricos ingredientes nutritivos que funcionan para calmar y retener la humedad.<\/span><\/span><\/span><\/span><\/span><\/span><\/span><\/span><\/span><\/span><\/span><\/span><\/span><\/span><\/span><\/span><\/span><\/span><\/span><\/span><\/span><\/span><\/span><\/span><\/span><\/span><\/span><\/span><\/span><\/span><\/span><\/span><\/span><\/span><\/p>\n<\/div>\n<p> Modo de uso <\/p>\n<p>&nbsp;<\/p>\n<p>D\u00eda y noche, aplicar una gota en la palma de la mano&nbsp;rociada con Herb &amp; Mineral&nbsp; spray y apl\u00edquela en la piel.<\/p>\n<p> Formato <\/p>\n<p>30ml<\/p>\n<p> Ingredientes principales: <\/p>\n<ul>\n<li>pantenol<\/li>\n<li>Beta glucano<\/li>\n<li>aceite de calabaza<\/li>\n<li>Aceite de c\u00e1rtamo<\/li>\n<li>Vitamina E (Tocoferal)<\/li>\n<li>Oligop\u00e9ptido de palmitoilo<\/li>\n<li>Palmitoil tetrap\u00e9ptido-7<\/li>\n<li>Vitamina A (palmitato de retinilo)<\/li>\n<li>Manzanilla (Extracto de Flor de Anthemis Nobilis)<\/li>\n<li>Lactobacillus (fermento de harina de centeno)<\/li>\n<li>Todo el sistema conservante natur<\/li>\n<\/ul>\n","protected":false},"excerpt":{"rendered":"<p><span><span><span><span><span><span><span><span><span><span><span><span><span><span><span><span><span><span><span><span><span><span><span><span><span><span><span><span><span><span><span><span><span><span>Conocida como la &#8216;crema de emergencia&#8217; de DMK, Betagen es una formulaci\u00f3n \u00fanica dise\u00f1ada para revisar la piel que demuestra sensibilidad, estr\u00e9s ambiental, da\u00f1o solar, envejecimiento prematuro y signos de trauma.&nbsp;<\/span><\/span><\/span><\/span><\/span><\/span><\/span><\/span><\/span><\/span><\/span><\/span><\/span><\/span><\/span><\/span><\/span><\/span><\/span><\/span><\/span><\/span><\/span><\/span><\/span><\/span><\/span><\/span><\/span><\/span><\/span><\/span><\/span><\/span><\/p>\n","protected":false},"featured_media":931,"comment_status":"open","ping_status":"closed","template":"","meta":{"_joinchat":[]},"product_brand":[],"product_cat":[58,73,59,74],"product_tag":[],"class_list":{"0":"post-930","1":"product","2":"type-product","3":"status-publish","4":"has-post-thumbnail","6":"product_cat-antiaging","7":"product_cat-dmk","8":"product_cat-facial","9":"product_cat-hidratantes","11":"first","12":"outofstock","13":"shipping-taxable","14":"purchasable","15":"product-type-simple"},"_links":{"self":[{"href":"https:\/\/momajavea.com\/en\/wp-json\/wp\/v2\/product\/930","targetHints":{"allow":["GET"]}}],"collection":[{"href":"https:\/\/momajavea.com\/en\/wp-json\/wp\/v2\/product"}],"about":[{"href":"https:\/\/momajavea.com\/en\/wp-json\/wp\/v2\/types\/product"}],"replies":[{"embeddable":true,"href":"https:\/\/momajavea.com\/en\/wp-json\/wp\/v2\/comments?post=930"}],"wp:featuredmedia":[{"embeddable":true,"href":"https:\/\/momajavea.com\/en\/wp-json\/wp\/v2\/media\/931"}],"wp:attachment":[{"href":"https:\/\/momajavea.com\/en\/wp-json\/wp\/v2\/media?parent=930"}],"wp:term":[{"taxonomy":"product_brand","embeddable":true,"href":"https:\/\/momajavea.com\/en\/wp-json\/wp\/v2\/product_brand?post=930"},{"taxonomy":"product_cat","embeddable":true,"href":"https:\/\/momajavea.com\/en\/wp-json\/wp\/v2\/product_cat?post=930"},{"taxonomy":"product_tag","embeddable":true,"href":"https:\/\/momajavea.com\/en\/wp-json\/wp\/v2\/product_tag?post=930"}],"curies":[{"name":"wp","href":"https:\/\/api.w.org\/{rel}","templated":true}]}}