{"id":926,"date":"2024-01-15T15:26:26","date_gmt":"2024-01-15T15:26:26","guid":{"rendered":"https:\/\/momajavea.testdcip.com\/?post_type=product&#038;p=926"},"modified":"2024-11-25T16:54:17","modified_gmt":"2024-11-25T16:54:17","slug":"acu-moist-spf15-dmk","status":"publish","type":"product","link":"https:\/\/momajavea.com\/en\/producto\/acu-moist-spf15-dmk\/","title":{"rendered":"Acu Moist SPF15 &#8211;  DMK"},"content":{"rendered":"<p>Descripci\u00f3n <\/p>\n<div>\n<div>\n<p><span><span><span><span><span><span><span><span><span><span><span><span><span><span><span><span><span><span><span><span><span><span><span><span><span><span><span><span><span><span><span><span><span><span><span><span><span><span><span><span><span><span><span><span><span>Esta loci\u00f3n es adecuada para personas con acn\u00e9 qu\u00edstico inflamado, piel grasa congestionada o que buscan un humectante no graso.<\/span><\/span><\/span><\/span><\/span><\/span><\/span><\/span><\/span><\/span><\/span><\/span><\/span><\/span><\/span><\/span><\/span><\/span><\/span><\/span><\/span><\/span><\/span><\/span><\/span><\/span><\/span><\/span><\/span><\/span><\/span><\/span><\/span><\/span><\/span><\/span><\/span><\/span><\/span><\/span><\/span><\/span><\/span><\/span><\/span><\/p>\n<p><span><span><span><span><span><span><span><span><span><span><span><span><span><span><span><span><span><span><span><span><span><span><span><span><span><span><span><span><span><span><span><span><span><span><span><span><span><span><span><span><span><span><span><span><span>&nbsp;Como beneficio adicional, contiene SPF15 para que su piel se sienta ligeramente hidratada mientras est\u00e1 protegida del da\u00f1o de los rayos UV.<\/span><\/span><\/span><\/span><\/span><\/span><\/span><\/span><\/span><\/span><\/span><\/span><\/span><\/span><\/span><\/span><\/span><\/span><\/span><\/span><\/span><\/span><\/span><\/span><\/span><\/span><\/span><\/span><\/span><\/span><\/span><\/span><\/span><\/span><\/span><\/span><\/span><\/span><\/span><\/span><\/span><\/span><\/span><\/span><\/span><\/p>\n<p>&nbsp;<\/p>\n<\/div>\n<\/div>\n<p> Modo de uso <\/p>\n<p>D\u00eda y noche, aplicar una gota en la palma de la mano&nbsp;rociada con Herb &amp; Mineral&nbsp; spray y apl\u00edque en la piel.<\/p>\n<p> Formato <\/p>\n<p>50ml<\/p>\n<p> Ingredientes principales: <\/p>\n<ul>\n<li>C\u00e1rtamo<\/li>\n<li>Alanto\u00edna<\/li>\n<li>\u00d3xido de zinc<\/li>\n<li>Aceite de flor de magnolia (aceite de flor de Michelia Alba)<\/li>\n<\/ul>\n","protected":false},"excerpt":{"rendered":"<p>Crema hidratante ligera que ocluye la humedad, ideal para el acn\u00e9 qu\u00edstico inflamado y la piel grasa congestionada. Rica en antioxidantes, vitaminas y \u00e1cidos grasos esenciales para reequilibrar la piel grasa congestionada, calmar la inflamaci\u00f3n y matificar durante todo el d\u00eda.<\/p>\n","protected":false},"featured_media":927,"comment_status":"open","ping_status":"closed","template":"","meta":{"_joinchat":[]},"product_brand":[],"product_cat":[69,73,59,74],"product_tag":[],"class_list":{"0":"post-926","1":"product","2":"type-product","3":"status-publish","4":"has-post-thumbnail","6":"product_cat-acne","7":"product_cat-dmk","8":"product_cat-facial","9":"product_cat-hidratantes","11":"first","12":"outofstock","13":"shipping-taxable","14":"purchasable","15":"product-type-simple"},"_links":{"self":[{"href":"https:\/\/momajavea.com\/en\/wp-json\/wp\/v2\/product\/926","targetHints":{"allow":["GET"]}}],"collection":[{"href":"https:\/\/momajavea.com\/en\/wp-json\/wp\/v2\/product"}],"about":[{"href":"https:\/\/momajavea.com\/en\/wp-json\/wp\/v2\/types\/product"}],"replies":[{"embeddable":true,"href":"https:\/\/momajavea.com\/en\/wp-json\/wp\/v2\/comments?post=926"}],"wp:featuredmedia":[{"embeddable":true,"href":"https:\/\/momajavea.com\/en\/wp-json\/wp\/v2\/media\/927"}],"wp:attachment":[{"href":"https:\/\/momajavea.com\/en\/wp-json\/wp\/v2\/media?parent=926"}],"wp:term":[{"taxonomy":"product_brand","embeddable":true,"href":"https:\/\/momajavea.com\/en\/wp-json\/wp\/v2\/product_brand?post=926"},{"taxonomy":"product_cat","embeddable":true,"href":"https:\/\/momajavea.com\/en\/wp-json\/wp\/v2\/product_cat?post=926"},{"taxonomy":"product_tag","embeddable":true,"href":"https:\/\/momajavea.com\/en\/wp-json\/wp\/v2\/product_tag?post=926"}],"curies":[{"name":"wp","href":"https:\/\/api.w.org\/{rel}","templated":true}]}}