{"id":924,"date":"2024-01-15T15:26:25","date_gmt":"2024-01-15T15:26:25","guid":{"rendered":"https:\/\/momajavea.testdcip.com\/?post_type=product&#038;p=924"},"modified":"2024-11-25T16:54:31","modified_gmt":"2024-11-25T16:54:31","slug":"acu-creme-dmk","status":"publish","type":"product","link":"https:\/\/momajavea.com\/en\/producto\/acu-creme-dmk\/","title":{"rendered":"Acu Creme &#8211;  DMK"},"content":{"rendered":"<p>Descripci\u00f3n <\/p>\n<div>\n<p><span><span><span><span><span><span><span><span><span><span><span><span><span><span><span><span><span><span><span><span><span><span><span><span><span><span><span><span>\u00bfTe sientes aceitoso Y seco al mismo tiempo?&nbsp;Lo m\u00e1s probable es que la sequedad que sientes se deba a que tus c\u00e9lulas no funcionan como deber\u00edan.&nbsp;<\/span><\/span><\/span><\/span><\/span><\/span><\/span><\/span><\/span><\/span><\/span><\/span><\/span><\/span><\/span><\/span><\/span><\/span><\/span><\/span><\/span><\/span><\/span><\/span><\/span><\/span><\/span><\/span><\/p>\n<p><span><span><span><span><span><span><span><span><span><span><span><span><span><span><span><span><span><span><span><span><span><span><span><span><span><span><span><span>Acu Cr\u00e9me trabaja para regular suavemente la renovaci\u00f3n celular (lo que suaviza la piel) y purifica y descongestiona la piel, mientras que los aceites naturales de la f\u00f3rmula la mantienen nutrida e hidratada.<\/span><\/span><\/span><\/span><\/span><\/span><\/span><\/span><\/span><\/span><\/span><\/span><\/span><\/span><\/span><\/span><\/span><\/span><\/span><\/span><\/span><\/span><\/span><\/span><\/span><\/span><\/span><\/span><\/p>\n<p><span><span><span><span><span><span><span><span><span><span><span><span><span><span><span><span><span><span><span><span><span><span><span><span><span><span><span><span>&nbsp;Dise\u00f1ado con una mezcla de vitaminas, \u00e1cidos grasos esenciales, antioxidantes y nutrientes.<\/span><\/span><\/span><\/span><\/span><\/span><\/span><\/span><\/span><\/span><\/span><\/span><\/span><\/span><\/span><\/span><\/span><\/span><\/span><\/span><\/span><\/span><\/span><\/span><\/span><\/span><\/span><\/span><br \/>\n&nbsp;<\/p>\n<\/div>\n<div>&nbsp;<\/div>\n<p> Modo de uso <\/p>\n<p>D\u00eda y noche, aplicar una gota en la palma de la mano&nbsp;rociada con Herb &amp; Mineral&nbsp; spray y apl\u00edque en la piel.<\/p>\n<p> Formato <\/p>\n<p>50ml<\/p>\n<p> Ingredientes principales: <\/p>\n<ul>\n<li>Aceite de aguacate<\/li>\n<li>Aceite de H\u00edgado de Bacalao (Aceite Gadi Lecur)<\/li>\n<li>Aceite de Girasol (Aceite de Helianthus Annus)<\/li>\n<li>cloroxilenol<\/li>\n<li>Aceite de soja<\/li>\n<\/ul>\n","protected":false},"excerpt":{"rendered":"<p>Acu Cr\u00e8me est\u00e1 formulada para purificar y descongestionar la piel al mismo tiempo que proporciona hidrataci\u00f3n y nutrici\u00f3n. Acu Cr\u00e9me trabaja para devolverle a su piel una armon\u00eda equilibrada.&nbsp; Para la piel congestionada y propensa al acn\u00e9, ,<\/p>\n","protected":false},"featured_media":925,"comment_status":"open","ping_status":"closed","template":"","meta":{"_joinchat":[]},"product_brand":[],"product_cat":[69,73,59,74],"product_tag":[],"class_list":{"0":"post-924","1":"product","2":"type-product","3":"status-publish","4":"has-post-thumbnail","6":"product_cat-acne","7":"product_cat-dmk","8":"product_cat-facial","9":"product_cat-hidratantes","11":"first","12":"outofstock","13":"shipping-taxable","14":"purchasable","15":"product-type-simple"},"_links":{"self":[{"href":"https:\/\/momajavea.com\/en\/wp-json\/wp\/v2\/product\/924","targetHints":{"allow":["GET"]}}],"collection":[{"href":"https:\/\/momajavea.com\/en\/wp-json\/wp\/v2\/product"}],"about":[{"href":"https:\/\/momajavea.com\/en\/wp-json\/wp\/v2\/types\/product"}],"replies":[{"embeddable":true,"href":"https:\/\/momajavea.com\/en\/wp-json\/wp\/v2\/comments?post=924"}],"wp:featuredmedia":[{"embeddable":true,"href":"https:\/\/momajavea.com\/en\/wp-json\/wp\/v2\/media\/925"}],"wp:attachment":[{"href":"https:\/\/momajavea.com\/en\/wp-json\/wp\/v2\/media?parent=924"}],"wp:term":[{"taxonomy":"product_brand","embeddable":true,"href":"https:\/\/momajavea.com\/en\/wp-json\/wp\/v2\/product_brand?post=924"},{"taxonomy":"product_cat","embeddable":true,"href":"https:\/\/momajavea.com\/en\/wp-json\/wp\/v2\/product_cat?post=924"},{"taxonomy":"product_tag","embeddable":true,"href":"https:\/\/momajavea.com\/en\/wp-json\/wp\/v2\/product_tag?post=924"}],"curies":[{"name":"wp","href":"https:\/\/api.w.org\/{rel}","templated":true}]}}