{"id":920,"date":"2024-01-15T15:26:24","date_gmt":"2024-01-15T15:26:24","guid":{"rendered":"https:\/\/momajavea.testdcip.com\/?post_type=product&#038;p=920"},"modified":"2024-11-25T16:54:36","modified_gmt":"2024-11-25T16:54:36","slug":"creme-citrique-dmk","status":"publish","type":"product","link":"https:\/\/momajavea.com\/en\/producto\/creme-citrique-dmk\/","title":{"rendered":"Cr\u00e8me Citrique &#8211;  DMK"},"content":{"rendered":"<p>Descripci\u00f3n <\/p>\n<div>\n<div>\n<p><span><span><span><span><span><span><span><span><span><span><span><span><span><span><span><span><span><span><span><span><span><span><span><span><span><span><span><span><span><span><span><span><span><span>Cr\u00e8me Citrique est\u00e1 repleto de ingredientes iluminadores para ayudar a controlar la apariencia de la pigmentaci\u00f3n.&nbsp;Tambi\u00e9n dise\u00f1ada para pieles grasas.<\/span><\/span><\/span><\/span><\/span><\/span><\/span><\/span><\/span><\/span><\/span><\/span><\/span><\/span><\/span><\/span><\/span><\/span><\/span><\/span><\/span><\/span><\/span><\/span><\/span><\/span><\/span><\/span><\/span><\/span><\/span><\/span><\/span><\/span><\/p>\n<p><span><span><span><span><span><span><span><span><span><span><span><span><span><span><span><span><span><span><span><span><span><span><span><span><span><span><span><span><span><span><span><span><span><span>Cr\u00e8me Citrique es brillante para equilibrar el flujo de aceite y aumentar el agua para la hidrataci\u00f3n.&nbsp;<\/span><\/span><\/span><\/span><\/span><\/span><\/span><\/span><\/span><\/span><\/span><\/span><\/span><\/span><\/span><\/span><\/span><\/span><\/span><\/span><\/span><\/span><\/span><\/span><\/span><\/span><\/span><\/span><\/span><\/span><\/span><\/span><\/span><\/span><\/p>\n<p><span><span><span><span><span><span><span><span><span><span><span><span><span><span><span><span><span><span><span><span><span><span><span><span><span><span><span><span><span><span><span><span><span><span>La crema perfecta para hombres y tonos de piel m\u00e1s oscuros&nbsp;.<\/span><\/span><\/span><\/span><\/span><\/span><\/span><\/span><\/span><\/span><\/span><\/span><\/span><\/span><\/span><\/span><\/span><\/span><\/span><\/span><\/span><\/span><\/span><\/span><\/span><\/span><\/span><\/span><\/span><\/span><\/span><\/span><\/span><\/span><\/p>\n<\/div>\n<\/div>\n<div>&nbsp;<\/div>\n<p> Modo de uso <\/p>\n<p>D\u00eda y noche, aplicar una gota en la palma de la mano&nbsp;rociada con Herb &amp; Mineral&nbsp; spray y apl\u00edque en la piel.<\/p>\n<p> Formato <\/p>\n<p>50ml<\/p>\n<p> Ingredientes principales: <\/p>\n<ul>\n<li>\u00c1cido k\u00f3jico<\/li>\n<li>\u00c1cido etil asc\u00f3rbico<\/li>\n<li>Pantenol Vitamina B5<\/li>\n<li>Algas (Halidrys Siliquosa)<\/li>\n<\/ul>\n","protected":false},"excerpt":{"rendered":"<div>\n<p>Se recomienda para pieles grasas e hiperpigmentadas, ya que ayuda a equilibrar los niveles de pH de la piel, regula el flujo de aceite y aclara las manchas.<\/p>\n<p>&nbsp;<\/p>\n<\/div>\n","protected":false},"featured_media":921,"comment_status":"open","ping_status":"closed","template":"","meta":{"_joinchat":[]},"product_brand":[],"product_cat":[58,73,59,74],"product_tag":[],"class_list":{"0":"post-920","1":"product","2":"type-product","3":"status-publish","4":"has-post-thumbnail","6":"product_cat-antiaging","7":"product_cat-dmk","8":"product_cat-facial","9":"product_cat-hidratantes","11":"first","12":"outofstock","13":"shipping-taxable","14":"purchasable","15":"product-type-simple"},"_links":{"self":[{"href":"https:\/\/momajavea.com\/en\/wp-json\/wp\/v2\/product\/920","targetHints":{"allow":["GET"]}}],"collection":[{"href":"https:\/\/momajavea.com\/en\/wp-json\/wp\/v2\/product"}],"about":[{"href":"https:\/\/momajavea.com\/en\/wp-json\/wp\/v2\/types\/product"}],"replies":[{"embeddable":true,"href":"https:\/\/momajavea.com\/en\/wp-json\/wp\/v2\/comments?post=920"}],"wp:featuredmedia":[{"embeddable":true,"href":"https:\/\/momajavea.com\/en\/wp-json\/wp\/v2\/media\/921"}],"wp:attachment":[{"href":"https:\/\/momajavea.com\/en\/wp-json\/wp\/v2\/media?parent=920"}],"wp:term":[{"taxonomy":"product_brand","embeddable":true,"href":"https:\/\/momajavea.com\/en\/wp-json\/wp\/v2\/product_brand?post=920"},{"taxonomy":"product_cat","embeddable":true,"href":"https:\/\/momajavea.com\/en\/wp-json\/wp\/v2\/product_cat?post=920"},{"taxonomy":"product_tag","embeddable":true,"href":"https:\/\/momajavea.com\/en\/wp-json\/wp\/v2\/product_tag?post=920"}],"curies":[{"name":"wp","href":"https:\/\/api.w.org\/{rel}","templated":true}]}}