{"id":918,"date":"2024-01-15T15:26:23","date_gmt":"2024-01-15T15:26:23","guid":{"rendered":"https:\/\/momajavea.testdcip.com\/?post_type=product&#038;p=918"},"modified":"2024-11-25T16:54:49","modified_gmt":"2024-11-25T16:54:49","slug":"hydroloc-cream-dmk","status":"publish","type":"product","link":"https:\/\/momajavea.com\/en\/producto\/hydroloc-cream-dmk\/","title":{"rendered":"Hydroloc Cream &#8211;  DMK"},"content":{"rendered":"<p>Descripci\u00f3n <\/p>\n<div>\n<div>\n<p>El aceite de c\u00e1rtamo proporciona una rica mezcla de vitaminas para retener la humedad, perfecto para la piel expuesta a ambientes hostiles, calefacci\u00f3n\/refrigeraci\u00f3n artificial, piel gen\u00e9ticamente seca o escamosa, quemaduras<\/p>\n<\/div>\n<\/div>\n<div>&nbsp;<\/div>\n<p> Modo de uso <\/p>\n<p>D\u00eda y noche, aplicar una gota en la palma de la mano&nbsp;rociada con Herb &amp; Mineral&nbsp; spray y apl\u00edque en la piel.<\/p>\n<p> Formato <\/p>\n<p>50ml<\/p>\n<p> Ingredientes principales: <\/p>\n<ul>\n<li>Aceite de girasol (aceite de semilla de Helianthus Annuus)<\/li>\n<li>Aceite de c\u00e1rtamo (Aceite de semilla de Carthamus tinctorius)<\/li>\n<li>Extracto de ra\u00edz de Ophiopogon japonicus<\/li>\n<\/ul>\n","protected":false},"excerpt":{"rendered":"<div>\n<p>Hydroloc es una crema oclusiva dise\u00f1ada para evitar que la piel se seque y protegerla del da\u00f1o ambiental.&nbsp;Ayuda a retener la humedad en la piel con su exclusiva f\u00f3rmula nutritiva y trabaja para prevenir la p\u00e9rdida de agua transeipd\u00e9rmica.<\/p>\n<\/div>\n","protected":false},"featured_media":919,"comment_status":"open","ping_status":"closed","template":"","meta":{"_joinchat":[]},"product_brand":[],"product_cat":[58,73,59,74],"product_tag":[],"class_list":{"0":"post-918","1":"product","2":"type-product","3":"status-publish","4":"has-post-thumbnail","6":"product_cat-antiaging","7":"product_cat-dmk","8":"product_cat-facial","9":"product_cat-hidratantes","11":"first","12":"outofstock","13":"shipping-taxable","14":"purchasable","15":"product-type-simple"},"_links":{"self":[{"href":"https:\/\/momajavea.com\/en\/wp-json\/wp\/v2\/product\/918","targetHints":{"allow":["GET"]}}],"collection":[{"href":"https:\/\/momajavea.com\/en\/wp-json\/wp\/v2\/product"}],"about":[{"href":"https:\/\/momajavea.com\/en\/wp-json\/wp\/v2\/types\/product"}],"replies":[{"embeddable":true,"href":"https:\/\/momajavea.com\/en\/wp-json\/wp\/v2\/comments?post=918"}],"wp:featuredmedia":[{"embeddable":true,"href":"https:\/\/momajavea.com\/en\/wp-json\/wp\/v2\/media\/919"}],"wp:attachment":[{"href":"https:\/\/momajavea.com\/en\/wp-json\/wp\/v2\/media?parent=918"}],"wp:term":[{"taxonomy":"product_brand","embeddable":true,"href":"https:\/\/momajavea.com\/en\/wp-json\/wp\/v2\/product_brand?post=918"},{"taxonomy":"product_cat","embeddable":true,"href":"https:\/\/momajavea.com\/en\/wp-json\/wp\/v2\/product_cat?post=918"},{"taxonomy":"product_tag","embeddable":true,"href":"https:\/\/momajavea.com\/en\/wp-json\/wp\/v2\/product_tag?post=918"}],"curies":[{"name":"wp","href":"https:\/\/api.w.org\/{rel}","templated":true}]}}