{"id":916,"date":"2024-01-15T15:26:23","date_gmt":"2024-01-15T15:26:23","guid":{"rendered":"https:\/\/momajavea.testdcip.com\/?post_type=product&#038;p=916"},"modified":"2024-11-25T16:54:42","modified_gmt":"2024-11-25T16:54:42","slug":"melanotech-cream-dmk","status":"publish","type":"product","link":"https:\/\/momajavea.com\/en\/producto\/melanotech-cream-dmk\/","title":{"rendered":"Melanotech Cream &#8211;  DMK"},"content":{"rendered":"<p>Descripci\u00f3n <\/p>\n<div>\n<div>\n<div>\n<div>\n<p><span><span><span><span><span><span><span><span><span><span><span><span><span><span><span><span><span><span><span><span><span><span><span><span><span><span><span><span><span><span><span><span><span><span><span><span><span>La rica formulaci\u00f3n a base de hierbas de Melanotech Cr\u00e8me est\u00e1 dise\u00f1ada espec\u00edficamente para la hiperpigmentaci\u00f3n y la piel gen\u00e9ticamente propensa a la pigmentaci\u00f3n.&nbsp;Esta crema nutritiva tiene agentes acondicionadores que la hacen adecuada para pieles normales a secas y proporciona excelentes resultados para tonos de piel oscuros como la piel mediterr\u00e1nea, india, asi\u00e1tica y del Medio Oriente.&nbsp;<\/span><\/span><\/span><\/span><\/span><\/span><\/span><\/span><\/span><\/span><\/span><\/span><\/span><\/span><\/span><\/span><\/span><\/span><\/span><\/span><\/span><\/span><\/span><\/span><\/span><\/span><\/span><\/span><\/span><\/span><\/span><\/span><\/span><\/span><\/span><\/span><\/span><\/p>\n<p><span><span><span><span><span><span><span><span><span><span><span><span><span><span><span><span><span><span><span><span><span><span><span><span><span><span><span><span><span><span><span><span><span><span><span><span><span>Esta crema incluye incre\u00edbles agentes abrillantadores como algas y regaliz para corregir la pigmentaci\u00f3n trabajando en cada etapa del desarrollo de la pigmentaci\u00f3n, as\u00ed como una medida preventiva.<\/span><\/span><\/span><\/span><\/span><\/span><\/span><\/span><\/span><\/span><\/span><\/span><\/span><\/span><\/span><\/span><\/span><\/span><\/span><\/span><\/span><\/span><\/span><\/span><\/span><\/span><\/span><\/span><\/span><\/span><\/span><\/span><\/span><\/span><\/span><\/span><\/span><\/p>\n<\/div>\n<p>&nbsp;<\/p>\n<\/div>\n<\/div>\n<\/div>\n<div>&nbsp;<\/div>\n<p> Modo de uso <\/p>\n<p>D\u00eda y noche, aplicar una gota en la palma de la mano&nbsp;rociada con Herb &amp; Mineral&nbsp; spray y apl\u00edque en la piel.<\/p>\n<p> Formato <\/p>\n<p>30ml<\/p>\n<p> Ingredientes principales: <\/p>\n<ul>\n<li>\u00c1cido k\u00f3jico<\/li>\n<li>Algas (Halidrys Siliquosa)<\/li>\n<li>Ra\u00edz de regaliz (Extracto de ra\u00edz de Glycyrrihiza Glabra<\/li>\n<\/ul>\n","protected":false},"excerpt":{"rendered":"<div>\n<p>Esta crema nutritiva est\u00e1 dise\u00f1ada espec\u00edficamente para tonos de piel m\u00e1s oscuros, hiperpigmentaci\u00f3n y piel gen\u00e9ticamente propensa a la pigmentaci\u00f3n.<\/p>\n<p>Su objetivo es mejorar y prevenir la hiperpigmentaci\u00f3n.<\/p>\n<\/div>\n","protected":false},"featured_media":917,"comment_status":"open","ping_status":"closed","template":"","meta":{"_joinchat":[]},"product_brand":[],"product_cat":[58,73,59,74],"product_tag":[],"class_list":{"0":"post-916","1":"product","2":"type-product","3":"status-publish","4":"has-post-thumbnail","6":"product_cat-antiaging","7":"product_cat-dmk","8":"product_cat-facial","9":"product_cat-hidratantes","11":"first","12":"outofstock","13":"shipping-taxable","14":"purchasable","15":"product-type-simple"},"_links":{"self":[{"href":"https:\/\/momajavea.com\/en\/wp-json\/wp\/v2\/product\/916","targetHints":{"allow":["GET"]}}],"collection":[{"href":"https:\/\/momajavea.com\/en\/wp-json\/wp\/v2\/product"}],"about":[{"href":"https:\/\/momajavea.com\/en\/wp-json\/wp\/v2\/types\/product"}],"replies":[{"embeddable":true,"href":"https:\/\/momajavea.com\/en\/wp-json\/wp\/v2\/comments?post=916"}],"wp:featuredmedia":[{"embeddable":true,"href":"https:\/\/momajavea.com\/en\/wp-json\/wp\/v2\/media\/917"}],"wp:attachment":[{"href":"https:\/\/momajavea.com\/en\/wp-json\/wp\/v2\/media?parent=916"}],"wp:term":[{"taxonomy":"product_brand","embeddable":true,"href":"https:\/\/momajavea.com\/en\/wp-json\/wp\/v2\/product_brand?post=916"},{"taxonomy":"product_cat","embeddable":true,"href":"https:\/\/momajavea.com\/en\/wp-json\/wp\/v2\/product_cat?post=916"},{"taxonomy":"product_tag","embeddable":true,"href":"https:\/\/momajavea.com\/en\/wp-json\/wp\/v2\/product_tag?post=916"}],"curies":[{"name":"wp","href":"https:\/\/api.w.org\/{rel}","templated":true}]}}