{"id":914,"date":"2024-01-15T15:26:22","date_gmt":"2024-01-15T15:26:22","guid":{"rendered":"https:\/\/momajavea.testdcip.com\/?post_type=product&#038;p=914"},"modified":"2024-11-25T16:54:59","modified_gmt":"2024-11-25T16:54:59","slug":"nutrascreen-spf30-creme-dmk","status":"publish","type":"product","link":"https:\/\/momajavea.com\/en\/producto\/nutrascreen-spf30-creme-dmk\/","title":{"rendered":"Nutrascreen SPF30 creme &#8211;  DMK"},"content":{"rendered":"<p>Descripci\u00f3n <\/p>\n<div>\n<div>\n<div>\n<div>\n<p>NutraScreen es una crema nutritiva resistente al agua, que proporciona un filtro UVA y UVB de amplio espectro con alta protecci\u00f3n SPF 30. Protege la piel y la integridad celular contra los productos qu\u00edmicos t\u00f3xicos.<\/p>\n<\/div>\n<\/div>\n<\/div>\n<\/div>\n<div>&nbsp;<\/div>\n<p> Modo de uso <\/p>\n<p>D\u00eda y noche, aplicar una gota en la palma de la mano&nbsp;rociada con Herb &amp; Mineral&nbsp; spray y apl\u00edque en la piel.<\/p>\n<p> Formato <\/p>\n<p>50ml<\/p>\n<p> Ingredientes principales: <\/p>\n<ul>\n<li>\u00c1cido k\u00f3jico<\/li>\n<li>Algas (Halidrys Siliquosa)<\/li>\n<li>Ra\u00edz de regaliz (Extracto de ra\u00edz de Glycyrrihiza Glabra<\/li>\n<\/ul>\n","protected":false},"excerpt":{"rendered":"<div>\n<p>Restauran los niveles \u00f3ptimos de hidrataci\u00f3n al mismo tiempo que previenen la p\u00e9rdida de agua transepid\u00e9rmica para obtener resultados duraderos. Es resistente al agua y al sudor, lo que lo hace ideal para usar en climas c\u00e1lidos y durante actividades deportivas.<\/p>\n<\/div>\n","protected":false},"featured_media":915,"comment_status":"open","ping_status":"closed","template":"","meta":{"_joinchat":[]},"product_brand":[],"product_cat":[58,73,59,74],"product_tag":[],"class_list":{"0":"post-914","1":"product","2":"type-product","3":"status-publish","4":"has-post-thumbnail","6":"product_cat-antiaging","7":"product_cat-dmk","8":"product_cat-facial","9":"product_cat-hidratantes","11":"first","12":"outofstock","13":"shipping-taxable","14":"purchasable","15":"product-type-simple"},"_links":{"self":[{"href":"https:\/\/momajavea.com\/en\/wp-json\/wp\/v2\/product\/914","targetHints":{"allow":["GET"]}}],"collection":[{"href":"https:\/\/momajavea.com\/en\/wp-json\/wp\/v2\/product"}],"about":[{"href":"https:\/\/momajavea.com\/en\/wp-json\/wp\/v2\/types\/product"}],"replies":[{"embeddable":true,"href":"https:\/\/momajavea.com\/en\/wp-json\/wp\/v2\/comments?post=914"}],"wp:featuredmedia":[{"embeddable":true,"href":"https:\/\/momajavea.com\/en\/wp-json\/wp\/v2\/media\/915"}],"wp:attachment":[{"href":"https:\/\/momajavea.com\/en\/wp-json\/wp\/v2\/media?parent=914"}],"wp:term":[{"taxonomy":"product_brand","embeddable":true,"href":"https:\/\/momajavea.com\/en\/wp-json\/wp\/v2\/product_brand?post=914"},{"taxonomy":"product_cat","embeddable":true,"href":"https:\/\/momajavea.com\/en\/wp-json\/wp\/v2\/product_cat?post=914"},{"taxonomy":"product_tag","embeddable":true,"href":"https:\/\/momajavea.com\/en\/wp-json\/wp\/v2\/product_tag?post=914"}],"curies":[{"name":"wp","href":"https:\/\/api.w.org\/{rel}","templated":true}]}}