{"id":912,"date":"2024-01-15T15:26:22","date_gmt":"2024-01-15T15:26:22","guid":{"rendered":"https:\/\/momajavea.testdcip.com\/?post_type=product&#038;p=912"},"modified":"2024-11-25T16:54:54","modified_gmt":"2024-11-25T16:54:54","slug":"super-bright-creme-dmk","status":"publish","type":"product","link":"https:\/\/momajavea.com\/en\/producto\/super-bright-creme-dmk\/","title":{"rendered":"Super Bright Creme &#8211;  DMK"},"content":{"rendered":"<p>Descripci\u00f3n <\/p>\n<div>\n<div>\n<div>\n<div>\n<div>\n<p><span><span><span><span><span><span><span><span><span><span><span><span><span><span><span><span><span><span><span><span><span><span><span><span><span><span><span><span>Esta formulaci\u00f3n rica en humectaci\u00f3n es una alternativa natural a los productos blanqueadores sin los posibles efectos secundarios t\u00f3xicos da\u00f1inos.&nbsp;<\/span><\/span><\/span><\/span><\/span><\/span><\/span><\/span><\/span><\/span><\/span><\/span><\/span><\/span><\/span><\/span><\/span><\/span><\/span><\/span><\/span><\/span><\/span><\/span><\/span><\/span><\/span><\/span><\/p>\n<p><span><span><span><span><span><span><span><span><span><span><span><span><span><span><span><span><span><span><span><span><span><span><span><span><span><span><span><span>Super Bright trabaja para rejuvenecer y revisar la piel que experimenta hiperpigmentaci\u00f3n, es propensa a la pigmentaci\u00f3n o est\u00e1 oscura, opaca o da\u00f1ada por el sol.<\/span><\/span><\/span><\/span><\/span><\/span><\/span><\/span><\/span><\/span><\/span><\/span><\/span><\/span><\/span><\/span><\/span><\/span><\/span><\/span><\/span><\/span><\/span><\/span><\/span><\/span><\/span><\/span><\/p>\n<\/div>\n<div>&nbsp;<\/div>\n<\/div>\n<\/div>\n<\/div>\n<\/div>\n<p> Modo de uso <\/p>\n<p>Aplicar directamente sobre la piel limpia o sobre Melanotech Drops, sin pulverizar con el spray.<\/p>\n<p>&nbsp;\u00daselo todas las noches en todas las \u00e1reas hiperpigmentadas, aplicando una segunda capa en \u00e1reas muy pigmentadas.&nbsp;Despu\u00e9s de lograr el brillo deseado, reduzca el uso a dos veces por semana<\/p>\n<p> Formato <\/p>\n<p>50ml<\/p>\n<p> Ingredientes principales: <\/p>\n<ul>\n<li>\u00c1cido k\u00f3jico<\/li>\n<li>Ra\u00edz de regaliz (Extracto de ra\u00edz de Glycyrrihiza Glabra)<\/li>\n<li>\u00e1cido urs\u00f3lico<\/li>\n<li>\u00c1cido f\u00edtico<\/li>\n<li>Morera Blanca (Extracto de Ra\u00edz de Morus Alba)<\/li>\n<\/ul>\n","protected":false},"excerpt":{"rendered":"<div>\n<p>Una crema de noche de tecnolog\u00eda avanzada, Super Bright est\u00e1 dise\u00f1ada con una mezcla superior de ingredientes bot\u00e1nicos que trabajan para ayudar a mejorar la pigmentaci\u00f3n y para iluminar la piel.<\/p>\n<\/div>\n","protected":false},"featured_media":913,"comment_status":"open","ping_status":"closed","template":"","meta":{"_joinchat":[]},"product_brand":[],"product_cat":[58,73,59,74],"product_tag":[],"class_list":{"0":"post-912","1":"product","2":"type-product","3":"status-publish","4":"has-post-thumbnail","6":"product_cat-antiaging","7":"product_cat-dmk","8":"product_cat-facial","9":"product_cat-hidratantes","11":"first","12":"outofstock","13":"shipping-taxable","14":"purchasable","15":"product-type-simple"},"_links":{"self":[{"href":"https:\/\/momajavea.com\/en\/wp-json\/wp\/v2\/product\/912","targetHints":{"allow":["GET"]}}],"collection":[{"href":"https:\/\/momajavea.com\/en\/wp-json\/wp\/v2\/product"}],"about":[{"href":"https:\/\/momajavea.com\/en\/wp-json\/wp\/v2\/types\/product"}],"replies":[{"embeddable":true,"href":"https:\/\/momajavea.com\/en\/wp-json\/wp\/v2\/comments?post=912"}],"wp:featuredmedia":[{"embeddable":true,"href":"https:\/\/momajavea.com\/en\/wp-json\/wp\/v2\/media\/913"}],"wp:attachment":[{"href":"https:\/\/momajavea.com\/en\/wp-json\/wp\/v2\/media?parent=912"}],"wp:term":[{"taxonomy":"product_brand","embeddable":true,"href":"https:\/\/momajavea.com\/en\/wp-json\/wp\/v2\/product_brand?post=912"},{"taxonomy":"product_cat","embeddable":true,"href":"https:\/\/momajavea.com\/en\/wp-json\/wp\/v2\/product_cat?post=912"},{"taxonomy":"product_tag","embeddable":true,"href":"https:\/\/momajavea.com\/en\/wp-json\/wp\/v2\/product_tag?post=912"}],"curies":[{"name":"wp","href":"https:\/\/api.w.org\/{rel}","templated":true}]}}