{"id":910,"date":"2024-01-15T15:26:21","date_gmt":"2024-01-15T15:26:21","guid":{"rendered":"https:\/\/momajavea.testdcip.com\/?post_type=product&#038;p=910"},"modified":"2024-11-25T16:55:08","modified_gmt":"2024-11-25T16:55:08","slug":"nite-firming-creme-dmk","status":"publish","type":"product","link":"https:\/\/momajavea.com\/en\/producto\/nite-firming-creme-dmk\/","title":{"rendered":"Nite Firming Creme &#8211;  DMK"},"content":{"rendered":"<p>Descripci\u00f3n <\/p>\n<div>\n<div>\n<div>\n<div>\n<div>\n<p>Nite Firming cr\u00e8me penetra profundamente en la piel para trabajar a nivel celular para revitalizar, fortalecer y regenerar una piel m\u00e1s joven y firme.&nbsp;La formulaci\u00f3n fomenta la producci\u00f3n de col\u00e1geno nuevo para apoyar la elasticidad de la piel, corregir las arrugas y la piel fl\u00e1cida&nbsp;.&nbsp;<\/p>\n<\/div>\n<div>&nbsp;<\/div>\n<\/div>\n<\/div>\n<\/div>\n<\/div>\n<p> Modo de uso <\/p>\n<p>Aplique una cantidad del tama\u00f1o de un guisante de Nite Firming cr\u00e8me sobre la piel limpia&nbsp; mezclado con&nbsp; Herb &amp; Mineral spray&nbsp;<\/p>\n<p> Formato <\/p>\n<p>50ml<\/p>\n<p> Ingredientes principales: <\/p>\n<ul>\n<li>fosfol\u00edpidos<\/li>\n<li>Oligop\u00e9ptido de palmitoilo<\/li>\n<li>Palmitoil tetrap\u00e9ptido-7<\/li>\n<li>Vitamina C (fosfato de ascorbilo y magnesio)<\/li>\n<li>Extracto de semilla de uva (Vitus Vinifera)<\/li>\n<\/ul>\n","protected":false},"excerpt":{"rendered":"<div>\n<p>Para piel madura, envejecida, arrugas y p\u00e9rdida de elasticidad, Nite Firming es una crema especializada que ayuda a revisar los signos biol\u00f3gicos y ambientales del envejecimiento, fomentando una tez firme y saludable.<\/p>\n<\/div>\n","protected":false},"featured_media":911,"comment_status":"open","ping_status":"closed","template":"","meta":{"_joinchat":[]},"product_brand":[],"product_cat":[58,73,59,74],"product_tag":[],"class_list":{"0":"post-910","1":"product","2":"type-product","3":"status-publish","4":"has-post-thumbnail","6":"product_cat-antiaging","7":"product_cat-dmk","8":"product_cat-facial","9":"product_cat-hidratantes","11":"first","12":"outofstock","13":"shipping-taxable","14":"purchasable","15":"product-type-simple"},"_links":{"self":[{"href":"https:\/\/momajavea.com\/en\/wp-json\/wp\/v2\/product\/910","targetHints":{"allow":["GET"]}}],"collection":[{"href":"https:\/\/momajavea.com\/en\/wp-json\/wp\/v2\/product"}],"about":[{"href":"https:\/\/momajavea.com\/en\/wp-json\/wp\/v2\/types\/product"}],"replies":[{"embeddable":true,"href":"https:\/\/momajavea.com\/en\/wp-json\/wp\/v2\/comments?post=910"}],"wp:featuredmedia":[{"embeddable":true,"href":"https:\/\/momajavea.com\/en\/wp-json\/wp\/v2\/media\/911"}],"wp:attachment":[{"href":"https:\/\/momajavea.com\/en\/wp-json\/wp\/v2\/media?parent=910"}],"wp:term":[{"taxonomy":"product_brand","embeddable":true,"href":"https:\/\/momajavea.com\/en\/wp-json\/wp\/v2\/product_brand?post=910"},{"taxonomy":"product_cat","embeddable":true,"href":"https:\/\/momajavea.com\/en\/wp-json\/wp\/v2\/product_cat?post=910"},{"taxonomy":"product_tag","embeddable":true,"href":"https:\/\/momajavea.com\/en\/wp-json\/wp\/v2\/product_tag?post=910"}],"curies":[{"name":"wp","href":"https:\/\/api.w.org\/{rel}","templated":true}]}}