{"id":908,"date":"2024-01-15T15:26:21","date_gmt":"2024-01-15T15:26:21","guid":{"rendered":"https:\/\/momajavea.testdcip.com\/?post_type=product&#038;p=908"},"modified":"2024-11-25T16:55:03","modified_gmt":"2024-11-25T16:55:03","slug":"fine-line-cream-dmk","status":"publish","type":"product","link":"https:\/\/momajavea.com\/en\/producto\/fine-line-cream-dmk\/","title":{"rendered":"Fine Line Cream &#8211;  DMK"},"content":{"rendered":"<p>Descripci\u00f3n <\/p>\n<div>\n<div>\n<p><span><span><span><span><span><span><span><span><span><span><span><span><span><span><span><span><span><span><span><span><span><span><span><span><span><span><span><span><span><span><span><span><span><span>Dise\u00f1ado con una mezcla exuberante de ricos l\u00edpidos herbales, vitaminas y minerales para nutrir profundamente, revitalizar y revertir visiblemente los signos del envejecimiento.&nbsp;<\/span><\/span><\/span><\/span><\/span><\/span><\/span><\/span><\/span><\/span><\/span><\/span><\/span><\/span><\/span><\/span><\/span><\/span><\/span><\/span><\/span><\/span><\/span><\/span><\/span><\/span><\/span><\/span><\/span><\/span><\/span><\/span><\/span><\/span><\/p>\n<p><span><span><span><span><span><span><span><span><span><span><span><span><span><span><span><span><span><span><span><span><span><span><span><span><span><span><span><span><span><span><span><span><span><span>Un paquete energ\u00e9tico de todos los ingredientes naturales que trabajan juntos para fortalecer y reparar la piel fr\u00e1gil alrededor de los ojos y las l\u00edneas y arrugas en el labio superior y el cuello.<\/span><\/span><\/span><\/span><\/span><\/span><\/span><\/span><\/span><\/span><\/span><\/span><\/span><\/span><\/span><\/span><\/span><\/span><\/span><\/span><\/span><\/span><\/span><\/span><\/span><\/span><\/span><\/span><\/span><\/span><\/span><\/span><\/span><\/span><\/p>\n<\/div>\n<\/div>\n<div>&nbsp;<\/div>\n<p> Modo de uso <\/p>\n<p>Aplique una cantidad muy peque\u00f1a alrededor de los ojos, en el cuello y en las \u00e1reas afectadas por las l\u00edneas profundas.&nbsp;Roc\u00ede con el Spray de Hierbas y Minerales.&nbsp;<\/p>\n<p>Aplique una capa m\u00e1s gruesa por la noche para obtener los mejores resultados.<\/p>\n<p> Formato <\/p>\n<p>30ml<\/p>\n<p> Ingredientes principales: <\/p>\n<ul>\n<li>Aceite de aguacate<\/li>\n<li>aceite de albaricoque<\/li>\n<li>Aceite de ma\u00edz<\/li>\n<li>Todo el sistema conservante natural<\/li>\n<\/ul>\n","protected":false},"excerpt":{"rendered":"<div>\n<p>crema para ojos y cuello extremadamente nutritiva, que ayuda a rejuvenecer la piel y corregir las l\u00edneas, arrugas y sequedad alrededor de los ojos, los labios y el cuello.<\/p>\n<\/div>\n","protected":false},"featured_media":909,"comment_status":"open","ping_status":"closed","template":"","meta":{"_joinchat":[]},"product_brand":[],"product_cat":[58,63,73,59,74],"product_tag":[],"class_list":{"0":"post-908","1":"product","2":"type-product","3":"status-publish","4":"has-post-thumbnail","6":"product_cat-antiaging","7":"product_cat-contorno-de-ojos-y-labios","8":"product_cat-dmk","9":"product_cat-facial","10":"product_cat-hidratantes","12":"first","13":"outofstock","14":"shipping-taxable","15":"purchasable","16":"product-type-simple"},"_links":{"self":[{"href":"https:\/\/momajavea.com\/en\/wp-json\/wp\/v2\/product\/908","targetHints":{"allow":["GET"]}}],"collection":[{"href":"https:\/\/momajavea.com\/en\/wp-json\/wp\/v2\/product"}],"about":[{"href":"https:\/\/momajavea.com\/en\/wp-json\/wp\/v2\/types\/product"}],"replies":[{"embeddable":true,"href":"https:\/\/momajavea.com\/en\/wp-json\/wp\/v2\/comments?post=908"}],"wp:featuredmedia":[{"embeddable":true,"href":"https:\/\/momajavea.com\/en\/wp-json\/wp\/v2\/media\/909"}],"wp:attachment":[{"href":"https:\/\/momajavea.com\/en\/wp-json\/wp\/v2\/media?parent=908"}],"wp:term":[{"taxonomy":"product_brand","embeddable":true,"href":"https:\/\/momajavea.com\/en\/wp-json\/wp\/v2\/product_brand?post=908"},{"taxonomy":"product_cat","embeddable":true,"href":"https:\/\/momajavea.com\/en\/wp-json\/wp\/v2\/product_cat?post=908"},{"taxonomy":"product_tag","embeddable":true,"href":"https:\/\/momajavea.com\/en\/wp-json\/wp\/v2\/product_tag?post=908"}],"curies":[{"name":"wp","href":"https:\/\/api.w.org\/{rel}","templated":true}]}}