{"id":907,"date":"2024-01-15T15:26:20","date_gmt":"2024-01-15T15:26:20","guid":{"rendered":"https:\/\/momajavea.testdcip.com\/?post_type=product&#038;p=907"},"modified":"2024-08-19T08:36:09","modified_gmt":"2024-08-19T08:36:09","slug":"fluido-gana-firmeza-lpg","status":"publish","type":"product","link":"https:\/\/momajavea.com\/en\/producto\/fluido-gana-firmeza-lpg\/","title":{"rendered":"Fluido Gana Firmeza &#8211; LPG"},"content":{"rendered":"<p>Descripci\u00f3n<\/p>\n<div>\n<div>\n<p>Complejo exclusivo antienvejecimiento LPG a base de \u00e1cido hialur\u00f3nico act\u00faa eficazmente sobre la formaci\u00f3n de col\u00e1geno y elastina naturales y previene su degradaci\u00f3n. Permite renovar la funcionalidad de los principales actores de la juventud y de la firmeza de la piel. El activo Dynalift\u00ae en altas dosis forma una pel\u00edcula envolvente sobre la piel para crear un efecto tensor inmediato y duradero.<\/p>\n<\/div>\n<\/div>\n<div><\/div>\n<p>Modo de uso<\/p>\n<ul>\n<li>plicar en zonas deseadas ma\u00f1ana y noche.<\/li>\n<li>Aplicar en la zona a tratar mediante maniobras ascendentes hasta su total absorci\u00f3n. Sin excederse en manipulaciones<\/li>\n<\/ul>\n<p>Formato<\/p>\n<p>150 ml<\/p>\n<p>Ingredientes principales:<\/p>\n<ul>\n<li>2% Complejo Exclusivo Anti edad LPG<\/li>\n<li>+7% Dynalift: extracto de una planta herb\u00e1cea de origen africano (sorgho), rico en polisac\u00e1ridos que al unirse forman una pel\u00edcula que proporciona un efecto lifting inmediato.<\/li>\n<\/ul>\n","protected":false},"excerpt":{"rendered":"<div>\n<ul>\n<li>Efecto lifting y remodelaci\u00f3n inmediata.<\/li>\n<li>Reafirma los contornos.<\/li>\n<li>Redensifica e hidrata la piel.<\/li>\n<\/ul>\n<\/div>\n","protected":false},"featured_media":1026,"comment_status":"open","ping_status":"closed","template":"","meta":{"_joinchat":[]},"product_brand":[],"product_cat":[68,71,53],"product_tag":[],"class_list":{"0":"post-907","1":"product","2":"type-product","3":"status-publish","4":"has-post-thumbnail","6":"product_cat-celulitis","7":"product_cat-corporal","8":"product_cat-lpg","10":"first","11":"instock","12":"shipping-taxable","13":"purchasable","14":"product-type-simple"},"_links":{"self":[{"href":"https:\/\/momajavea.com\/en\/wp-json\/wp\/v2\/product\/907","targetHints":{"allow":["GET"]}}],"collection":[{"href":"https:\/\/momajavea.com\/en\/wp-json\/wp\/v2\/product"}],"about":[{"href":"https:\/\/momajavea.com\/en\/wp-json\/wp\/v2\/types\/product"}],"replies":[{"embeddable":true,"href":"https:\/\/momajavea.com\/en\/wp-json\/wp\/v2\/comments?post=907"}],"wp:featuredmedia":[{"embeddable":true,"href":"https:\/\/momajavea.com\/en\/wp-json\/wp\/v2\/media\/1026"}],"wp:attachment":[{"href":"https:\/\/momajavea.com\/en\/wp-json\/wp\/v2\/media?parent=907"}],"wp:term":[{"taxonomy":"product_brand","embeddable":true,"href":"https:\/\/momajavea.com\/en\/wp-json\/wp\/v2\/product_brand?post=907"},{"taxonomy":"product_cat","embeddable":true,"href":"https:\/\/momajavea.com\/en\/wp-json\/wp\/v2\/product_cat?post=907"},{"taxonomy":"product_tag","embeddable":true,"href":"https:\/\/momajavea.com\/en\/wp-json\/wp\/v2\/product_tag?post=907"}],"curies":[{"name":"wp","href":"https:\/\/api.w.org\/{rel}","templated":true}]}}