{"id":906,"date":"2024-01-15T15:26:19","date_gmt":"2024-01-15T15:26:19","guid":{"rendered":"https:\/\/momajavea.testdcip.com\/?post_type=product&#038;p=906"},"modified":"2024-08-19T08:36:22","modified_gmt":"2024-08-19T08:36:22","slug":"gel-liporeductor-lpg","status":"publish","type":"product","link":"https:\/\/momajavea.com\/en\/producto\/gel-liporeductor-lpg\/","title":{"rendered":"Gel liporeductor &#8211; LPG"},"content":{"rendered":"<p>Descripci\u00f3n<\/p>\n<div>\n<div>\n<p>Endermoslim Gel Liporeductor se recomienda para reducir volumen, (especialmente en cartucheras, abdomen, cintura y brazos). D\u00eda tras d\u00eda, el volumen se reduce visiblemente, la silueta se moldea, se redefine y recupera su figura. Su textura sedosa, especialmente dise\u00f1ada para facilitar el masaje, permite vestirse r\u00e1pidamente.<br \/>\nTambi\u00e9n disponible en textura crema.<\/p>\n<ul>\n<li><strong>Nuevo complejo exclusivo de LPG, formado por hojas de Mejorana:<\/strong>\u00a0activa la matriz extracelular, dando estructura a las c\u00e9lulas de la piel y las refuerza; activa los fibroblastos protegi\u00e9ndolos de cambios epigen\u00e9ticos y estimulan su vitalidad.<\/li>\n<li><strong>Bulbos de Crocus:<\/strong>\u00a0estimula la comunicaci\u00f3n entre las c\u00e9lulas ingredientes activos de la epidermis a la dermis, aumenta la producci\u00f3n de col\u00e1geno y elastina.<\/li>\n<li><strong>\u00c1cido Hialur\u00f3nico:\u00a0<\/strong>preserva la hidrataci\u00f3n y previene el envejecimiento de la piel, de bajo peso molecular, act\u00faa en la epidermis donde rellena la piel desde el interior y activa la s\u00edntesis natural de \u00e1cido hialur\u00f3nico para una piel m\u00e1s firme y tersa.<\/li>\n<\/ul>\n<p><strong>M\u00c1S 3 ACTIVOS ADELGAZANTES E INOVADORES<\/strong><\/p>\n<ul>\n<li>Plancton: act\u00faa durante la noche como entrenador celular en los adipocitos limitando el almacenamiento<\/li>\n<li>Bergamota: alisa visiblemente la piel y a la vez aporta una intensa sensaci\u00f3n de ligereza.<\/li>\n<li>Salicaira: Reafirma y esculpe la silueta, gran efecto Push up<\/li>\n<\/ul>\n<\/div>\n<\/div>\n<div><\/div>\n<p>Modo de uso<\/p>\n<ul>\n<li>plicar en zonas deseadas ma\u00f1ana y noche.<\/li>\n<li>Aplicar en la zona a tratar mediante maniobras ascendentes hasta su total absorci\u00f3n. Sin excederse en manipulaciones<\/li>\n<\/ul>\n<p>Formato<\/p>\n<p>200 ml<\/p>\n<p>Ingredientes principales:<\/p>\n<ul>\n<li>5% complejo exclusivo adelgazante LPG\u00ae<\/li>\n<li>2% Coralline G\u00ae<\/li>\n<\/ul>\n","protected":false},"excerpt":{"rendered":"<div>\n<ul>\n<li>Push up.<\/li>\n<li>Remodela la silueta.<\/li>\n<li>Reducci\u00f3n del volumen.<\/li>\n<li>Piel m\u00e1s hidratada, ganando elasticidad y firmeza.<\/li>\n<\/ul>\n<\/div>\n","protected":false},"featured_media":1024,"comment_status":"open","ping_status":"closed","template":"","meta":{"_joinchat":[]},"product_brand":[],"product_cat":[68,71,53],"product_tag":[],"class_list":{"0":"post-906","1":"product","2":"type-product","3":"status-publish","4":"has-post-thumbnail","6":"product_cat-celulitis","7":"product_cat-corporal","8":"product_cat-lpg","10":"first","11":"instock","12":"shipping-taxable","13":"purchasable","14":"product-type-simple"},"_links":{"self":[{"href":"https:\/\/momajavea.com\/en\/wp-json\/wp\/v2\/product\/906","targetHints":{"allow":["GET"]}}],"collection":[{"href":"https:\/\/momajavea.com\/en\/wp-json\/wp\/v2\/product"}],"about":[{"href":"https:\/\/momajavea.com\/en\/wp-json\/wp\/v2\/types\/product"}],"replies":[{"embeddable":true,"href":"https:\/\/momajavea.com\/en\/wp-json\/wp\/v2\/comments?post=906"}],"wp:featuredmedia":[{"embeddable":true,"href":"https:\/\/momajavea.com\/en\/wp-json\/wp\/v2\/media\/1024"}],"wp:attachment":[{"href":"https:\/\/momajavea.com\/en\/wp-json\/wp\/v2\/media?parent=906"}],"wp:term":[{"taxonomy":"product_brand","embeddable":true,"href":"https:\/\/momajavea.com\/en\/wp-json\/wp\/v2\/product_brand?post=906"},{"taxonomy":"product_cat","embeddable":true,"href":"https:\/\/momajavea.com\/en\/wp-json\/wp\/v2\/product_cat?post=906"},{"taxonomy":"product_tag","embeddable":true,"href":"https:\/\/momajavea.com\/en\/wp-json\/wp\/v2\/product_tag?post=906"}],"curies":[{"name":"wp","href":"https:\/\/api.w.org\/{rel}","templated":true}]}}