{"id":904,"date":"2024-01-15T15:26:18","date_gmt":"2024-01-15T15:26:18","guid":{"rendered":"https:\/\/momajavea.testdcip.com\/?post_type=product&#038;p=904"},"modified":"2024-10-12T10:25:25","modified_gmt":"2024-10-12T10:25:25","slug":"pore-reduction-plus-dmk","status":"publish","type":"product","link":"https:\/\/momajavea.com\/en\/producto\/pore-reduction-plus-dmk\/","title":{"rendered":"Pore Reduction Plus &#8211; DMK"},"content":{"rendered":"<p>Descripci\u00f3n <\/p>\n<div>\n<p><span><span><span><span><span><span><span><span><span><span><span><span><span><span><span><span><span><span><span><span><span><span><span><span><span><span><span><span>Las gotas Pore Reduction Plus est\u00e1n dise\u00f1adas para reducir visiblemente los poros dilatados de forma natural sin da\u00f1ar ni irritar la piel.&nbsp;Pore \u200b\u200bReduction Plus purifica y calma la piel, reduce el enrojecimiento y es antibacteriano.&nbsp;Recomendado para piel reactiva roja, acn\u00e9, congesti\u00f3n, ros\u00e1cea y capilares fr\u00e1giles, as\u00ed como poros dilatados o dilatados.&nbsp;<\/span><\/span><\/span><\/span><\/span><\/span><\/span><\/span><\/span><\/span><\/span><\/span><\/span><\/span><\/span><\/span><\/span><\/span><\/span><\/span><\/span><\/span><\/span><\/span><\/span><\/span><\/span><\/span><\/p>\n<\/div>\n<div><span><span><span><span><span><span><span><span><span><span><span><span><span><span><span><span><span><span><span><span>M\u00e1s&nbsp;<\/span><\/span><\/span><\/span><\/span><\/span><\/span><\/span><\/span><\/span><\/span><\/span><\/span><\/span><\/span><\/span><\/span><\/span><\/span><\/span><\/div>\n<p> Modo de uso <\/p>\n<p>Despu\u00e9s de limpiar la piel, aplique de dos a cuatro gotas&nbsp; y aplique suavemente en la piel.<\/p>\n<p> Formato <\/p>\n<p>30ml<\/p>\n<p> Ingredientes principales: <\/p>\n<ul>\n<li>Algas marinas (Laminaria digitata)<\/li>\n<li>Escaramujo (Extracto del fruto de Rosa Canina)<\/li>\n<li>L\u00fapulo (Extracto de Humulus Lupus)<\/li>\n<li>Alfalfa (Extracto de Medicago Sativa)<\/li>\n<\/ul>\n","protected":false},"excerpt":{"rendered":"<p>Minimiza la apariencia de poros abiertos, purificante, bueno para acn\u00e9 y piel congestionada.&nbsp;Calmante, es bueno para pieles inflamadas reactivas.<\/p>\n","protected":false},"featured_media":905,"comment_status":"open","ping_status":"closed","template":"","meta":{"_joinchat":[]},"product_brand":[],"product_cat":[58,73,59,74,56],"product_tag":[],"class_list":{"0":"post-904","1":"product","2":"type-product","3":"status-publish","4":"has-post-thumbnail","6":"product_cat-antiaging","7":"product_cat-dmk","8":"product_cat-facial","9":"product_cat-hidratantes","10":"product_cat-serums","12":"first","13":"outofstock","14":"shipping-taxable","15":"purchasable","16":"product-type-simple"},"_links":{"self":[{"href":"https:\/\/momajavea.com\/en\/wp-json\/wp\/v2\/product\/904","targetHints":{"allow":["GET"]}}],"collection":[{"href":"https:\/\/momajavea.com\/en\/wp-json\/wp\/v2\/product"}],"about":[{"href":"https:\/\/momajavea.com\/en\/wp-json\/wp\/v2\/types\/product"}],"replies":[{"embeddable":true,"href":"https:\/\/momajavea.com\/en\/wp-json\/wp\/v2\/comments?post=904"}],"wp:featuredmedia":[{"embeddable":true,"href":"https:\/\/momajavea.com\/en\/wp-json\/wp\/v2\/media\/905"}],"wp:attachment":[{"href":"https:\/\/momajavea.com\/en\/wp-json\/wp\/v2\/media?parent=904"}],"wp:term":[{"taxonomy":"product_brand","embeddable":true,"href":"https:\/\/momajavea.com\/en\/wp-json\/wp\/v2\/product_brand?post=904"},{"taxonomy":"product_cat","embeddable":true,"href":"https:\/\/momajavea.com\/en\/wp-json\/wp\/v2\/product_cat?post=904"},{"taxonomy":"product_tag","embeddable":true,"href":"https:\/\/momajavea.com\/en\/wp-json\/wp\/v2\/product_tag?post=904"}],"curies":[{"name":"wp","href":"https:\/\/api.w.org\/{rel}","templated":true}]}}