{"id":902,"date":"2024-01-15T15:26:18","date_gmt":"2024-01-15T15:26:18","guid":{"rendered":"https:\/\/momajavea.testdcip.com\/?post_type=product&#038;p=902"},"modified":"2024-11-25T16:55:12","modified_gmt":"2024-11-25T16:55:12","slug":"melanotech-drops-dmk","status":"publish","type":"product","link":"https:\/\/momajavea.com\/en\/producto\/melanotech-drops-dmk\/","title":{"rendered":"Melanotech Drops- DMK"},"content":{"rendered":"<p>Descripci\u00f3n <\/p>\n<div>\n<div>\n<p><span><span><span><span><span><span><span><span><span><span><span><span><span><span><span><span><span><span><span><span><span><span><span><span><span><span><span><span><span><span><span><span><span><span>Melanotech Drops, un poderoso concentrado, est\u00e1 formulado para ayudar a minimizar la hiperpigmentaci\u00f3n severa o hormonal sin blanquear la piel.&nbsp;<\/span><\/span><\/span><\/span><\/span><\/span><\/span><\/span><\/span><\/span><\/span><\/span><\/span><\/span><\/span><\/span><\/span><\/span><\/span><\/span><\/span><\/span><\/span><\/span><\/span><\/span><\/span><\/span><\/span><\/span><\/span><\/span><\/span><\/span><\/p>\n<p><span><span><span><span><span><span><span><span><span><span><span><span><span><span><span><span><span><span><span><span><span><span><span><span><span><span><span><span><span><span><span><span><span><span>Los ingredientes como el regaliz y el extracto de halidrys siliquosa ayudan a inhibir la pigmentaci\u00f3n que se produce en la piel, mientras que la poderosa f\u00f3rmula ayuda a iluminar y crear una tez hermosa y uniforme&nbsp;.<\/span><\/span><\/span><\/span><\/span><\/span><\/span><\/span><\/span><\/span><\/span><\/span><\/span><\/span><\/span><\/span><\/span><\/span><\/span><\/span><\/span><\/span><\/span><\/span><\/span><\/span><\/span><\/span><\/span><\/span><\/span><\/span><\/span><\/span><\/p>\n<\/div>\n<\/div>\n<p> Modo de uso <\/p>\n<p>Despu\u00e9s de la limpieza, aplique unas gotas en el \u00e1rea afectada antes de aplicar los sueros, aceites y cremas DMK.&nbsp;Se puede usar por la noche debajo de Super Bright para iluminar la piel e inhibir la formaci\u00f3n de pigmento, o como tratamiento localizado para iluminar \u00e1reas espec\u00edficas.<\/p>\n<p> Formato <\/p>\n<p>30ml<\/p>\n<p> Ingredientes principales: <\/p>\n<ul>\n<li>\u00c1cido k\u00f3jico<\/li>\n<li>Ra\u00edz de regaliz (Extracto de ra\u00edz de Glycyrrihiza Glabra)<\/li>\n<\/ul>\n","protected":false},"excerpt":{"rendered":"<p>Funciona para la hiperpigmentaci\u00f3n pasiva o grave y puede ayudar a prevenir la pigmentaci\u00f3n causada por afecciones inflamatorias como el acn\u00e9 y la ros\u00e1cea.<\/p>\n","protected":false},"featured_media":903,"comment_status":"open","ping_status":"closed","template":"","meta":{"_joinchat":[]},"product_brand":[],"product_cat":[58,73,59,74,56],"product_tag":[],"class_list":{"0":"post-902","1":"product","2":"type-product","3":"status-publish","4":"has-post-thumbnail","6":"product_cat-antiaging","7":"product_cat-dmk","8":"product_cat-facial","9":"product_cat-hidratantes","10":"product_cat-serums","12":"first","13":"outofstock","14":"shipping-taxable","15":"purchasable","16":"product-type-simple"},"_links":{"self":[{"href":"https:\/\/momajavea.com\/en\/wp-json\/wp\/v2\/product\/902","targetHints":{"allow":["GET"]}}],"collection":[{"href":"https:\/\/momajavea.com\/en\/wp-json\/wp\/v2\/product"}],"about":[{"href":"https:\/\/momajavea.com\/en\/wp-json\/wp\/v2\/types\/product"}],"replies":[{"embeddable":true,"href":"https:\/\/momajavea.com\/en\/wp-json\/wp\/v2\/comments?post=902"}],"wp:featuredmedia":[{"embeddable":true,"href":"https:\/\/momajavea.com\/en\/wp-json\/wp\/v2\/media\/903"}],"wp:attachment":[{"href":"https:\/\/momajavea.com\/en\/wp-json\/wp\/v2\/media?parent=902"}],"wp:term":[{"taxonomy":"product_brand","embeddable":true,"href":"https:\/\/momajavea.com\/en\/wp-json\/wp\/v2\/product_brand?post=902"},{"taxonomy":"product_cat","embeddable":true,"href":"https:\/\/momajavea.com\/en\/wp-json\/wp\/v2\/product_cat?post=902"},{"taxonomy":"product_tag","embeddable":true,"href":"https:\/\/momajavea.com\/en\/wp-json\/wp\/v2\/product_tag?post=902"}],"curies":[{"name":"wp","href":"https:\/\/api.w.org\/{rel}","templated":true}]}}