{"id":900,"date":"2024-01-15T15:26:17","date_gmt":"2024-01-15T15:26:17","guid":{"rendered":"https:\/\/momajavea.testdcip.com\/?post_type=product&#038;p=900"},"modified":"2024-10-12T10:25:53","modified_gmt":"2024-10-12T10:25:53","slug":"super-serum-dmk","status":"publish","type":"product","link":"https:\/\/momajavea.com\/en\/producto\/super-serum-dmk\/","title":{"rendered":"Super Serum- DMK"},"content":{"rendered":"<p>Descripci\u00f3n <\/p>\n<div>\n<div>\n<p>El resultado es una soluci\u00f3n de menor costo convenientemente combinada para uso en el hogar y en la cl\u00ednica.&nbsp;Tiene todos los beneficios de las formulaciones originales y est\u00e1 dise\u00f1ado espec\u00edficamente para mejorar la reparaci\u00f3n de la piel traumatizada y fortalecer el sistema inmunol\u00f3gico de la piel.<\/p>\n<ul>\n<li>Se puede utilizar para el acn\u00e9, la pigmentaci\u00f3n y las pieles envejecidas.<\/li>\n<li>Mejora el tono de la piel<\/li>\n<li>Lucha contra las bacterias y las infecciones.<\/li>\n<li>Previene la propagaci\u00f3n del acn\u00e9.<\/li>\n<li>Reduce la apariencia de l\u00edneas finas y arrugas.<\/li>\n<li>Ayuda en la cicatrizaci\u00f3n de heridas.<\/li>\n<li>Aumenta la producci\u00f3n de col\u00e1geno y elastina.<\/li>\n<\/ul>\n<p><span><span><span><span><span><span><span><span><span><span><span><span><span><span><span><span><span><span><span><span><span>SUPER SERUM funciona para todo tipo de piel y se puede usar en combinaci\u00f3n con otras cremas y sueros DMK.&nbsp;Se puede usar debajo del maquillaje para ayudar en el proceso de curaci\u00f3n.<\/span><\/span><\/span><\/span><\/span><\/span><\/span><\/span><\/span><\/span><\/span><\/span><\/span><\/span><\/span><\/span><\/span><\/span><\/span><\/span><\/span><\/p>\n<\/div>\n<\/div>\n<p> Modo de uso <\/p>\n<p>Aplique dos gotas sobre la piel limpia y seca y trabaje, aplicando m\u00e1s en las \u00e1reas problem\u00e1ticas.&nbsp;Puede ir justo debajo del \u00e1rea de los ojos.<\/p>\n<p> Formato <\/p>\n<p>30ml<\/p>\n","protected":false},"excerpt":{"rendered":"<p>SUPER SERUM es esencialmente una combinaci\u00f3n de dos de las f\u00f3rmulas exclusivas de DMK, DIRECT DELIVERY VITAMIN C y BETA GEL<\/p>\n","protected":false},"featured_media":901,"comment_status":"open","ping_status":"closed","template":"","meta":{"_joinchat":[]},"product_brand":[],"product_cat":[58,73,59,74,56],"product_tag":[],"class_list":{"0":"post-900","1":"product","2":"type-product","3":"status-publish","4":"has-post-thumbnail","6":"product_cat-antiaging","7":"product_cat-dmk","8":"product_cat-facial","9":"product_cat-hidratantes","10":"product_cat-serums","12":"first","13":"outofstock","14":"shipping-taxable","15":"purchasable","16":"product-type-simple"},"_links":{"self":[{"href":"https:\/\/momajavea.com\/en\/wp-json\/wp\/v2\/product\/900","targetHints":{"allow":["GET"]}}],"collection":[{"href":"https:\/\/momajavea.com\/en\/wp-json\/wp\/v2\/product"}],"about":[{"href":"https:\/\/momajavea.com\/en\/wp-json\/wp\/v2\/types\/product"}],"replies":[{"embeddable":true,"href":"https:\/\/momajavea.com\/en\/wp-json\/wp\/v2\/comments?post=900"}],"wp:featuredmedia":[{"embeddable":true,"href":"https:\/\/momajavea.com\/en\/wp-json\/wp\/v2\/media\/901"}],"wp:attachment":[{"href":"https:\/\/momajavea.com\/en\/wp-json\/wp\/v2\/media?parent=900"}],"wp:term":[{"taxonomy":"product_brand","embeddable":true,"href":"https:\/\/momajavea.com\/en\/wp-json\/wp\/v2\/product_brand?post=900"},{"taxonomy":"product_cat","embeddable":true,"href":"https:\/\/momajavea.com\/en\/wp-json\/wp\/v2\/product_cat?post=900"},{"taxonomy":"product_tag","embeddable":true,"href":"https:\/\/momajavea.com\/en\/wp-json\/wp\/v2\/product_tag?post=900"}],"curies":[{"name":"wp","href":"https:\/\/api.w.org\/{rel}","templated":true}]}}