{"id":898,"date":"2024-01-15T15:26:17","date_gmt":"2024-01-15T15:26:17","guid":{"rendered":"https:\/\/momajavea.testdcip.com\/?post_type=product&#038;p=898"},"modified":"2024-10-12T10:28:46","modified_gmt":"2024-10-12T10:28:46","slug":"serum-matriciel-100ml-biologique-recherche","status":"publish","type":"product","link":"https:\/\/momajavea.com\/en\/producto\/serum-matriciel-100ml-biologique-recherche\/","title":{"rendered":"S\u00e9rum Matriciel 100ml &#8211; Biologique Recherche"},"content":{"rendered":"<p>Descripci\u00f3n <\/p>\n<p>S\u00e9rum Matriciel act\u00faa en todos los componentes de la matriz d\u00e9rmica para lograr un verdadero efecto reestructurante. Tratamiento firmeza por excelencia, prolonga la tonicidad cut\u00e1nea corporal. La elasticidad y la tonicidad de la piel se refuerzan para prevenir la distenci\u00f3n de la matriz d\u00e9rmica.<\/p>\n<p>Recomendado para los Instantes de Piel poco tonificada.<\/p>\n<p> Modo de uso <\/p>\n<p>1. Aplicar ma\u00f1ana y noche en las zonas deseadas (pecho, cara interna de los brazos, cara interna de los muslos) realizando un suave movimiento alisador hasta su completa absorci\u00f3n.<\/p>\n<p> Composici\u00f3n <\/p>\n<ul>\n<li>\n<p>Extracto de Ginseng<\/p>\n<\/li>\n<li>\n<p>P\u00e9ptido Biomim\u00e9tico<\/p>\n<\/li>\n<\/ul>\n","protected":false},"excerpt":{"rendered":"<p>&nbsp;<\/p>\n<p><strong>REAFIRMANTE \u2022 TONIFICANTE \u2022 HIDRATANTE<\/strong><\/p>\n<p><strong>S\u00e9rum Matriciel Biologique Recherche&nbsp;<\/strong>es un concentrado reafirmante y remodelante &nbsp;que se utiliza en pieles con falta de tonicidad. Mejora la firmeza de la epidermis, previniendo el relajamiento de la matriz d\u00e9rmica. Al mismo tiempo refuerza la elasticidad de la piel y&nbsp;aporta suavidad e hidrataci\u00f3n.<\/p>\n","protected":false},"featured_media":899,"comment_status":"open","ping_status":"closed","template":"","meta":{"_joinchat":[]},"product_brand":[],"product_cat":[77,71,74,72],"product_tag":[],"class_list":{"0":"post-898","1":"product","2":"type-product","3":"status-publish","4":"has-post-thumbnail","6":"product_cat-biologique-recherche","7":"product_cat-corporal","8":"product_cat-hidratantes","9":"product_cat-reductor","11":"first","12":"outofstock","13":"shipping-taxable","14":"purchasable","15":"product-type-simple"},"_links":{"self":[{"href":"https:\/\/momajavea.com\/en\/wp-json\/wp\/v2\/product\/898","targetHints":{"allow":["GET"]}}],"collection":[{"href":"https:\/\/momajavea.com\/en\/wp-json\/wp\/v2\/product"}],"about":[{"href":"https:\/\/momajavea.com\/en\/wp-json\/wp\/v2\/types\/product"}],"replies":[{"embeddable":true,"href":"https:\/\/momajavea.com\/en\/wp-json\/wp\/v2\/comments?post=898"}],"wp:featuredmedia":[{"embeddable":true,"href":"https:\/\/momajavea.com\/en\/wp-json\/wp\/v2\/media\/899"}],"wp:attachment":[{"href":"https:\/\/momajavea.com\/en\/wp-json\/wp\/v2\/media?parent=898"}],"wp:term":[{"taxonomy":"product_brand","embeddable":true,"href":"https:\/\/momajavea.com\/en\/wp-json\/wp\/v2\/product_brand?post=898"},{"taxonomy":"product_cat","embeddable":true,"href":"https:\/\/momajavea.com\/en\/wp-json\/wp\/v2\/product_cat?post=898"},{"taxonomy":"product_tag","embeddable":true,"href":"https:\/\/momajavea.com\/en\/wp-json\/wp\/v2\/product_tag?post=898"}],"curies":[{"name":"wp","href":"https:\/\/api.w.org\/{rel}","templated":true}]}}