{"id":896,"date":"2024-01-15T15:26:14","date_gmt":"2024-01-15T15:26:14","guid":{"rendered":"https:\/\/momajavea.testdcip.com\/?post_type=product&#038;p=896"},"modified":"2024-10-12T10:28:57","modified_gmt":"2024-10-12T10:28:57","slug":"huile-sous-ombilicale-100ml-biologique-recherche","status":"publish","type":"product","link":"https:\/\/momajavea.com\/en\/producto\/huile-sous-ombilicale-100ml-biologique-recherche\/","title":{"rendered":"Huile Sous-Ombilicale 100ml &#8211; Biologique Recherche"},"content":{"rendered":"<p>Descripci\u00f3n <\/p>\n<ul>\n<li>\n<p>Aceite de acci\u00f3n drenante que favorece la eliminaci\u00f3n de l\u00edquidos y toxinas. Indicado en todo tipo de pieles.<\/p>\n<\/li>\n<\/ul>\n<p> Modo de uso <\/p>\n<p>&nbsp;<\/p>\n<p>1. Aplicar Huile Sous-Ombilicale sobre el vientre y masajear. 2. Utilizar el Guante de Masaje Biologique Recherche para optimizar la acci\u00f3n de los activos.<\/p>\n<p> Composici\u00f3n <\/p>\n<ul>\n<li>\n<p>Aceite Esencial de Bayas de Enebro<\/p>\n<\/li>\n<li>\n<p>Aceite Eesencial de P\u00ecno Silvestre<\/p>\n<\/li>\n<\/ul>\n","protected":false},"excerpt":{"rendered":"<p>NUTRITIVO \u2022 RELAJANTE \u2022 DETOXIFICANTE<\/p>\n<p>Huile Sous-Ombilicale nutre y detoxifica la zona abdominal. Sus principios activos relajantes aportan un confort inmediato, y el masaje aliviar\u00e1 y reducir\u00e1 sensaci\u00f3n de vientre hinchado.<\/p>\n","protected":false},"featured_media":897,"comment_status":"open","ping_status":"closed","template":"","meta":{"_joinchat":[]},"product_brand":[],"product_cat":[77,71,74,72],"product_tag":[],"class_list":{"0":"post-896","1":"product","2":"type-product","3":"status-publish","4":"has-post-thumbnail","6":"product_cat-biologique-recherche","7":"product_cat-corporal","8":"product_cat-hidratantes","9":"product_cat-reductor","11":"first","12":"outofstock","13":"shipping-taxable","14":"purchasable","15":"product-type-simple"},"_links":{"self":[{"href":"https:\/\/momajavea.com\/en\/wp-json\/wp\/v2\/product\/896","targetHints":{"allow":["GET"]}}],"collection":[{"href":"https:\/\/momajavea.com\/en\/wp-json\/wp\/v2\/product"}],"about":[{"href":"https:\/\/momajavea.com\/en\/wp-json\/wp\/v2\/types\/product"}],"replies":[{"embeddable":true,"href":"https:\/\/momajavea.com\/en\/wp-json\/wp\/v2\/comments?post=896"}],"wp:featuredmedia":[{"embeddable":true,"href":"https:\/\/momajavea.com\/en\/wp-json\/wp\/v2\/media\/897"}],"wp:attachment":[{"href":"https:\/\/momajavea.com\/en\/wp-json\/wp\/v2\/media?parent=896"}],"wp:term":[{"taxonomy":"product_brand","embeddable":true,"href":"https:\/\/momajavea.com\/en\/wp-json\/wp\/v2\/product_brand?post=896"},{"taxonomy":"product_cat","embeddable":true,"href":"https:\/\/momajavea.com\/en\/wp-json\/wp\/v2\/product_cat?post=896"},{"taxonomy":"product_tag","embeddable":true,"href":"https:\/\/momajavea.com\/en\/wp-json\/wp\/v2\/product_tag?post=896"}],"curies":[{"name":"wp","href":"https:\/\/api.w.org\/{rel}","templated":true}]}}