{"id":892,"date":"2024-01-15T15:26:09","date_gmt":"2024-01-15T15:26:09","guid":{"rendered":"https:\/\/momajavea.testdcip.com\/?post_type=product&#038;p=892"},"modified":"2024-10-12T10:29:11","modified_gmt":"2024-10-12T10:29:11","slug":"huile-benefique-biologique-recherche","status":"publish","type":"product","link":"https:\/\/momajavea.com\/en\/producto\/huile-benefique-biologique-recherche\/","title":{"rendered":"Huile B\u00e9n\u00e9fique &#8211; Biologique Recherche"},"content":{"rendered":"<p>Descripci\u00f3n <\/p>\n<p>Aceite no graso, antioxidante y reparador. Hidrata, protege y revitaliza la epidermis. Uso diario despu\u00e9s de la ducha sobre la piel mojada. Como activador de la melanina, para un bronceado uniforme, utilizarlo antes de las exposiciones solares. Para mantener el tono dorado, utilizarlo despu\u00e9s del verano. Indicado en todo tipo de pieles.<\/p>\n<p> Modo de uso <\/p>\n<p>1. Aplicar diariamente en el rostro y cuerpo as\u00ed como en las puntas del cabello.<\/p>\n<p> Composici\u00f3n <\/p>\n<ul>\n<li>\n<p>Extracto de Jengibre Salvaje de China&nbsp;<\/p>\n<\/li>\n<li>\n<p>Extracto de Pimienta Rosa<\/p>\n<\/li>\n<\/ul>\n","protected":false},"excerpt":{"rendered":"<p>RELIPIDIZANTE \u2022 NUTRITIVO \u2022 SUBLIMADOR<\/p>\n<p>Huile B\u00e9n\u00e9fique es un tratamiento multifunciones adaptado a las necesidades del cuerpo, rostro y cabello. Sus principios activos relipidizantes, protectores e hidratantes nutren y subliman la piel y el cabello.<\/p>\n<p>Recomendado para las pieles ya bronceadas, deshidratadas o con falta de l\u00edpidos.<\/p>\n","protected":false},"featured_media":893,"comment_status":"open","ping_status":"closed","template":"","meta":{"_joinchat":[]},"product_brand":[],"product_cat":[77,71,74,72],"product_tag":[],"class_list":{"0":"post-892","1":"product","2":"type-product","3":"status-publish","4":"has-post-thumbnail","6":"product_cat-biologique-recherche","7":"product_cat-corporal","8":"product_cat-hidratantes","9":"product_cat-reductor","11":"first","12":"outofstock","13":"shipping-taxable","14":"purchasable","15":"product-type-simple"},"_links":{"self":[{"href":"https:\/\/momajavea.com\/en\/wp-json\/wp\/v2\/product\/892","targetHints":{"allow":["GET"]}}],"collection":[{"href":"https:\/\/momajavea.com\/en\/wp-json\/wp\/v2\/product"}],"about":[{"href":"https:\/\/momajavea.com\/en\/wp-json\/wp\/v2\/types\/product"}],"replies":[{"embeddable":true,"href":"https:\/\/momajavea.com\/en\/wp-json\/wp\/v2\/comments?post=892"}],"wp:featuredmedia":[{"embeddable":true,"href":"https:\/\/momajavea.com\/en\/wp-json\/wp\/v2\/media\/893"}],"wp:attachment":[{"href":"https:\/\/momajavea.com\/en\/wp-json\/wp\/v2\/media?parent=892"}],"wp:term":[{"taxonomy":"product_brand","embeddable":true,"href":"https:\/\/momajavea.com\/en\/wp-json\/wp\/v2\/product_brand?post=892"},{"taxonomy":"product_cat","embeddable":true,"href":"https:\/\/momajavea.com\/en\/wp-json\/wp\/v2\/product_cat?post=892"},{"taxonomy":"product_tag","embeddable":true,"href":"https:\/\/momajavea.com\/en\/wp-json\/wp\/v2\/product_tag?post=892"}],"curies":[{"name":"wp","href":"https:\/\/api.w.org\/{rel}","templated":true}]}}