{"id":890,"date":"2024-01-15T15:26:09","date_gmt":"2024-01-15T15:26:09","guid":{"rendered":"https:\/\/momajavea.testdcip.com\/?post_type=product&#038;p=890"},"modified":"2024-10-12T10:29:17","modified_gmt":"2024-10-12T10:29:17","slug":"huile-fondamentale-biologique-recherche","status":"publish","type":"product","link":"https:\/\/momajavea.com\/en\/producto\/huile-fondamentale-biologique-recherche\/","title":{"rendered":"Huile Fondamentale &#8211; Biologique Recherche"},"content":{"rendered":"<p>Descripci\u00f3n <\/p>\n<p>Recomendado para todos los Instantes de Piel, resulta especialmente eficaz en caso de sequedad y fuerte deshidrataci\u00f3n. Elimina la descamaci\u00f3n y calma la sensaci\u00f3n constante de picor y tirantez. Proporciona confort y alivio inmediato.<\/p>\n<p> Modo de uso <\/p>\n<p>1. Sobre el cuerpo, aplicar masajeando con movimientos circulares hasta la completa penetraci\u00f3n del producto.<br \/>\n2. Sobre el cabello, aplicar generosamente de medios a puntas deslizando los mechones entre los dedos. Dejar actuar durante 20 minutos o toda la noche, emulsionar con agua tibia. A continuaci\u00f3n, aplicar el champ\u00fa.<br \/>\n3. Este producto tambi\u00e9n es adecuado para la barba. Calentar unas gotas de aceite en las palmas de las manos. Aplicar masajeando la barba desde la parte inferior a la superior asegur\u00e1ndo la total penetraci\u00f3n del producto.<br \/>\n4. Por \u00faltimo, peinar la barba hacia abajo con los dedos o un peine.<br \/>\nPara obtener resultados \u00f3ptimos, es recomendable volver a aplicarlo por la noche antes de acostarse para conseguir una barba suave y fuerte.<\/p>\n<p> Composici\u00f3n <\/p>\n<ul>\n<li>\n<p>Aceite de Camelia japonesa (Tsubaki),<\/p>\n<\/li>\n<li>\n<p>Aceite de Sacha Inchi,<\/p>\n<\/li>\n<li>\n<p>Aceite de semillas de S\u00e1ndalo, Aceite de Algod\u00f3n,<\/p>\n<\/li>\n<li>\n<p>Aceite de Salvado de Arroz,<\/p>\n<\/li>\n<li>\n<p>Aceite de Macadamia<\/p>\n<\/li>\n<\/ul>\n","protected":false},"excerpt":{"rendered":"<p>Extraordinaria combinaci\u00f3n de aceites vegetales org\u00e1nicos. En sinergia, ejercen una potente acci\u00f3n antioxidante, reparadora y protectora.<\/p>\n<p>Aceite no graso&nbsp;y de r\u00e1pida absorci\u00f3n, nutre intensamente y&nbsp;revitaliza.<\/p>\n<p>Recomendado para todos los Instantes de Piel, resulta especialmente eficaz en caso de sequedad y fuerte deshidrataci\u00f3n. Elimina la descamaci\u00f3n y calma la sensaci\u00f3n constante de picor y tirantez. Proporciona confort y alivio inmediato.<\/p>\n","protected":false},"featured_media":891,"comment_status":"open","ping_status":"closed","template":"","meta":{"_joinchat":[]},"product_brand":[],"product_cat":[77,71,74],"product_tag":[],"class_list":{"0":"post-890","1":"product","2":"type-product","3":"status-publish","4":"has-post-thumbnail","6":"product_cat-biologique-recherche","7":"product_cat-corporal","8":"product_cat-hidratantes","10":"first","11":"outofstock","12":"shipping-taxable","13":"purchasable","14":"product-type-simple"},"_links":{"self":[{"href":"https:\/\/momajavea.com\/en\/wp-json\/wp\/v2\/product\/890","targetHints":{"allow":["GET"]}}],"collection":[{"href":"https:\/\/momajavea.com\/en\/wp-json\/wp\/v2\/product"}],"about":[{"href":"https:\/\/momajavea.com\/en\/wp-json\/wp\/v2\/types\/product"}],"replies":[{"embeddable":true,"href":"https:\/\/momajavea.com\/en\/wp-json\/wp\/v2\/comments?post=890"}],"wp:featuredmedia":[{"embeddable":true,"href":"https:\/\/momajavea.com\/en\/wp-json\/wp\/v2\/media\/891"}],"wp:attachment":[{"href":"https:\/\/momajavea.com\/en\/wp-json\/wp\/v2\/media?parent=890"}],"wp:term":[{"taxonomy":"product_brand","embeddable":true,"href":"https:\/\/momajavea.com\/en\/wp-json\/wp\/v2\/product_brand?post=890"},{"taxonomy":"product_cat","embeddable":true,"href":"https:\/\/momajavea.com\/en\/wp-json\/wp\/v2\/product_cat?post=890"},{"taxonomy":"product_tag","embeddable":true,"href":"https:\/\/momajavea.com\/en\/wp-json\/wp\/v2\/product_tag?post=890"}],"curies":[{"name":"wp","href":"https:\/\/api.w.org\/{rel}","templated":true}]}}