{"id":888,"date":"2024-01-15T15:26:08","date_gmt":"2024-01-15T15:26:08","guid":{"rendered":"https:\/\/momajavea.testdcip.com\/?post_type=product&#038;p=888"},"modified":"2025-02-19T10:03:20","modified_gmt":"2025-02-19T10:03:20","slug":"plan-detox-180the-concept","status":"publish","type":"product","link":"https:\/\/momajavea.com\/en\/producto\/plan-detox-180the-concept\/","title":{"rendered":"PLAN DETOX &#8211; 180the Concept"},"content":{"rendered":"<p>Descripci\u00f3n <\/p>\n<p>El plan Detox el primer paso hacia la&nbsp;belleza y el bienestar integral. El cuerpo elimina las impurezas que hacen que la piel este&nbsp;deshidratada,&nbsp;apagada,&nbsp;cansada&nbsp;y&nbsp;envejecida.<br \/>\n&nbsp;<\/p>\n<p> \u00bfC\u00f3mo funciona el proceso Detox? <\/p>\n<p>La Detoxificaci\u00f3n es un proceso que realiza nuestro cuerpo de forma natural. Este mecanismo se va ralentizando debido a la acumulaci\u00f3n excesiva de toxinas y metales pesados, que se almacenan en la capa hidrolip\u00eddica de la piel, en los \u00f3rganos y en las paredes de los intestinos. Esto provoca un proceso de inflamaci\u00f3n que combatimos con estas f\u00f3rmulas.<\/p>\n<p> Composici\u00f3n <\/p>\n<ul>\n<li>\n<p>F\u00d3RMULA e1 :Aceite de pescado 35% EPA y 25% DHA, Vitamina E.<\/p>\n<\/li>\n<li>\n<p>F\u00d3RMULA h4 Fibra de inulina. Frutooligosac\u00e1ridos. L-Glutamina. Gluconato de zinc. T\u00e9 verde. Retinol.<\/p>\n<\/li>\n<li>\n<p>F\u00d3RMULA h5: Megaflora 9 Evo. Bifidobacteriumlactis W51. Bifidobacteriumlactis W52. Enterococcus faecium W54. Lactobacillus acidophilus W22. Lactobacillus paracasei W20. Lactobacillus plantarum W1. Lactobacillus plantarum W21. Lactobacillus salivarius W24. Lactococcuslactis W19. Amilasa. Manganeso.Fructooligosacaridos. Inulina, Potasio, Prote\u00edna vegetal hidrolizada, Aloe vera.Vitamina C.Magnesio.<\/p>\n<\/li>\n<\/ul>\n","protected":false},"excerpt":{"rendered":"<p>Tr\u00edo de f\u00f3rmulas. Regulador, purificante y depurativo<\/p>\n","protected":false},"featured_media":889,"comment_status":"open","ping_status":"closed","template":"","meta":{"_joinchat":[]},"product_brand":[],"product_cat":[61],"product_tag":[],"class_list":{"0":"post-888","1":"product","2":"type-product","3":"status-publish","4":"has-post-thumbnail","6":"product_cat-nutricosmetica","8":"first","9":"instock","10":"shipping-taxable","11":"purchasable","12":"product-type-simple"},"_links":{"self":[{"href":"https:\/\/momajavea.com\/en\/wp-json\/wp\/v2\/product\/888","targetHints":{"allow":["GET"]}}],"collection":[{"href":"https:\/\/momajavea.com\/en\/wp-json\/wp\/v2\/product"}],"about":[{"href":"https:\/\/momajavea.com\/en\/wp-json\/wp\/v2\/types\/product"}],"replies":[{"embeddable":true,"href":"https:\/\/momajavea.com\/en\/wp-json\/wp\/v2\/comments?post=888"}],"wp:featuredmedia":[{"embeddable":true,"href":"https:\/\/momajavea.com\/en\/wp-json\/wp\/v2\/media\/889"}],"wp:attachment":[{"href":"https:\/\/momajavea.com\/en\/wp-json\/wp\/v2\/media?parent=888"}],"wp:term":[{"taxonomy":"product_brand","embeddable":true,"href":"https:\/\/momajavea.com\/en\/wp-json\/wp\/v2\/product_brand?post=888"},{"taxonomy":"product_cat","embeddable":true,"href":"https:\/\/momajavea.com\/en\/wp-json\/wp\/v2\/product_cat?post=888"},{"taxonomy":"product_tag","embeddable":true,"href":"https:\/\/momajavea.com\/en\/wp-json\/wp\/v2\/product_tag?post=888"}],"curies":[{"name":"wp","href":"https:\/\/api.w.org\/{rel}","templated":true}]}}