{"id":886,"date":"2024-01-15T15:26:07","date_gmt":"2024-01-15T15:26:07","guid":{"rendered":"https:\/\/momajavea.testdcip.com\/?post_type=product&#038;p=886"},"modified":"2025-02-19T10:04:02","modified_gmt":"2025-02-19T10:04:02","slug":"colageno-rv6-180theconcept","status":"publish","type":"product","link":"https:\/\/momajavea.com\/en\/producto\/colageno-rv6-180theconcept\/","title":{"rendered":"Col\u00e1geno- Rv6 180TheConcept"},"content":{"rendered":"<p>Descripci\u00f3n <\/p>\n<p>La f\u00f3rmula Rv6 es el antiaging por excelencia, debido a la fuerte regeneraci\u00f3n que ejerce sobre las fibras de col\u00e1geno de los tejidos, la piel y cart\u00edlagos. Su alta concentraci\u00f3n de col\u00e1geno y \u00e1cido hialur\u00f3nico, aportan turgencia e hidrataci\u00f3n a la piel, y es que, el \u00e1cido hialur\u00f3nico es un componente completamente natural que tiene como funci\u00f3n preservar los niveles de agua de nuestra piel. Adem\u00e1s, reduce las arrugas de la cara, engrosa la piel y suaviza las l\u00edneas de expresi\u00f3n.<\/p>\n<p>Por otro lado, el \u00e1cido hialur\u00f3nico mejora el sistema inmune y linf\u00e1tico, favoreciendo una mayor&nbsp;eliminaci\u00f3n de las toxinas. La f\u00f3rmula Rv6 act\u00faa como un potente antioxidante y tiene como secreto&nbsp;mejor guardado mejorar la elasticidad de la piel, dando como resultado una piel radiante.<\/p>\n<p>Este complemento alimenticio aporta los nutrientes necesarios para regenerar la piel de todo el cuerpo&nbsp;y, gracias a su gran poder de hidrataci\u00f3n, evita las descamaciones. Por otro lado, reduce el exceso&nbsp;de grasa en el abdomen, disminuye la celulitis y aporta firmeza en senos y gl\u00fateos.<\/p>\n<p> Composici\u00f3n <\/p>\n<ul>\n<li>Col\u00e1geno,<\/li>\n<li>\u00c1cido Hialur\u00f3nico<\/li>\n<li>\u00c1cido asc\u00f3rbico<\/li>\n<\/ul>\n<p>Envoltura: gelatina.<\/p>\n<p>Sin lactosa \/ Sin gluten<\/p>\n<p>&nbsp;<\/p>\n","protected":false},"excerpt":{"rendered":"<ul>\n<li>Antienvejecimiento<\/li>\n<li>Redensifica la piel, aporta hidrataci\u00f3n y evita las descamaciones<\/li>\n<li>Suaviza las l\u00edneas de expresi\u00f3n, arrugas y flacidez general<\/li>\n<li>Disminuye la celulitis y piel de naranja<\/li>\n<li>Firmeza en senos y gl\u00fateos<\/li>\n<\/ul>\n","protected":false},"featured_media":887,"comment_status":"open","ping_status":"closed","template":"","meta":{"_joinchat":[]},"product_brand":[],"product_cat":[61],"product_tag":[],"class_list":{"0":"post-886","1":"product","2":"type-product","3":"status-publish","4":"has-post-thumbnail","6":"product_cat-nutricosmetica","8":"first","9":"instock","10":"shipping-taxable","11":"purchasable","12":"product-type-simple"},"_links":{"self":[{"href":"https:\/\/momajavea.com\/en\/wp-json\/wp\/v2\/product\/886","targetHints":{"allow":["GET"]}}],"collection":[{"href":"https:\/\/momajavea.com\/en\/wp-json\/wp\/v2\/product"}],"about":[{"href":"https:\/\/momajavea.com\/en\/wp-json\/wp\/v2\/types\/product"}],"replies":[{"embeddable":true,"href":"https:\/\/momajavea.com\/en\/wp-json\/wp\/v2\/comments?post=886"}],"wp:featuredmedia":[{"embeddable":true,"href":"https:\/\/momajavea.com\/en\/wp-json\/wp\/v2\/media\/887"}],"wp:attachment":[{"href":"https:\/\/momajavea.com\/en\/wp-json\/wp\/v2\/media?parent=886"}],"wp:term":[{"taxonomy":"product_brand","embeddable":true,"href":"https:\/\/momajavea.com\/en\/wp-json\/wp\/v2\/product_brand?post=886"},{"taxonomy":"product_cat","embeddable":true,"href":"https:\/\/momajavea.com\/en\/wp-json\/wp\/v2\/product_cat?post=886"},{"taxonomy":"product_tag","embeddable":true,"href":"https:\/\/momajavea.com\/en\/wp-json\/wp\/v2\/product_tag?post=886"}],"curies":[{"name":"wp","href":"https:\/\/api.w.org\/{rel}","templated":true}]}}