{"id":884,"date":"2024-01-15T15:26:07","date_gmt":"2024-01-15T15:26:07","guid":{"rendered":"https:\/\/momajavea.testdcip.com\/?post_type=product&#038;p=884"},"modified":"2025-02-19T10:03:43","modified_gmt":"2025-02-19T10:03:43","slug":"plan-antiaging-fase-i-180the-concept","status":"publish","type":"product","link":"https:\/\/momajavea.com\/en\/producto\/plan-antiaging-fase-i-180the-concept\/","title":{"rendered":"PLAN ANTIAGING FASE I- 180the Concept"},"content":{"rendered":"<p>Descripci\u00f3n <\/p>\n<p>A partir de los&nbsp;<strong>30 a\u00f1os<\/strong>&nbsp;son visibles los primeros signos de la edad. La piel se&nbsp;<strong>seca<\/strong>&nbsp;y&nbsp;<strong>deshidrata<\/strong>, aparecen las&nbsp;<strong>primeras arrugas<\/strong>&nbsp;y&nbsp;<strong>descolgamiento<\/strong>. Hay una menor s\u00edntesis de col\u00e1geno y \u00e1cido hialur\u00f3nico que reduce la densidad del tejido cut\u00e1neo. Este plan puede concebirse como un tratamiento individual o como complemento del Plan Antiaging Fase II para un efecto m\u00e1s profundo. Su uso proporciona&nbsp;<strong>firmeza, elasticidad, hidrataci\u00f3n, luminosidad y disminuci\u00f3n de las peque\u00f1as arrugas<\/strong>.<\/p>\n<p> Composici\u00f3n <\/p>\n<ul>\n<li>\n<p>F\u00d3RMULA e4 PureWay-C\u00ae&nbsp;(95% Vitamina C y 5% Bioflavonoides c\u00edtricos) OvoDerm\u00ae&nbsp;(Membrana de c\u00e1scara de huevo, 90% Prote\u00ednas totales) Excipientes: estearato de magnesio. Envoltura: gelatina. Al\u00e9rgeno: huevo.<\/p>\n<\/li>\n<li>\n<p>F\u00d3RMULA rv4 Metilsulfonil metano. Hojas y tallos de Bambusavulgaris (85% Silicio). Zinc. Selenio. Calcio. Manganeso. Cobre. Hierro. Ioduro pot\u00e1sico. Selenio. Magnesio. Picolinato de cromo. \u00c1cido asc\u00f3rbico. Vitamina D, Tocoferol. Vitamina K1. Tiamina. Riboflavina. Nicotinamida. \u00c1cido pantot\u00e9nico. Piridoxina. Biotina. \u00c1cido f\u00f3lico. Cobalamina. Inositol. Colina Bitartrato.<\/p>\n<p>Envoltura: gelatina.<\/p>\n<p>Sin lactosa \/ Sin gluten.<\/p>\n<\/li>\n<li>\n<p>F\u00d3RMULA rv6 Col\u00e1geno. \u00c1cido hialur\u00f3nico. \u00c1cido asc\u00f3rbico.Sulfato de condroitina.<\/p>\n<p>Envoltura: gelatina.<\/p>\n<p>Sin lactosa \/ Sin gluten.<\/p>\n<\/li>\n<\/ul>\n","protected":false},"excerpt":{"rendered":"<ul>\n<li>Contribuye a la densidad y firmeza de los tejidos.<\/li>\n<li>Atenuaci\u00f3n de arrugas y l\u00edneas finas.<\/li>\n<li>Mejora la hidrataci\u00f3n y apariencia de piel seca.<\/li>\n<li>Efecto regenerador de tejidos<\/li>\n<\/ul>\n","protected":false},"featured_media":885,"comment_status":"open","ping_status":"closed","template":"","meta":{"_joinchat":[]},"product_brand":[],"product_cat":[61],"product_tag":[],"class_list":{"0":"post-884","1":"product","2":"type-product","3":"status-publish","4":"has-post-thumbnail","6":"product_cat-nutricosmetica","8":"first","9":"instock","10":"shipping-taxable","11":"purchasable","12":"product-type-simple"},"_links":{"self":[{"href":"https:\/\/momajavea.com\/en\/wp-json\/wp\/v2\/product\/884","targetHints":{"allow":["GET"]}}],"collection":[{"href":"https:\/\/momajavea.com\/en\/wp-json\/wp\/v2\/product"}],"about":[{"href":"https:\/\/momajavea.com\/en\/wp-json\/wp\/v2\/types\/product"}],"replies":[{"embeddable":true,"href":"https:\/\/momajavea.com\/en\/wp-json\/wp\/v2\/comments?post=884"}],"wp:featuredmedia":[{"embeddable":true,"href":"https:\/\/momajavea.com\/en\/wp-json\/wp\/v2\/media\/885"}],"wp:attachment":[{"href":"https:\/\/momajavea.com\/en\/wp-json\/wp\/v2\/media?parent=884"}],"wp:term":[{"taxonomy":"product_brand","embeddable":true,"href":"https:\/\/momajavea.com\/en\/wp-json\/wp\/v2\/product_brand?post=884"},{"taxonomy":"product_cat","embeddable":true,"href":"https:\/\/momajavea.com\/en\/wp-json\/wp\/v2\/product_cat?post=884"},{"taxonomy":"product_tag","embeddable":true,"href":"https:\/\/momajavea.com\/en\/wp-json\/wp\/v2\/product_tag?post=884"}],"curies":[{"name":"wp","href":"https:\/\/api.w.org\/{rel}","templated":true}]}}