{"id":882,"date":"2024-01-15T15:26:06","date_gmt":"2024-01-15T15:26:06","guid":{"rendered":"https:\/\/momajavea.testdcip.com\/?post_type=product&#038;p=882"},"modified":"2025-02-19T10:04:26","modified_gmt":"2025-02-19T10:04:26","slug":"plan-vientre-plano-180the-concept","status":"publish","type":"product","link":"https:\/\/momajavea.com\/en\/producto\/plan-vientre-plano-180the-concept\/","title":{"rendered":"PLAN VIENTRE PLANO &#8211; 180the Concept"},"content":{"rendered":"<p>Descripci\u00f3n <\/p>\n<p>El&nbsp;<strong>Plan Vientre Plano,&nbsp;<\/strong>compuesto por las f\u00f3rmulas&nbsp;<strong>e3<\/strong>+<strong>rv7<\/strong>+<strong>h2<\/strong>, ayuda a&nbsp;<strong>eliminar la inflamaci\u00f3n&nbsp;<\/strong>y&nbsp;<strong>reducir la grasa&nbsp;<\/strong>del vientre. La hinchaz\u00f3n de abdomen tiene un origen multifactorial: el aumento en los niveles de cortisol, relacionados con el aumento de la inflamaci\u00f3n y la grasa abdominal, ciertos alimentos, el proceso de masticaci\u00f3n o un desequilibrio en la microbiota.<\/p>\n<p>Este Plan es rico en prebi\u00f3ticos que regeneran la flora intestinal naturalmente, junto con una cuidada selecci\u00f3n de ingredientes que act\u00faan en conjunto para ayudar a eliminar la grasa acumulada y que el vientre se mantenga liso. Prepara a nuestro intestino para que pueda asimilar al 100% todos los nutrientes que le vamos a aportar.<\/p>\n<p> Composici\u00f3n <\/p>\n<ul>\n<li>\n<p>F\u00d3RMULA e3 Citrato de magnesio. Envoltura: gelatina. Sin lactosa \/ Sin gluten.<\/p>\n<\/li>\n<li>\n<p>F\u00d3RMULA rv7 L-carnitina. Camelliasinensis. Citrus aurantium. Bromela\u00edna (Ananassativus). Papa\u00edna (Carica papaya). L-Taurina. L-Glutamina. Picolinato de cromo. \u00c1cido urs\u00f3lico (Rosmarinusofficinalis L.). Alga Kelp (Ascophyllumnodosum). Agar Agar (AlgaesGelidiumsesquipedale). Nopal (Opuntia ficus-indica Mill.). L-tirosina. Ortosif\u00f3n (Orthosiphonstamineus).<\/p>\n<p>Envoltura: gelatina.<\/p>\n<p>Sin lactosa \/ Sin gluten.<\/p>\n<\/li>\n<li>\n<p>F\u00d3RMULA h2<\/p>\n<p>Lepidiummeyenii. L-arginina. \u00c1cido asc\u00f3rbico. Envoltura: gelatina.<\/p>\n<p>Sin lactosa \/ Sin gluten.<\/p>\n<\/li>\n<\/ul>\n","protected":false},"excerpt":{"rendered":"<ul>\n<li>Reducci\u00f3n de la hinchaz\u00f3n.<\/li>\n<li>Mejora de los procesos digestivos.<\/li>\n<li>Mejora del estado de salud del intestino.<\/li>\n<li>Vientre liso.<\/li>\n<li>Mayor capacidad de asimilaci\u00f3n de nutrientes<\/li>\n<\/ul>\n","protected":false},"featured_media":883,"comment_status":"open","ping_status":"closed","template":"","meta":{"_joinchat":[]},"product_brand":[],"product_cat":[61],"product_tag":[],"class_list":{"0":"post-882","1":"product","2":"type-product","3":"status-publish","4":"has-post-thumbnail","6":"product_cat-nutricosmetica","8":"first","9":"instock","10":"shipping-taxable","11":"purchasable","12":"product-type-simple"},"_links":{"self":[{"href":"https:\/\/momajavea.com\/en\/wp-json\/wp\/v2\/product\/882","targetHints":{"allow":["GET"]}}],"collection":[{"href":"https:\/\/momajavea.com\/en\/wp-json\/wp\/v2\/product"}],"about":[{"href":"https:\/\/momajavea.com\/en\/wp-json\/wp\/v2\/types\/product"}],"replies":[{"embeddable":true,"href":"https:\/\/momajavea.com\/en\/wp-json\/wp\/v2\/comments?post=882"}],"wp:featuredmedia":[{"embeddable":true,"href":"https:\/\/momajavea.com\/en\/wp-json\/wp\/v2\/media\/883"}],"wp:attachment":[{"href":"https:\/\/momajavea.com\/en\/wp-json\/wp\/v2\/media?parent=882"}],"wp:term":[{"taxonomy":"product_brand","embeddable":true,"href":"https:\/\/momajavea.com\/en\/wp-json\/wp\/v2\/product_brand?post=882"},{"taxonomy":"product_cat","embeddable":true,"href":"https:\/\/momajavea.com\/en\/wp-json\/wp\/v2\/product_cat?post=882"},{"taxonomy":"product_tag","embeddable":true,"href":"https:\/\/momajavea.com\/en\/wp-json\/wp\/v2\/product_tag?post=882"}],"curies":[{"name":"wp","href":"https:\/\/api.w.org\/{rel}","templated":true}]}}