{"id":880,"date":"2024-01-15T15:26:05","date_gmt":"2024-01-15T15:26:05","guid":{"rendered":"https:\/\/momajavea.testdcip.com\/?post_type=product&#038;p=880"},"modified":"2024-08-19T08:39:17","modified_gmt":"2024-08-19T08:39:17","slug":"adaptasun-crema-facial-sol-moderado-50ml-institut-esthederm","status":"publish","type":"product","link":"https:\/\/momajavea.com\/en\/producto\/adaptasun-crema-facial-sol-moderado-50ml-institut-esthederm\/","title":{"rendered":"Adaptasun Crema Facial Sol Moderado 50ml &#8211; INSTITUT ESTHEDERM"},"content":{"rendered":"<p>Modo de uso <\/p>\n<p>Aplicar en rostro, cuello y escote 20 minutos antes de la exposici\u00f3n y, a continuaci\u00f3n, cada 2 horas y despu\u00e9s de cada ba\u00f1o.<\/p>\n<p> Descripci\u00f3n <\/p>\n<p>Garantiza una protecci\u00f3n UVA\/UVB contra el fotoenvejecimiento y las quemaduras solares.<\/p>\n<p>Activa y prolonga el bronceado gracias a la tecnolog\u00eda ADAPTASUN, que optimiza todas las etapas del proceso de pigmentaci\u00f3n, para un bronceado m\u00e1s r\u00e1pido, m\u00e1s sostenido y m\u00e1s prolongado.<\/p>\n<p>Previene el fotoenvejecimiento y refuerza las defensas naturales de la piel frente al sol, gracias a la tecnolog\u00eda GLOBAL CELLULAR PROTECTION, que neutraliza los radicales libres, protege el ADN celular y ayuda a combatir los factores de degradaci\u00f3n del col\u00e1geno.<\/p>\n<p>Optimiza la vitalidad celular y ayuda a preservar el capital de juventud,gracias a la patente AGUA CELULAR, que reproduce las cualidades del agua que contiene la piel por naturaleza.<\/p>\n","protected":false},"excerpt":{"rendered":"<p>Crema protectora facial indicada para proteger la piel del rostro&nbsp;de exposiciones altas al sol. Si quieres tener una piel bronceada , hidratada y luminosa este es tu complemento perfecto.<br \/>Indicada para todo tipo de pieles.<\/p>\n","protected":false},"featured_media":881,"comment_status":"open","ping_status":"closed","template":"","meta":{"_joinchat":[]},"product_brand":[],"product_cat":[76],"product_tag":[],"class_list":{"0":"post-880","1":"product","2":"type-product","3":"status-publish","4":"has-post-thumbnail","6":"product_cat-solares-esthederm","8":"first","9":"instock","10":"shipping-taxable","11":"purchasable","12":"product-type-simple"},"_links":{"self":[{"href":"https:\/\/momajavea.com\/en\/wp-json\/wp\/v2\/product\/880","targetHints":{"allow":["GET"]}}],"collection":[{"href":"https:\/\/momajavea.com\/en\/wp-json\/wp\/v2\/product"}],"about":[{"href":"https:\/\/momajavea.com\/en\/wp-json\/wp\/v2\/types\/product"}],"replies":[{"embeddable":true,"href":"https:\/\/momajavea.com\/en\/wp-json\/wp\/v2\/comments?post=880"}],"wp:featuredmedia":[{"embeddable":true,"href":"https:\/\/momajavea.com\/en\/wp-json\/wp\/v2\/media\/881"}],"wp:attachment":[{"href":"https:\/\/momajavea.com\/en\/wp-json\/wp\/v2\/media?parent=880"}],"wp:term":[{"taxonomy":"product_brand","embeddable":true,"href":"https:\/\/momajavea.com\/en\/wp-json\/wp\/v2\/product_brand?post=880"},{"taxonomy":"product_cat","embeddable":true,"href":"https:\/\/momajavea.com\/en\/wp-json\/wp\/v2\/product_cat?post=880"},{"taxonomy":"product_tag","embeddable":true,"href":"https:\/\/momajavea.com\/en\/wp-json\/wp\/v2\/product_tag?post=880"}],"curies":[{"name":"wp","href":"https:\/\/api.w.org\/{rel}","templated":true}]}}