{"id":876,"date":"2024-01-15T15:26:02","date_gmt":"2024-01-15T15:26:02","guid":{"rendered":"https:\/\/momajavea.testdcip.com\/?post_type=product&#038;p=876"},"modified":"2024-08-19T08:39:41","modified_gmt":"2024-08-19T08:39:41","slug":"into-repair-50ml-institut-esthederm","status":"publish","type":"product","link":"https:\/\/momajavea.com\/en\/producto\/into-repair-50ml-institut-esthederm\/","title":{"rendered":"Into Repair 50ml &#8211; INSTITUT ESTHEDERM"},"content":{"rendered":"<p>Descripci\u00f3n <\/p>\n<p><strong>Into Repair Institut Esthederm<\/strong>&nbsp;es una&nbsp;<strong>crema solar antiarrugas<\/strong>&nbsp;destinada a las&nbsp;<strong>pieles intolerantes y con reacciones cut\u00e1neas a causa del sol<\/strong>. Con esta crema solar para intolerancias solares lo que conseguimos es tratar la fragilidad de la piel y protegerla. Esta&nbsp;<strong>crema de alta protecci\u00f3n solar antiarrugas<\/strong>&nbsp;va reforzada con unos activos calmantes que permiten la adaptaci\u00f3n progresiva al sol de aquellas pieles m\u00e1s reactivas o intolerantes. Adem\u00e1s combate el fotoenvejecimiento y las manchas solares. Tiene una textura ligera y confortable que es resistente al agua.<\/p>\n<p> Modo de uso <\/p>\n<ol>\n<li>Antes de la exposici\u00f3n solar, 2 semanas antes, para preparar bien la piel y readaptarla al sol, aplica la crema facial solar&nbsp;<strong>Into Repair Institut Esthederm<\/strong>&nbsp;por el rostro, cuello y escote, 1 vez al d\u00eda.&nbsp;<\/li>\n<li>Durante la exposici\u00f3n solar, se debe aplicar 20 minutos antes de esta, siendo la renovaci\u00f3n necesaria despu\u00e9s de cada ba\u00f1o.<\/li>\n<li>Por la noche, en caso de quemadura y para calmar r\u00e1pidamente la irritaci\u00f3n, tambi\u00e9n puedes aplicar Into Repair, ya que tiene propiedades calmantes y antiinflamatorias.<\/li>\n<\/ol>\n<p> Indicado para: <\/p>\n<ul>\n<li>Pieles intolerantes al sol que tengan reacciones cut\u00e1neas. Pieles hiperreactivas.<\/li>\n<li>Pieles Fototipo I (pieles blancas, claras y pelirojas) que se queman y no se broncean. Dificultad al broncearse.<\/li>\n<li>Pieles fr\u00e1giles, embarazadas.<\/li>\n<li>Personas con tratamientos farmacol\u00f3gicos con riesgo de fotosensibilizaci\u00f3n (antibi\u00f3ticos, quimioter\u00e1pia, etc..).<\/li>\n<li>Personas con alergias al sol (fotodermatosis).<\/li>\n<\/ul>\n","protected":false},"excerpt":{"rendered":"<p><strong>CREMA SOLAR ANTIARRUGAS PARA INTOLERANCIAS CUT\u00c1NEAS<\/strong><\/p>\n","protected":false},"featured_media":877,"comment_status":"open","ping_status":"closed","template":"","meta":{"_joinchat":[]},"product_brand":[],"product_cat":[76],"product_tag":[],"class_list":{"0":"post-876","1":"product","2":"type-product","3":"status-publish","4":"has-post-thumbnail","6":"product_cat-solares-esthederm","8":"first","9":"instock","10":"shipping-taxable","11":"purchasable","12":"product-type-simple"},"_links":{"self":[{"href":"https:\/\/momajavea.com\/en\/wp-json\/wp\/v2\/product\/876","targetHints":{"allow":["GET"]}}],"collection":[{"href":"https:\/\/momajavea.com\/en\/wp-json\/wp\/v2\/product"}],"about":[{"href":"https:\/\/momajavea.com\/en\/wp-json\/wp\/v2\/types\/product"}],"replies":[{"embeddable":true,"href":"https:\/\/momajavea.com\/en\/wp-json\/wp\/v2\/comments?post=876"}],"wp:featuredmedia":[{"embeddable":true,"href":"https:\/\/momajavea.com\/en\/wp-json\/wp\/v2\/media\/877"}],"wp:attachment":[{"href":"https:\/\/momajavea.com\/en\/wp-json\/wp\/v2\/media?parent=876"}],"wp:term":[{"taxonomy":"product_brand","embeddable":true,"href":"https:\/\/momajavea.com\/en\/wp-json\/wp\/v2\/product_brand?post=876"},{"taxonomy":"product_cat","embeddable":true,"href":"https:\/\/momajavea.com\/en\/wp-json\/wp\/v2\/product_cat?post=876"},{"taxonomy":"product_tag","embeddable":true,"href":"https:\/\/momajavea.com\/en\/wp-json\/wp\/v2\/product_tag?post=876"}],"curies":[{"name":"wp","href":"https:\/\/api.w.org\/{rel}","templated":true}]}}