{"id":872,"date":"2024-01-15T15:26:00","date_gmt":"2024-01-15T15:26:00","guid":{"rendered":"https:\/\/momajavea.testdcip.com\/?post_type=product&#038;p=872"},"modified":"2024-08-19T08:40:26","modified_gmt":"2024-08-19T08:40:26","slug":"bronz-repair-crema-facial-50ml-institut-esthederm","status":"publish","type":"product","link":"https:\/\/momajavea.com\/en\/producto\/bronz-repair-crema-facial-50ml-institut-esthederm\/","title":{"rendered":"BRONZ REPAIR CREMA FACIAL 50ml &#8211; INSTITUT ESTHEDERM"},"content":{"rendered":"<p>Descripci\u00f3n <\/p>\n<p>La exposici\u00f3n diaria y prolongada a los rayos UV genera un exceso de radicales libres que aceleran el envejecimiento cut\u00e1neo. Soin protecteur anti-rides fermet\u00e9 BRONZ REPAIR Soleil mod\u00e9r\u00e9 favorece un bronceado luminoso, r\u00e1pido y duradero, al tiempo que preserva la calidad y la juventud de la piel. Para una mejor protecci\u00f3n de la piel bajo el sol, BRONZ REPAIR puede utilizarse como crema de d\u00eda desde los primeros rayos de sol y durante todo el verano.<\/p>\n<p> Modo de uso <\/p>\n<p>&nbsp;<\/p>\n<p>Aplicar abundantemente &nbsp;BRONZ REPAIR Soleil mod\u00e9r\u00e9 en el rostro, el cuello y el escote 20 minutos antes de la exposici\u00f3n solar. Volver a aplicar cada 2 horas y despu\u00e9s de cada ba\u00f1o.<br \/>\nPuede utilizarse como crema de d\u00eda desde los primeros rayos de sol y durante todo el verano.<\/p>\n<p> Indicado para: <\/p>\n<ul>\n<li>Pieles intolerantes al sol que tengan reacciones cut\u00e1neas. Pieles hiperreactivas.<\/li>\n<li>Pieles Fototipo I (pieles blancas, claras y pelirojas) que se queman y no se broncean. Dificultad al broncearse.<\/li>\n<li>Pieles fr\u00e1giles, embarazadas.<\/li>\n<li>Personas con tratamientos farmacol\u00f3gicos con riesgo de fotosensibilizaci\u00f3n (antibi\u00f3ticos, quimioter\u00e1pia, etc..).<\/li>\n<li>Personas con alergias al sol (fotodermatosis).<\/li>\n<\/ul>\n","protected":false},"excerpt":{"rendered":"<p><strong>Crema de protecci\u00f3n solar antiarrugas que te permite disfrutar del sol, con total protecci\u00f3n,<\/strong><\/p>\n","protected":false},"featured_media":873,"comment_status":"open","ping_status":"closed","template":"","meta":{"_joinchat":[]},"product_brand":[],"product_cat":[76],"product_tag":[],"class_list":{"0":"post-872","1":"product","2":"type-product","3":"status-publish","4":"has-post-thumbnail","6":"product_cat-solares-esthederm","8":"first","9":"instock","10":"shipping-taxable","11":"purchasable","12":"product-type-simple"},"_links":{"self":[{"href":"https:\/\/momajavea.com\/en\/wp-json\/wp\/v2\/product\/872","targetHints":{"allow":["GET"]}}],"collection":[{"href":"https:\/\/momajavea.com\/en\/wp-json\/wp\/v2\/product"}],"about":[{"href":"https:\/\/momajavea.com\/en\/wp-json\/wp\/v2\/types\/product"}],"replies":[{"embeddable":true,"href":"https:\/\/momajavea.com\/en\/wp-json\/wp\/v2\/comments?post=872"}],"wp:featuredmedia":[{"embeddable":true,"href":"https:\/\/momajavea.com\/en\/wp-json\/wp\/v2\/media\/873"}],"wp:attachment":[{"href":"https:\/\/momajavea.com\/en\/wp-json\/wp\/v2\/media?parent=872"}],"wp:term":[{"taxonomy":"product_brand","embeddable":true,"href":"https:\/\/momajavea.com\/en\/wp-json\/wp\/v2\/product_brand?post=872"},{"taxonomy":"product_cat","embeddable":true,"href":"https:\/\/momajavea.com\/en\/wp-json\/wp\/v2\/product_cat?post=872"},{"taxonomy":"product_tag","embeddable":true,"href":"https:\/\/momajavea.com\/en\/wp-json\/wp\/v2\/product_tag?post=872"}],"curies":[{"name":"wp","href":"https:\/\/api.w.org\/{rel}","templated":true}]}}